{"id":7418,"date":"2026-03-17T13:43:19","date_gmt":"2026-03-17T13:43:19","guid":{"rendered":"https:\/\/fkv.it\/strumentazionedalaboratorio\/?page_id=7418"},"modified":"2026-03-17T13:43:19","modified_gmt":"2026-03-17T13:43:19","slug":"mtps-method","status":"publish","type":"page","link":"https:\/\/fkv.it\/strumentazionedalaboratorio\/glossario\/mtps-method\/","title":{"rendered":"MTPS Method"},"content":{"rendered":"<p>Il <strong>Modified Transient Plane Source (MTPS)<\/strong> \u00e8 un metodo transiente per la <strong>misura della conducibilit\u00e0 termica (W\/mK)<\/strong> di un\u2019ampia gamma di materiali, utilizzato in ambito industriale e R&amp;D per ottenere risultati rapidi, accurati e ripetibili.<\/p>\n<p>\u00c8 particolarmente indicato per la caratterizzazione di:<\/p>\n<ul>\n<li>Materiali solidi<\/li>\n<li>Paste e grassi termoconduttivi<\/li>\n<li>Liquidi e polveri<\/li>\n<li>Materiali comprimibili<\/li>\n<li>Thermal Interface Materials (TIM)<\/li>\n<\/ul>\n<p><strong>Come funziona il metodo MTPS?<\/strong><\/p>\n<p>Il MTPS utilizza un sensore a contatto singolo che applica un impulso termico controllato al campione. Analizzando la risposta termica nel tempo, il sistema calcola la conducibilit\u00e0 del materiale tramite un modello matematico dedicato.<\/p>\n<p>Questa configurazione riduce la preparazione del campione e limita gli errori legati al posizionamento o alla pressione non controllata.<\/p>\n<p><strong>Vantaggi del MTPS<\/strong><\/p>\n<p>\u2714 Misura rapida (pochi secondi)<br \/>\n\u2714 Preparazione minima del campione<br \/>\n\u2714 Elevata ripetibilit\u00e0<br \/>\n\u2714 Ampio range di temperatura (tipicamente -50 \u00b0C \/ 200 \u00b0C)<br \/>\n\u2714 Adatto a materiali eterogenei e caricati con filler<\/p>\n<p>Il metodo \u00e8 particolarmente utile per materiali morbidi o comprimibili, dove la gestione della forza applicata \u00e8 fondamentale per ottenere dati rappresentativi delle reali condizioni di utilizzo.<\/p>\n<p><strong>Strumentazione basata su MTPS<\/strong><\/p>\n<p>La tecnologia MTPS \u00e8 integrata nella <a href=\"https:\/\/fkv.it\/rappresentate\/c-therm\/conducibilit%C3%A0-termica\/trident\" target=\"_blank\" rel=\"noopener noreferrer\">Trident Thermal Conductivity Platform<\/a> di C-Therm Technologies Ltd., piattaforma modulare per la caratterizzazione della conducibilit\u00e0 termica di materiali innovativi, polimeri caricati e TIM.<\/p>\n<p>In sintesi, il <strong>Modified Transient Plane Source<\/strong> \u00e8 una soluzione avanzata per chi necessita di misure di conducibilit\u00e0 termica rapide, affidabili e applicabili a diverse tipologie di materiale, dal controllo qualit\u00e0 alla ricerca e sviluppo.<\/p>\n","protected":false},"excerpt":{"rendered":"<p>Il Modified Transient Plane Source (MTPS) \u00e8 un metodo transiente per la misura della conducibilit\u00e0 termica (W\/mK) di un\u2019ampia gamma di materiali, utilizzato in ambito industriale e R&amp;D per ottenere risultati rapidi, accurati e ripetibili. \u00c8 particolarmente indicato per la caratterizzazione di: Materiali solidi Paste&#8230;<\/p>\n","protected":false},"author":6,"featured_media":0,"parent":1042,"menu_order":0,"comment_status":"closed","ping_status":"closed","template":"page-glossario-figlie.php","meta":[],"yoast_head":"<!-- This site is optimized with the Yoast SEO plugin v15.0 - https:\/\/yoast.com\/wordpress\/plugins\/seo\/ -->\n<title>MTPS Method - FKV<\/title>\n<meta name=\"description\" content=\"Il Modified Transient Plane Source (MTPS) \u00e8 un metodo per misurare la conducibilit\u00e0 termica (W\/mK) dei materiali in ambito industriale e R&amp;D.\" \/>\n<meta name=\"robots\" content=\"index, follow, max-snippet:-1, max-image-preview:large, max-video-preview:-1\" \/>\n<link rel=\"canonical\" href=\"https:\/\/fkv.it\/strumentazionedalaboratorio\/glossario\/mtps-method\/\" \/>\n<meta property=\"og:locale\" content=\"it_IT\" \/>\n<meta property=\"og:type\" content=\"article\" \/>\n<meta property=\"og:title\" content=\"MTPS Method - FKV\" \/>\n<meta property=\"og:description\" content=\"Il Modified Transient Plane Source (MTPS) \u00e8 un metodo per misurare la conducibilit\u00e0 termica (W\/mK) dei materiali in ambito industriale e R&amp;D.\" \/>\n<meta property=\"og:url\" content=\"https:\/\/fkv.it\/strumentazionedalaboratorio\/glossario\/mtps-method\/\" \/>\n<meta property=\"og:site_name\" content=\"FKV\" \/>\n<meta property=\"article:publisher\" content=\"https:\/\/www.facebook.com\/pages\/FKV-SRL\/193967133985052\" \/>\n<meta name=\"twitter:card\" content=\"summary_large_image\" \/>\n<script type=\"application\/ld+json\" class=\"yoast-schema-graph\">{\"@context\":\"https:\/\/schema.org\",\"@graph\":[{\"@type\":\"Organization\",\"@id\":\"https:\/\/fkv.it\/strumentazionedalaboratorio\/#organization\",\"name\":\"FKV - Strumenti per Laboratorio\",\"url\":\"https:\/\/fkv.it\/strumentazionedalaboratorio\/\",\"sameAs\":[\"https:\/\/www.facebook.com\/pages\/FKV-SRL\/193967133985052\",\"https:\/\/www.linkedin.com\/company\/fkv-srl\"],\"logo\":{\"@type\":\"ImageObject\",\"@id\":\"https:\/\/fkv.it\/strumentazionedalaboratorio\/#logo\",\"inLanguage\":\"it-IT\",\"url\":\"https:\/\/fkv.it\/strumentazionedalaboratorio\/wp-content\/uploads\/2019\/09\/logo_FKV.png\",\"width\":150,\"height\":86,\"caption\":\"FKV - Strumenti per Laboratorio\"},\"image\":{\"@id\":\"https:\/\/fkv.it\/strumentazionedalaboratorio\/#logo\"}},{\"@type\":\"WebSite\",\"@id\":\"https:\/\/fkv.it\/strumentazionedalaboratorio\/#website\",\"url\":\"https:\/\/fkv.it\/strumentazionedalaboratorio\/\",\"name\":\"FKV\",\"description\":\"\",\"publisher\":{\"@id\":\"https:\/\/fkv.it\/strumentazionedalaboratorio\/#organization\"},\"potentialAction\":[{\"@type\":\"SearchAction\",\"target\":\"https:\/\/fkv.it\/strumentazionedalaboratorio\/?s={search_term_string}\",\"query-input\":\"required name=search_term_string\"}],\"inLanguage\":\"it-IT\"},{\"@type\":\"WebPage\",\"@id\":\"https:\/\/fkv.it\/strumentazionedalaboratorio\/glossario\/mtps-method\/#webpage\",\"url\":\"https:\/\/fkv.it\/strumentazionedalaboratorio\/glossario\/mtps-method\/\",\"name\":\"MTPS Method - FKV\",\"isPartOf\":{\"@id\":\"https:\/\/fkv.it\/strumentazionedalaboratorio\/#website\"},\"datePublished\":\"2026-03-17T13:43:19+00:00\",\"dateModified\":\"2026-03-17T13:43:19+00:00\",\"description\":\"Il Modified Transient Plane Source (MTPS) \\u00e8 un metodo per misurare la conducibilit\\u00e0 termica (W\/mK) dei materiali in ambito industriale e R&D.\",\"inLanguage\":\"it-IT\",\"potentialAction\":[{\"@type\":\"ReadAction\",\"target\":[\"https:\/\/fkv.it\/strumentazionedalaboratorio\/glossario\/mtps-method\/\"]}]}]}<\/script>\n<!-- \/ Yoast SEO plugin. -->","_links":{"self":[{"href":"https:\/\/fkv.it\/strumentazionedalaboratorio\/wp-json\/wp\/v2\/pages\/7418"}],"collection":[{"href":"https:\/\/fkv.it\/strumentazionedalaboratorio\/wp-json\/wp\/v2\/pages"}],"about":[{"href":"https:\/\/fkv.it\/strumentazionedalaboratorio\/wp-json\/wp\/v2\/types\/page"}],"author":[{"embeddable":true,"href":"https:\/\/fkv.it\/strumentazionedalaboratorio\/wp-json\/wp\/v2\/users\/6"}],"replies":[{"embeddable":true,"href":"https:\/\/fkv.it\/strumentazionedalaboratorio\/wp-json\/wp\/v2\/comments?post=7418"}],"version-history":[{"count":1,"href":"https:\/\/fkv.it\/strumentazionedalaboratorio\/wp-json\/wp\/v2\/pages\/7418\/revisions"}],"predecessor-version":[{"id":7419,"href":"https:\/\/fkv.it\/strumentazionedalaboratorio\/wp-json\/wp\/v2\/pages\/7418\/revisions\/7419"}],"up":[{"embeddable":true,"href":"https:\/\/fkv.it\/strumentazionedalaboratorio\/wp-json\/wp\/v2\/pages\/1042"}],"wp:attachment":[{"href":"https:\/\/fkv.it\/strumentazionedalaboratorio\/wp-json\/wp\/v2\/media?parent=7418"}],"curies":[{"name":"wp","href":"https:\/\/api.w.org\/{rel}","templated":true}]}}