{"id":7245,"date":"2025-11-28T08:45:33","date_gmt":"2025-11-28T08:45:33","guid":{"rendered":"https:\/\/fkv.it\/strumentazionedalaboratorio\/?page_id=7245"},"modified":"2025-12-02T07:49:39","modified_gmt":"2025-12-02T07:49:39","slug":"fibre-ndf-e-adf","status":"publish","type":"page","link":"https:\/\/fkv.it\/strumentazionedalaboratorio\/glossario\/fibre-ndf-e-adf\/","title":{"rendered":"Fibre NDF e ADF"},"content":{"rendered":"<p>Le fibre <strong>NDF (Neutral Detergent Fiber)<\/strong> e <strong>ADF (Acid Detergent Fiber)<\/strong> sono parametri analitici fondamentali nella caratterizzazione dei materiali vegetali, in particolare nel settore agroalimentare e zootecnico.<\/p>\n<p>Questi parametri vengono utilizzati per valutare la frazione fibrosa delle matrici, fornendo informazioni essenziali sulla digeribilit\u00e0, sulla qualit\u00e0 nutrizionale e sulle propriet\u00e0 tecnologiche delle materie prime di origine vegetale.<\/p>\n<p>L\u2019<strong>NDF<\/strong> rappresenta la <strong>fibra insolubile in detergente neutro<\/strong> ed \u00e8 costituita principalmente da cellulosa, emicellulosa e lignina. Tale parametro indica la porzione strutturale pi\u00f9 resistente della pianta ed \u00e8 strettamente correlato alla capacit\u00e0 di ingestione degli alimenti fibrosi negli animali.<\/p>\n<p>L\u2019<strong>ADF,<\/strong> invece, misura la <strong>fibra insolubile in detergente acido<\/strong>, composta da cellulosa e lignina, con l&#8217;eliminazione di emicellulosa, proteine e grassi, e viene utilizzata come indicatore della frazione meno digeribile delle piante.<\/p>\n<p>Un valore ADF pi\u00f9 elevato \u00e8 generalmente associato a una minore disponibilit\u00e0 energetica.<\/p>\n<p>Il <strong>metodo Van Soest<\/strong>, noto anche come \u201canalisi delle fibre detergenti\u201d, \u00e8 uno dei principali sistemi per la\u00a0<strong>caratterizzazione delle fibre<\/strong> nelle materie prime di origine vegetale e permette di distinguere le diverse componenti della parete cellulare vegetale, tra cui cellulosa, emicellulosa e lignina, fornendo indicazioni sulla digeribilit\u00e0 delle matrici stesse.<\/p>\n<p>FKV supporta laboratori e aziende nella determinazione di NDF e ADF attraverso tecnologie analitiche avanzate e affidabili come <strong><a href=\"https:\/\/fkv.it\/rappresentate\/opsis-liquidline\/analisi-di-fibre\/fiberroc\">FiberROC<\/a> <\/strong>di <strong><a href=\"https:\/\/fkv.it\/rappresentate\/opsis-liquidline\">OPSIS LiquidLine<\/a><\/strong> , indispensabili per ottenere dati accurati e ottimizzare il controllo qualit\u00e0 nel settore alimentare, zootecnico e ambientale.<\/p>\n","protected":false},"excerpt":{"rendered":"<p>Le fibre NDF (Neutral Detergent Fiber) e ADF (Acid Detergent Fiber) sono parametri analitici fondamentali nella caratterizzazione dei materiali vegetali, in particolare nel settore agroalimentare e zootecnico. Questi parametri vengono utilizzati per valutare la frazione fibrosa delle matrici, fornendo informazioni essenziali sulla digeribilit\u00e0, sulla qualit\u00e0&#8230;<\/p>\n","protected":false},"author":6,"featured_media":0,"parent":1042,"menu_order":0,"comment_status":"closed","ping_status":"closed","template":"page-glossario-figlie.php","meta":[],"yoast_head":"<!-- This site is optimized with the Yoast SEO plugin v15.0 - https:\/\/yoast.com\/wordpress\/plugins\/seo\/ -->\n<title>Fibre NDF e ADF - FKV<\/title>\n<meta name=\"description\" content=\"Le fibre NDF e ADF sono parametri fondamentali nella caratterizzazione dei materiali vegetali. Nei settori agroalimentare e zootecnico forniscono informazioni essenziali sulla digeribilit\u00e0.\" \/>\n<meta name=\"robots\" content=\"index, follow, max-snippet:-1, max-image-preview:large, max-video-preview:-1\" \/>\n<link rel=\"canonical\" href=\"https:\/\/fkv.it\/strumentazionedalaboratorio\/glossario\/fibre-ndf-e-adf\/\" \/>\n<meta property=\"og:locale\" content=\"it_IT\" \/>\n<meta property=\"og:type\" content=\"article\" \/>\n<meta property=\"og:title\" content=\"Fibre NDF e ADF - FKV\" \/>\n<meta property=\"og:description\" content=\"Le fibre NDF e ADF sono parametri fondamentali nella caratterizzazione dei materiali vegetali. Nei settori agroalimentare e zootecnico forniscono informazioni essenziali sulla digeribilit\u00e0.\" \/>\n<meta property=\"og:url\" content=\"https:\/\/fkv.it\/strumentazionedalaboratorio\/glossario\/fibre-ndf-e-adf\/\" \/>\n<meta property=\"og:site_name\" content=\"FKV\" \/>\n<meta property=\"article:publisher\" content=\"https:\/\/www.facebook.com\/pages\/FKV-SRL\/193967133985052\" \/>\n<meta property=\"article:modified_time\" content=\"2025-12-02T07:49:39+00:00\" \/>\n<meta name=\"twitter:card\" content=\"summary_large_image\" \/>\n<script type=\"application\/ld+json\" class=\"yoast-schema-graph\">{\"@context\":\"https:\/\/schema.org\",\"@graph\":[{\"@type\":\"Organization\",\"@id\":\"https:\/\/fkv.it\/strumentazionedalaboratorio\/#organization\",\"name\":\"FKV - Strumenti per Laboratorio\",\"url\":\"https:\/\/fkv.it\/strumentazionedalaboratorio\/\",\"sameAs\":[\"https:\/\/www.facebook.com\/pages\/FKV-SRL\/193967133985052\",\"https:\/\/www.linkedin.com\/company\/fkv-srl\"],\"logo\":{\"@type\":\"ImageObject\",\"@id\":\"https:\/\/fkv.it\/strumentazionedalaboratorio\/#logo\",\"inLanguage\":\"it-IT\",\"url\":\"https:\/\/fkv.it\/strumentazionedalaboratorio\/wp-content\/uploads\/2019\/09\/logo_FKV.png\",\"width\":150,\"height\":86,\"caption\":\"FKV - Strumenti per Laboratorio\"},\"image\":{\"@id\":\"https:\/\/fkv.it\/strumentazionedalaboratorio\/#logo\"}},{\"@type\":\"WebSite\",\"@id\":\"https:\/\/fkv.it\/strumentazionedalaboratorio\/#website\",\"url\":\"https:\/\/fkv.it\/strumentazionedalaboratorio\/\",\"name\":\"FKV\",\"description\":\"\",\"publisher\":{\"@id\":\"https:\/\/fkv.it\/strumentazionedalaboratorio\/#organization\"},\"potentialAction\":[{\"@type\":\"SearchAction\",\"target\":\"https:\/\/fkv.it\/strumentazionedalaboratorio\/?s={search_term_string}\",\"query-input\":\"required name=search_term_string\"}],\"inLanguage\":\"it-IT\"},{\"@type\":\"WebPage\",\"@id\":\"https:\/\/fkv.it\/strumentazionedalaboratorio\/glossario\/fibre-ndf-e-adf\/#webpage\",\"url\":\"https:\/\/fkv.it\/strumentazionedalaboratorio\/glossario\/fibre-ndf-e-adf\/\",\"name\":\"Fibre NDF e ADF - FKV\",\"isPartOf\":{\"@id\":\"https:\/\/fkv.it\/strumentazionedalaboratorio\/#website\"},\"datePublished\":\"2025-11-28T08:45:33+00:00\",\"dateModified\":\"2025-12-02T07:49:39+00:00\",\"description\":\"Le fibre NDF e ADF sono parametri fondamentali nella caratterizzazione dei materiali vegetali. Nei settori agroalimentare e zootecnico forniscono informazioni essenziali sulla digeribilit\\u00e0.\",\"inLanguage\":\"it-IT\",\"potentialAction\":[{\"@type\":\"ReadAction\",\"target\":[\"https:\/\/fkv.it\/strumentazionedalaboratorio\/glossario\/fibre-ndf-e-adf\/\"]}]}]}<\/script>\n<!-- \/ Yoast SEO plugin. -->","_links":{"self":[{"href":"https:\/\/fkv.it\/strumentazionedalaboratorio\/wp-json\/wp\/v2\/pages\/7245"}],"collection":[{"href":"https:\/\/fkv.it\/strumentazionedalaboratorio\/wp-json\/wp\/v2\/pages"}],"about":[{"href":"https:\/\/fkv.it\/strumentazionedalaboratorio\/wp-json\/wp\/v2\/types\/page"}],"author":[{"embeddable":true,"href":"https:\/\/fkv.it\/strumentazionedalaboratorio\/wp-json\/wp\/v2\/users\/6"}],"replies":[{"embeddable":true,"href":"https:\/\/fkv.it\/strumentazionedalaboratorio\/wp-json\/wp\/v2\/comments?post=7245"}],"version-history":[{"count":3,"href":"https:\/\/fkv.it\/strumentazionedalaboratorio\/wp-json\/wp\/v2\/pages\/7245\/revisions"}],"predecessor-version":[{"id":7263,"href":"https:\/\/fkv.it\/strumentazionedalaboratorio\/wp-json\/wp\/v2\/pages\/7245\/revisions\/7263"}],"up":[{"embeddable":true,"href":"https:\/\/fkv.it\/strumentazionedalaboratorio\/wp-json\/wp\/v2\/pages\/1042"}],"wp:attachment":[{"href":"https:\/\/fkv.it\/strumentazionedalaboratorio\/wp-json\/wp\/v2\/media?parent=7245"}],"curies":[{"name":"wp","href":"https:\/\/api.w.org\/{rel}","templated":true}]}}