{"id":7055,"date":"2024-08-30T07:57:54","date_gmt":"2024-08-30T07:57:54","guid":{"rendered":"https:\/\/fkv.it\/strumentazionedalaboratorio\/?page_id=7055"},"modified":"2024-08-30T07:57:56","modified_gmt":"2024-08-30T07:57:56","slug":"peso-molecolare","status":"publish","type":"page","link":"https:\/\/fkv.it\/strumentazionedalaboratorio\/glossario\/peso-molecolare\/","title":{"rendered":"Peso Molecolare"},"content":{"rendered":"\n<p>Il peso molecola in ambito chimico \u00e8 la somma dei <strong>pesi atomici<\/strong> degli atomi che compongono una molecola. Il peso atomico \u00e8 la <strong>massa di un atomo rispetto all\u2019unit\u00e0 di massa atomica<\/strong> (1.66*10-27kg).<\/p>\n\n\n\n<p>Nella tavola periodica vengono indicati i pesi atomici dei singoli elementi. Una volta stabilit\u00e0 la formula di una molecola \u00e8 possibile calcolarne il peso molecolare sommando tutti i pesi atomici dei singoli elementi che la compongono.<\/p>\n\n\n\n<p>Il peso molecolare \u00e8 un parametro importante per l\u2019<strong>identificazione di una molecola e spesso la sua determinazione sperimentale permette di fare valutazioni sul tipo di materiale o composto di interesse<\/strong>. Spesso infatti vengono utilizzate tecniche analitiche per definire il peso molecolare di un determinato prodotto di una reazione per identificare la natura del composto realizzato. Questo approccio viene utilizzato in molti campi industriali come ad esempio nell\u2019industria dei polimeri. Infatti il peso molecolare gioca un ruolo fondamentale nel definire le propriet\u00e0 fisiche di un polimero, come resistenza meccanica, velocit\u00e0 di degradazione e solubilit\u00e0.<\/p>\n\n\n\n<p>FKV, grazie alla collaborazione con <strong><a href=\"https:\/\/fkv.it\/rappresentate\/magritek\">Magritek <\/a><\/strong>dispone di spettrometri <strong><a href=\"https:\/\/fkv.it\/prodotti\/analisi-chimiche\/analisi-nmr\">NMR <\/a><\/strong>da banco in grado di eseguire caratterizzazioni precise ed affidabili come la determinazione del peso molecolare dei polimeri.<\/p>\n","protected":false},"excerpt":{"rendered":"<p>Il peso molecola in ambito chimico \u00e8 la somma dei pesi atomici degli atomi che compongono una molecola. Il peso atomico \u00e8 la massa di un atomo rispetto all\u2019unit\u00e0 di massa atomica (1.66*10-27kg). Nella tavola periodica vengono indicati i pesi atomici dei singoli elementi. Una&#8230;<\/p>\n","protected":false},"author":3,"featured_media":0,"parent":1042,"menu_order":0,"comment_status":"closed","ping_status":"closed","template":"page-glossario-figlie.php","meta":[],"yoast_head":"<!-- This site is optimized with the Yoast SEO plugin v15.0 - https:\/\/yoast.com\/wordpress\/plugins\/seo\/ -->\n<title>Azoto Totale (TNb) - FKV<\/title>\n<meta name=\"description\" content=\"L&#039;azoto totale TNb rappresenta il contenuto totale di azoto di un campione sotto forma di ammonio, nitrito, nitrato e anche composti organici.\" \/>\n<meta name=\"robots\" content=\"index, follow, max-snippet:-1, max-image-preview:large, max-video-preview:-1\" \/>\n<link rel=\"canonical\" href=\"https:\/\/fkv.it\/strumentazionedalaboratorio\/glossario\/peso-molecolare\/\" \/>\n<meta property=\"og:locale\" content=\"it_IT\" \/>\n<meta property=\"og:type\" content=\"article\" \/>\n<meta property=\"og:title\" content=\"Azoto Totale (TNb) - FKV\" \/>\n<meta property=\"og:description\" content=\"L&#039;azoto totale TNb rappresenta il contenuto totale di azoto di un campione sotto forma di ammonio, nitrito, nitrato e anche composti organici.\" \/>\n<meta property=\"og:url\" content=\"https:\/\/fkv.it\/strumentazionedalaboratorio\/glossario\/peso-molecolare\/\" \/>\n<meta property=\"og:site_name\" content=\"FKV\" \/>\n<meta property=\"article:publisher\" content=\"https:\/\/www.facebook.com\/pages\/FKV-SRL\/193967133985052\" \/>\n<meta property=\"article:modified_time\" content=\"2024-08-30T07:57:56+00:00\" \/>\n<meta name=\"twitter:card\" content=\"summary_large_image\" \/>\n<script type=\"application\/ld+json\" class=\"yoast-schema-graph\">{\"@context\":\"https:\/\/schema.org\",\"@graph\":[{\"@type\":\"Organization\",\"@id\":\"https:\/\/fkv.it\/strumentazionedalaboratorio\/#organization\",\"name\":\"FKV - Strumenti per Laboratorio\",\"url\":\"https:\/\/fkv.it\/strumentazionedalaboratorio\/\",\"sameAs\":[\"https:\/\/www.facebook.com\/pages\/FKV-SRL\/193967133985052\",\"https:\/\/www.linkedin.com\/company\/fkv-srl\"],\"logo\":{\"@type\":\"ImageObject\",\"@id\":\"https:\/\/fkv.it\/strumentazionedalaboratorio\/#logo\",\"inLanguage\":\"it-IT\",\"url\":\"https:\/\/fkv.it\/strumentazionedalaboratorio\/wp-content\/uploads\/2019\/09\/logo_FKV.png\",\"width\":150,\"height\":86,\"caption\":\"FKV - Strumenti per Laboratorio\"},\"image\":{\"@id\":\"https:\/\/fkv.it\/strumentazionedalaboratorio\/#logo\"}},{\"@type\":\"WebSite\",\"@id\":\"https:\/\/fkv.it\/strumentazionedalaboratorio\/#website\",\"url\":\"https:\/\/fkv.it\/strumentazionedalaboratorio\/\",\"name\":\"FKV\",\"description\":\"\",\"publisher\":{\"@id\":\"https:\/\/fkv.it\/strumentazionedalaboratorio\/#organization\"},\"potentialAction\":[{\"@type\":\"SearchAction\",\"target\":\"https:\/\/fkv.it\/strumentazionedalaboratorio\/?s={search_term_string}\",\"query-input\":\"required name=search_term_string\"}],\"inLanguage\":\"it-IT\"},{\"@type\":\"WebPage\",\"@id\":\"https:\/\/fkv.it\/strumentazionedalaboratorio\/glossario\/peso-molecolare\/#webpage\",\"url\":\"https:\/\/fkv.it\/strumentazionedalaboratorio\/glossario\/peso-molecolare\/\",\"name\":\"Azoto Totale (TNb) - FKV\",\"isPartOf\":{\"@id\":\"https:\/\/fkv.it\/strumentazionedalaboratorio\/#website\"},\"datePublished\":\"2024-08-30T07:57:54+00:00\",\"dateModified\":\"2024-08-30T07:57:56+00:00\",\"description\":\"L'azoto totale TNb rappresenta il contenuto totale di azoto di un campione sotto forma di ammonio, nitrito, nitrato e anche composti organici.\",\"inLanguage\":\"it-IT\",\"potentialAction\":[{\"@type\":\"ReadAction\",\"target\":[\"https:\/\/fkv.it\/strumentazionedalaboratorio\/glossario\/peso-molecolare\/\"]}]}]}<\/script>\n<!-- \/ Yoast SEO plugin. -->","_links":{"self":[{"href":"https:\/\/fkv.it\/strumentazionedalaboratorio\/wp-json\/wp\/v2\/pages\/7055"}],"collection":[{"href":"https:\/\/fkv.it\/strumentazionedalaboratorio\/wp-json\/wp\/v2\/pages"}],"about":[{"href":"https:\/\/fkv.it\/strumentazionedalaboratorio\/wp-json\/wp\/v2\/types\/page"}],"author":[{"embeddable":true,"href":"https:\/\/fkv.it\/strumentazionedalaboratorio\/wp-json\/wp\/v2\/users\/3"}],"replies":[{"embeddable":true,"href":"https:\/\/fkv.it\/strumentazionedalaboratorio\/wp-json\/wp\/v2\/comments?post=7055"}],"version-history":[{"count":1,"href":"https:\/\/fkv.it\/strumentazionedalaboratorio\/wp-json\/wp\/v2\/pages\/7055\/revisions"}],"predecessor-version":[{"id":7056,"href":"https:\/\/fkv.it\/strumentazionedalaboratorio\/wp-json\/wp\/v2\/pages\/7055\/revisions\/7056"}],"up":[{"embeddable":true,"href":"https:\/\/fkv.it\/strumentazionedalaboratorio\/wp-json\/wp\/v2\/pages\/1042"}],"wp:attachment":[{"href":"https:\/\/fkv.it\/strumentazionedalaboratorio\/wp-json\/wp\/v2\/media?parent=7055"}],"curies":[{"name":"wp","href":"https:\/\/api.w.org\/{rel}","templated":true}]}}