{"id":6958,"date":"2024-07-02T12:14:58","date_gmt":"2024-07-02T12:14:58","guid":{"rendered":"https:\/\/fkv.it\/strumentazionedalaboratorio\/?page_id=6958"},"modified":"2024-07-16T14:12:29","modified_gmt":"2024-07-16T14:12:29","slug":"azoto-totale","status":"publish","type":"page","link":"https:\/\/fkv.it\/strumentazionedalaboratorio\/glossario\/azoto-totale\/","title":{"rendered":"Azoto totale (TN)"},"content":{"rendered":"\n<p>II nome azoto venne dato all&#8217;elemento, il cui simbolo \u00e8 N, che compone in gran parte la nostra atmosfera dal chimico francese Antonio Lavoisier. Egli fu il primo a scoprire le pi\u00f9 importanti propriet\u00e0 di questo elemento. Poich\u00e9 il chimico vide che l&#8217;azoto non bruciava, non manteneva la combustione, n\u00e9 permetteva la respirazione, lo chiam\u00f2 \u201cazote\u201d, che significa appunto \u201csenza vita\u201d. Deriva dal greco, in cui al termine \u201czotos\u201d (che viene da zoe, vivere) si associa la alfa privativa, da cui \u201ca-zoto\u201d, ovvero \u201cazoto\u201d. Sembra un paradosso: un elemento che \u00e8 molto importante in natura ed \u00e8 presente in tantissimi composti organici che assolvono a funzioni metaboliche fondamentali, come proteine, RNA e DNA, porta un nome che si riferisce alla morte.\u00a0Ai tempi non si conosceva l\u2019importanza di questo elemento nei metaboliti. Si sapeva, per\u00f2, che un\u2019atmosfera priva di ossigeno provocava la morte, da cui il termine \u201cazote\u201d che in italiano \u00e8 diventato \u201cazoto\u201d.<\/p>\n\n\n\n<p>Presente in forma libera nell&#8217;atmosfera, dove costituisce circa quattro quinti del volume totale, <strong>la molecola di azoto \u00e8 caratterizzata da un triplo legame tra due atomi di azoto<\/strong>, conferendole stabilit\u00e0 e inerzia chimica. <strong>\u00c8 un gas inodore e incolore<\/strong> e la sua massiccia presenza nell&#8217;atmosfera serve a mitigare l&#8217;azione comburente dell&#8217;ossigeno, facendo in modo che la combustione, per esempio di un pezzo di legno, sia lenta e non veloce e esplosiva.<\/p>\n\n\n\n<p>La variet\u00e0 di possibili composti azotati ha reso necessaria la definizione di un <strong>parametro somma<\/strong> che rappresenti l&#8217;azoto totale. A questo scopo Rinne e Seckert-Knopp nel 1997 hanno definito e standardizzato il cosiddetto <strong>TNb (azoto totale legato)<\/strong>.<\/p>\n\n\n\n<p>L&#8217;azoto totale TNb rappresenta il <strong>contenuto totale di azoto di un campione sotto forma di ammonio, nitrito, nitrato e anche composti organici<\/strong>, distinti a loro volta in<strong> TKN (azoto Kjeldahl), <\/strong>utilizzato per la determinazione quantitativa dell&#8217;azoto organico\u00a0insieme all\u2019ammoniaca (NH<sub>3<\/sub>) e all\u2019ammonio (NH<sub>4<\/sub><sup>+<\/sup>),e <strong>TIN (azoto totale inorganico)<\/strong>, che comprende nitriti, nitrati e ammonio.<\/p>\n\n\n\n<p><strong>Per determinare l&#8217;azoto in campioni di diversa natura, esistono diversi approcci analitici.<\/strong> Ad esempio, il <a href=\"https:\/\/fkv.it\/strumentazionedalaboratorio\/glossario\/analisi-kjeldhal\/\">metodo Kjeldahl<\/a> prevede una fase di digestione seguita da distillazione e titolazione per determinare l&#8217;azoto organico e ammoniacale. Altri metodi, come la spettrofotometria e la cromatografia ionica, sono utilizzati per l&#8217;analisi dell&#8217;azoto inorganico, mentre la combustione totale del campione seguita da una determinazione tramite detector specifico \u00e8 impiegata per la determinazione dell&#8217;azoto totale.<\/p>\n\n\n\n<p>FKV offre una gamma completa di strumentazione per soddisfare la quasi totalit\u00e0 di queste esigenze analitiche, tra cui i <a href=\"https:\/\/fkv.it\/prodotti\/analisi-chimiche\/analisi-azoto-kjeldahl\">sistemi per la determinazione dell\u2019Azoto Kjeldahl<\/a> di <a href=\"https:\/\/fkv.it\/rappresentate\/opsis-liquidline\">OPSIS LiquidLINE<\/a> , gli <a href=\"https:\/\/fkv.it\/prodotti\/analisi-chimiche\/analisi-uv-vis\">spettrofotometri UV-Vis<\/a> e gli <a href=\"https:\/\/fkv.it\/prodotti\/analisi-chimiche\/analisi-toc-ic-ec-npoc-doc\">analizzatori di<strong> <\/strong>azoto totale TNb<\/a> di <a href=\"https:\/\/fkv.it\/rappresentate\/analytik-jena\">Analytik Jena.<\/a><\/p>\n","protected":false},"excerpt":{"rendered":"<p>II nome azoto venne dato all&#8217;elemento, il cui simbolo \u00e8 N, che compone in gran parte la nostra atmosfera dal chimico francese Antonio Lavoisier. Egli fu il primo a scoprire le pi\u00f9 importanti propriet\u00e0 di questo elemento. Poich\u00e9 il chimico vide che l&#8217;azoto non bruciava,&#8230;<\/p>\n","protected":false},"author":3,"featured_media":0,"parent":1042,"menu_order":0,"comment_status":"closed","ping_status":"closed","template":"page-glossario-figlie.php","meta":[],"yoast_head":"<!-- This site is optimized with the Yoast SEO plugin v15.0 - https:\/\/yoast.com\/wordpress\/plugins\/seo\/ -->\n<title>Azoto Totale (TNb) - FKV<\/title>\n<meta name=\"description\" content=\"L&#039;azoto totale TNb rappresenta il contenuto totale di azoto di un campione sotto forma di ammonio, nitrito, nitrato e anche composti organici.\" \/>\n<meta name=\"robots\" content=\"index, follow, max-snippet:-1, max-image-preview:large, max-video-preview:-1\" \/>\n<link rel=\"canonical\" href=\"https:\/\/fkv.it\/strumentazionedalaboratorio\/glossario\/azoto-totale\/\" \/>\n<meta property=\"og:locale\" content=\"it_IT\" \/>\n<meta property=\"og:type\" content=\"article\" \/>\n<meta property=\"og:title\" content=\"Azoto Totale (TNb) - FKV\" \/>\n<meta property=\"og:description\" content=\"L&#039;azoto totale TNb rappresenta il contenuto totale di azoto di un campione sotto forma di ammonio, nitrito, nitrato e anche composti organici.\" \/>\n<meta property=\"og:url\" content=\"https:\/\/fkv.it\/strumentazionedalaboratorio\/glossario\/azoto-totale\/\" \/>\n<meta property=\"og:site_name\" content=\"FKV\" \/>\n<meta property=\"article:publisher\" content=\"https:\/\/www.facebook.com\/pages\/FKV-SRL\/193967133985052\" \/>\n<meta property=\"article:modified_time\" content=\"2024-07-16T14:12:29+00:00\" \/>\n<meta name=\"twitter:card\" content=\"summary_large_image\" \/>\n<script type=\"application\/ld+json\" class=\"yoast-schema-graph\">{\"@context\":\"https:\/\/schema.org\",\"@graph\":[{\"@type\":\"Organization\",\"@id\":\"https:\/\/fkv.it\/strumentazionedalaboratorio\/#organization\",\"name\":\"FKV - Strumenti per Laboratorio\",\"url\":\"https:\/\/fkv.it\/strumentazionedalaboratorio\/\",\"sameAs\":[\"https:\/\/www.facebook.com\/pages\/FKV-SRL\/193967133985052\",\"https:\/\/www.linkedin.com\/company\/fkv-srl\"],\"logo\":{\"@type\":\"ImageObject\",\"@id\":\"https:\/\/fkv.it\/strumentazionedalaboratorio\/#logo\",\"inLanguage\":\"it-IT\",\"url\":\"https:\/\/fkv.it\/strumentazionedalaboratorio\/wp-content\/uploads\/2019\/09\/logo_FKV.png\",\"width\":150,\"height\":86,\"caption\":\"FKV - Strumenti per Laboratorio\"},\"image\":{\"@id\":\"https:\/\/fkv.it\/strumentazionedalaboratorio\/#logo\"}},{\"@type\":\"WebSite\",\"@id\":\"https:\/\/fkv.it\/strumentazionedalaboratorio\/#website\",\"url\":\"https:\/\/fkv.it\/strumentazionedalaboratorio\/\",\"name\":\"FKV\",\"description\":\"\",\"publisher\":{\"@id\":\"https:\/\/fkv.it\/strumentazionedalaboratorio\/#organization\"},\"potentialAction\":[{\"@type\":\"SearchAction\",\"target\":\"https:\/\/fkv.it\/strumentazionedalaboratorio\/?s={search_term_string}\",\"query-input\":\"required name=search_term_string\"}],\"inLanguage\":\"it-IT\"},{\"@type\":\"WebPage\",\"@id\":\"https:\/\/fkv.it\/strumentazionedalaboratorio\/glossario\/azoto-totale\/#webpage\",\"url\":\"https:\/\/fkv.it\/strumentazionedalaboratorio\/glossario\/azoto-totale\/\",\"name\":\"Azoto Totale (TNb) - FKV\",\"isPartOf\":{\"@id\":\"https:\/\/fkv.it\/strumentazionedalaboratorio\/#website\"},\"datePublished\":\"2024-07-02T12:14:58+00:00\",\"dateModified\":\"2024-07-16T14:12:29+00:00\",\"description\":\"L'azoto totale TNb rappresenta il contenuto totale di azoto di un campione sotto forma di ammonio, nitrito, nitrato e anche composti organici.\",\"inLanguage\":\"it-IT\",\"potentialAction\":[{\"@type\":\"ReadAction\",\"target\":[\"https:\/\/fkv.it\/strumentazionedalaboratorio\/glossario\/azoto-totale\/\"]}]}]}<\/script>\n<!-- \/ Yoast SEO plugin. -->","_links":{"self":[{"href":"https:\/\/fkv.it\/strumentazionedalaboratorio\/wp-json\/wp\/v2\/pages\/6958"}],"collection":[{"href":"https:\/\/fkv.it\/strumentazionedalaboratorio\/wp-json\/wp\/v2\/pages"}],"about":[{"href":"https:\/\/fkv.it\/strumentazionedalaboratorio\/wp-json\/wp\/v2\/types\/page"}],"author":[{"embeddable":true,"href":"https:\/\/fkv.it\/strumentazionedalaboratorio\/wp-json\/wp\/v2\/users\/3"}],"replies":[{"embeddable":true,"href":"https:\/\/fkv.it\/strumentazionedalaboratorio\/wp-json\/wp\/v2\/comments?post=6958"}],"version-history":[{"count":2,"href":"https:\/\/fkv.it\/strumentazionedalaboratorio\/wp-json\/wp\/v2\/pages\/6958\/revisions"}],"predecessor-version":[{"id":6975,"href":"https:\/\/fkv.it\/strumentazionedalaboratorio\/wp-json\/wp\/v2\/pages\/6958\/revisions\/6975"}],"up":[{"embeddable":true,"href":"https:\/\/fkv.it\/strumentazionedalaboratorio\/wp-json\/wp\/v2\/pages\/1042"}],"wp:attachment":[{"href":"https:\/\/fkv.it\/strumentazionedalaboratorio\/wp-json\/wp\/v2\/media?parent=6958"}],"curies":[{"name":"wp","href":"https:\/\/api.w.org\/{rel}","templated":true}]}}