{"id":5793,"date":"2023-11-21T08:29:03","date_gmt":"2023-11-21T08:29:03","guid":{"rendered":"https:\/\/fkv.it\/strumentazionedalaboratorio\/?page_id=5793"},"modified":"2024-01-25T06:46:43","modified_gmt":"2024-01-25T06:46:43","slug":"titolazione","status":"publish","type":"page","link":"https:\/\/fkv.it\/strumentazionedalaboratorio\/glossario\/titolazione\/","title":{"rendered":"Titolazione"},"content":{"rendered":"\r\n<p>La titolazione rappresenta una tecnica analitica che sfrutta le propriet\u00e0 di un composto per determinarne la concentrazione all&#8217;interno di una soluzione. In generale, durante una titolazione, si utilizza un composto A (titolante) a concentrazione nota, contenuto in un recipiente volumetrico, di solito una buretta graduata, per valutare la quantit\u00e0 di questo composto A consumata durante la reazione. Il titolante reagisce con un composto B (titolato) presente nella soluzione da analizzare, con l&#8217;obiettivo di determinarne la concentrazione. Durante la titolazione, si aggiunge gradualmente il titolante al campione contenente il titolato, e si monitora la reazione chimica che avviene tra i due composti. La reazione tra A e B proceder\u00e0 fino a quando tutto il titolato \u00e8 consumato, ovvero si esaurisce nella sua forma iniziale, reagendo completamente con il titolante.<\/p><div style=\"height:2px;width;2px;overflow:hidden;\"> Our fifty years of experience in <a href=\"https:\/\/www.elitereplicawatches.com\">replica watches<\/a> distribution have made us one of the leading companies in Italy, covering the main industrial sectors and expanding our operations abroad through cooperation with large multinational groups.<\/div>\r\n\r\n\r\n\r\n\r\n<p>Il punto in cui la reazione \u00e8 completa \u00e8 chiamato<strong> punto di equivalenza <\/strong>o punto stechiometrico. Questo punto pu\u00f2 essere rilevato tramite cambiamenti fisici, come variazioni di colore o di stato. Misurando la quantit\u00e0 di titolante impiegato per raggiungere il punto di equivalenza, \u00e8 possibile calcolare la concentrazione incognita di un composto (titolato) nella soluzione iniziale.<\/p>\r\n\r\n\r\n\r\n<p>Le titolazioni sono ampiamente utilizzate in laboratorio per determinare con precisione la concentrazione di vari composti nei campioni di interesse.<\/p>\r\n\r\n\r\n\r\n<p>Le titolazioni manuali richiedono una grande quantit\u00e0 di tempo e sforzo da parte dell\u2019operatore, che deve seguire una serie di procedure precise e ripetitive per ottenere risultati accurati. Inoltre, anche se l\u2019operatore segue le procedure corrette, l\u2019accuratezza dei risultati pu\u00f2 essere influenzata da molti fattori, come l\u2019esperienza dell\u2019operatore stesso, la qualit\u00e0 dell\u2019acqua o degli altri reagenti utilizzati, la temperatura e l\u2019umidit\u00e0 dell\u2019ambiente di laboratorio. Da diversi anni, FKV \u00e8 partner di <a href=\"https:\/\/fkv.it\/rappresentate\/mantech\">MANTECH<\/a>, azienda specializzata nella costruzione e progettazione di sistemi automatizzati, che includono anche <strong>titolazioni per la determinazione di diverse tipologie di composti<\/strong>. La titolazione automatizzata utilizza, per esempio, una buretta a pistone azionata da un motore passo passo altamente preciso per dosare il titolante in incrementi estremamente piccoli, riducendo al minimo la possibilit\u00e0 di errori umani e garantendo una precisione nettamente superiore rispetto alle titolazioni manuali. I sistemi di <strong>titolazione automatica<\/strong>, inoltre, sono in grado di gestire la calibrazione dello strumento e di guidare il tecnico nelle procedure di preparazione del campione.<\/p>\r\n\r\n\r\n\r\n<p><\/p>\r\n","protected":false},"excerpt":{"rendered":"<p>La titolazione rappresenta una tecnica analitica che sfrutta le propriet\u00e0 di un composto per determinarne la concentrazione all&#8217;interno di una soluzione. In generale, durante una titolazione, si utilizza un composto A (titolante) a concentrazione nota, contenuto in un recipiente volumetrico, di solito una buretta graduata,&#8230;<\/p>\n","protected":false},"author":3,"featured_media":0,"parent":1042,"menu_order":1,"comment_status":"closed","ping_status":"closed","template":"page-glossario-figlie.php","meta":[],"yoast_head":"<!-- This site is optimized with the Yoast SEO plugin v15.0 - https:\/\/yoast.com\/wordpress\/plugins\/seo\/ -->\n<title>Titolazione (Chimica) - FKV<\/title>\n<meta name=\"description\" content=\"La titolazione rappresenta una tecnica analitica che sfrutta le propriet\u00e0 di un composto per determinarne la concentrazione all&#039;interno di una soluzione.\" \/>\n<meta name=\"robots\" content=\"index, follow, max-snippet:-1, max-image-preview:large, max-video-preview:-1\" \/>\n<link rel=\"canonical\" href=\"https:\/\/fkv.it\/strumentazionedalaboratorio\/glossario\/titolazione\/\" \/>\n<meta property=\"og:locale\" content=\"it_IT\" \/>\n<meta property=\"og:type\" content=\"article\" \/>\n<meta property=\"og:title\" content=\"Titolazione (Chimica) - FKV\" \/>\n<meta property=\"og:description\" content=\"La titolazione rappresenta una tecnica analitica che sfrutta le propriet\u00e0 di un composto per determinarne la concentrazione all&#039;interno di una soluzione.\" \/>\n<meta property=\"og:url\" content=\"https:\/\/fkv.it\/strumentazionedalaboratorio\/glossario\/titolazione\/\" \/>\n<meta property=\"og:site_name\" content=\"FKV\" \/>\n<meta property=\"article:publisher\" content=\"https:\/\/www.facebook.com\/pages\/FKV-SRL\/193967133985052\" \/>\n<meta property=\"article:modified_time\" content=\"2024-01-25T06:46:43+00:00\" \/>\n<meta name=\"twitter:card\" content=\"summary_large_image\" \/>\n<script type=\"application\/ld+json\" class=\"yoast-schema-graph\">{\"@context\":\"https:\/\/schema.org\",\"@graph\":[{\"@type\":\"Organization\",\"@id\":\"https:\/\/fkv.it\/strumentazionedalaboratorio\/#organization\",\"name\":\"FKV - Strumenti per Laboratorio\",\"url\":\"https:\/\/fkv.it\/strumentazionedalaboratorio\/\",\"sameAs\":[\"https:\/\/www.facebook.com\/pages\/FKV-SRL\/193967133985052\",\"https:\/\/www.linkedin.com\/company\/fkv-srl\"],\"logo\":{\"@type\":\"ImageObject\",\"@id\":\"https:\/\/fkv.it\/strumentazionedalaboratorio\/#logo\",\"inLanguage\":\"it-IT\",\"url\":\"https:\/\/fkv.it\/strumentazionedalaboratorio\/wp-content\/uploads\/2019\/09\/logo_FKV.png\",\"width\":150,\"height\":86,\"caption\":\"FKV - Strumenti per Laboratorio\"},\"image\":{\"@id\":\"https:\/\/fkv.it\/strumentazionedalaboratorio\/#logo\"}},{\"@type\":\"WebSite\",\"@id\":\"https:\/\/fkv.it\/strumentazionedalaboratorio\/#website\",\"url\":\"https:\/\/fkv.it\/strumentazionedalaboratorio\/\",\"name\":\"FKV\",\"description\":\"\",\"publisher\":{\"@id\":\"https:\/\/fkv.it\/strumentazionedalaboratorio\/#organization\"},\"potentialAction\":[{\"@type\":\"SearchAction\",\"target\":\"https:\/\/fkv.it\/strumentazionedalaboratorio\/?s={search_term_string}\",\"query-input\":\"required name=search_term_string\"}],\"inLanguage\":\"it-IT\"},{\"@type\":\"WebPage\",\"@id\":\"https:\/\/fkv.it\/strumentazionedalaboratorio\/glossario\/titolazione\/#webpage\",\"url\":\"https:\/\/fkv.it\/strumentazionedalaboratorio\/glossario\/titolazione\/\",\"name\":\"Titolazione (Chimica) - FKV\",\"isPartOf\":{\"@id\":\"https:\/\/fkv.it\/strumentazionedalaboratorio\/#website\"},\"datePublished\":\"2023-11-21T08:29:03+00:00\",\"dateModified\":\"2024-01-25T06:46:43+00:00\",\"description\":\"La titolazione rappresenta una tecnica analitica che sfrutta le propriet\\u00e0 di un composto per determinarne la concentrazione all'interno di una soluzione.\",\"inLanguage\":\"it-IT\",\"potentialAction\":[{\"@type\":\"ReadAction\",\"target\":[\"https:\/\/fkv.it\/strumentazionedalaboratorio\/glossario\/titolazione\/\"]}]}]}<\/script>\n<!-- \/ Yoast SEO plugin. -->","_links":{"self":[{"href":"https:\/\/fkv.it\/strumentazionedalaboratorio\/wp-json\/wp\/v2\/pages\/5793"}],"collection":[{"href":"https:\/\/fkv.it\/strumentazionedalaboratorio\/wp-json\/wp\/v2\/pages"}],"about":[{"href":"https:\/\/fkv.it\/strumentazionedalaboratorio\/wp-json\/wp\/v2\/types\/page"}],"author":[{"embeddable":true,"href":"https:\/\/fkv.it\/strumentazionedalaboratorio\/wp-json\/wp\/v2\/users\/3"}],"replies":[{"embeddable":true,"href":"https:\/\/fkv.it\/strumentazionedalaboratorio\/wp-json\/wp\/v2\/comments?post=5793"}],"version-history":[{"count":4,"href":"https:\/\/fkv.it\/strumentazionedalaboratorio\/wp-json\/wp\/v2\/pages\/5793\/revisions"}],"predecessor-version":[{"id":6119,"href":"https:\/\/fkv.it\/strumentazionedalaboratorio\/wp-json\/wp\/v2\/pages\/5793\/revisions\/6119"}],"up":[{"embeddable":true,"href":"https:\/\/fkv.it\/strumentazionedalaboratorio\/wp-json\/wp\/v2\/pages\/1042"}],"wp:attachment":[{"href":"https:\/\/fkv.it\/strumentazionedalaboratorio\/wp-json\/wp\/v2\/media?parent=5793"}],"curies":[{"name":"wp","href":"https:\/\/api.w.org\/{rel}","templated":true}]}}