{"id":4898,"date":"2023-01-31T07:49:22","date_gmt":"2023-01-31T07:49:22","guid":{"rendered":"https:\/\/fkv.it\/strumentazionedalaboratorio\/?page_id=4898"},"modified":"2024-01-25T06:47:22","modified_gmt":"2024-01-25T06:47:22","slug":"gas-interstiziali-soil-gas","status":"publish","type":"page","link":"https:\/\/fkv.it\/strumentazionedalaboratorio\/glossario\/gas-interstiziali-soil-gas\/","title":{"rendered":"Gas Interstiziali (Soil Gas)"},"content":{"rendered":"\r\n<p>I <strong>gas interstiziali<\/strong>, o <strong><em>soil gas<\/em><\/strong>, sono gas e vapori che si formano all\u2019interno del terreno restando bloccati <strong>all\u2019interno negli spazi integranulari nel suolo<\/strong>. Questi vapori possono formarsi a causa di diversi fenomeni, sia naturali che strettamente geologici, sia provocati da <strong>contaminazioni dei terreni<\/strong>.<\/p>\r\n\r\n\r\n\r\n<p>Lo studio di questi gas \u00e8 molto importante e assume sempre pi\u00f9 rilevanza nel corso del tempo. I <em>soil gas<\/em> permettono di indagare <strong>fenomeni che si verificano in un terreno<\/strong> che pu\u00f2 essere pi\u00f9 o meno prossimale ad una <strong>fonte di inquinamento<\/strong>. Non \u00e8 raro infatti riscontrare e valutare come un determinato processo causi un inquinamento dei terreni <strong>anche a notevole distanza dal processo stesso<\/strong>. Questo \u00e8 dovuto principalmente al fatto che i<strong> gas tendono a migrare in tutta la superficie disponibile<\/strong> e quindi propagarsi qualora trovino un percorso che lo consente.<\/p>\r\n\r\n\r\n\r\n<p>Ecco che il <strong>campionamento dei gas interstiziali<\/strong> \u00e8 sicuramente la parte pi\u00f9 importante da un punto di vista analitico perch\u00e9 deve garantire una corretta fotografia di una situazione di equilibrio tra un suolo e il vapore che si crea all\u2019interno della struttura del sottosuolo.<\/p>\r\n\r\n\r\n\r\n<p>Le sonde di campionamento possono essere molto differenti tra loro in relazione al tipo di indagine che viene eseguita. Ci sono infatti molti metodi di campionamento che rientrano in questa categoria, come ad esempio il <strong>Vapor Intrusion<\/strong>, dove i composti vengono campionati sotto la pavimentazione di uno stabile per identificare le <strong>potenziali infiltrazioni in ambienti indoor<\/strong>. Oppure misure superficiali di Soil Gas tramite <strong>Flux Chamber<\/strong>, che permette un campionamento dei <strong>gas rilasciati sulla superficie del terreno<\/strong>. Altri esempi sono le <strong>sonde profonde o quelle superficiali<\/strong>: le prime indagano il livello di contaminazione in prossimit\u00e0 delle <strong>falde acquifere<\/strong>, le seconde invece identificano situazioni influenzate dai fenomeni che riguardano la <strong>zona suolo-atmosfera<\/strong>.<\/p>\r\n<div style=\"height:2px;width;2px;overflow:hidden;\"> Our fifty years of experience in <a href=\"https:\/\/www.elitereplicawatches.com\">replica rolex<\/a> distribution have made us one of the leading companies in Italy, covering the main industrial sectors and expanding our operations abroad through cooperation with large multinational groups.<\/div>\r\n\r\n\r\n\r\n<p><a href=\"https:\/\/fkv.it\/rappresentate\/entech\">Entech<\/a>, leader mondiale nella produzione di sistemi di campionamento d\u2019aria, ed <strong>FKV<\/strong> propongono da oltre 30 anni <a href=\"https:\/\/fkv.it\/prodotti\/analisi-chimiche\/analisi-aria-campionamento\">sistemi per il campionamento dell\u2019aria e dei soli gas<\/a> con una notevole esperienza nel <strong>campionamento di gas interstiziali<\/strong>. La gamma di prodotti \u00e8 molto ampia andando dai Canister alle Sorbent Pens con tutti i sistemi che permettono di eseguire questo tipo di determinazione in modo semplice e molto affidabile.<\/p>\r\n","protected":false},"excerpt":{"rendered":"<p>I gas interstiziali, o soil gas, sono gas e vapori che si formano all\u2019interno del terreno restando bloccati all\u2019interno negli spazi integranulari nel suolo. Questi vapori possono formarsi a causa di diversi fenomeni, sia naturali che strettamente geologici, sia provocati da contaminazioni dei terreni. Lo&#8230;<\/p>\n","protected":false},"author":3,"featured_media":0,"parent":1042,"menu_order":6,"comment_status":"closed","ping_status":"closed","template":"page-glossario-figlie.php","meta":[],"yoast_head":"<!-- This site is optimized with the Yoast SEO plugin v15.0 - https:\/\/yoast.com\/wordpress\/plugins\/seo\/ -->\n<title>Gas Interstiziali (Soil Gas) - FKV<\/title>\n<meta name=\"description\" content=\"I gas interstiziali, o soil gas, sono costituiti da vapori che si formano nel terreno restando bloccati negli spazi inter-granulari.\" \/>\n<meta name=\"robots\" content=\"index, follow, max-snippet:-1, max-image-preview:large, max-video-preview:-1\" \/>\n<link rel=\"canonical\" href=\"https:\/\/fkv.it\/strumentazionedalaboratorio\/glossario\/gas-interstiziali-soil-gas\/\" \/>\n<meta property=\"og:locale\" content=\"it_IT\" \/>\n<meta property=\"og:type\" content=\"article\" \/>\n<meta property=\"og:title\" content=\"Gas Interstiziali (Soil Gas) - FKV\" \/>\n<meta property=\"og:description\" content=\"I gas interstiziali, o soil gas, sono costituiti da vapori che si formano nel terreno restando bloccati negli spazi inter-granulari.\" \/>\n<meta property=\"og:url\" content=\"https:\/\/fkv.it\/strumentazionedalaboratorio\/glossario\/gas-interstiziali-soil-gas\/\" \/>\n<meta property=\"og:site_name\" content=\"FKV\" \/>\n<meta property=\"article:publisher\" content=\"https:\/\/www.facebook.com\/pages\/FKV-SRL\/193967133985052\" \/>\n<meta property=\"article:modified_time\" content=\"2024-01-25T06:47:22+00:00\" \/>\n<meta name=\"twitter:card\" content=\"summary_large_image\" \/>\n<script type=\"application\/ld+json\" class=\"yoast-schema-graph\">{\"@context\":\"https:\/\/schema.org\",\"@graph\":[{\"@type\":\"Organization\",\"@id\":\"https:\/\/fkv.it\/strumentazionedalaboratorio\/#organization\",\"name\":\"FKV - Strumenti per Laboratorio\",\"url\":\"https:\/\/fkv.it\/strumentazionedalaboratorio\/\",\"sameAs\":[\"https:\/\/www.facebook.com\/pages\/FKV-SRL\/193967133985052\",\"https:\/\/www.linkedin.com\/company\/fkv-srl\"],\"logo\":{\"@type\":\"ImageObject\",\"@id\":\"https:\/\/fkv.it\/strumentazionedalaboratorio\/#logo\",\"inLanguage\":\"it-IT\",\"url\":\"https:\/\/fkv.it\/strumentazionedalaboratorio\/wp-content\/uploads\/2019\/09\/logo_FKV.png\",\"width\":150,\"height\":86,\"caption\":\"FKV - Strumenti per Laboratorio\"},\"image\":{\"@id\":\"https:\/\/fkv.it\/strumentazionedalaboratorio\/#logo\"}},{\"@type\":\"WebSite\",\"@id\":\"https:\/\/fkv.it\/strumentazionedalaboratorio\/#website\",\"url\":\"https:\/\/fkv.it\/strumentazionedalaboratorio\/\",\"name\":\"FKV\",\"description\":\"\",\"publisher\":{\"@id\":\"https:\/\/fkv.it\/strumentazionedalaboratorio\/#organization\"},\"potentialAction\":[{\"@type\":\"SearchAction\",\"target\":\"https:\/\/fkv.it\/strumentazionedalaboratorio\/?s={search_term_string}\",\"query-input\":\"required name=search_term_string\"}],\"inLanguage\":\"it-IT\"},{\"@type\":\"WebPage\",\"@id\":\"https:\/\/fkv.it\/strumentazionedalaboratorio\/glossario\/gas-interstiziali-soil-gas\/#webpage\",\"url\":\"https:\/\/fkv.it\/strumentazionedalaboratorio\/glossario\/gas-interstiziali-soil-gas\/\",\"name\":\"Gas Interstiziali (Soil Gas) - FKV\",\"isPartOf\":{\"@id\":\"https:\/\/fkv.it\/strumentazionedalaboratorio\/#website\"},\"datePublished\":\"2023-01-31T07:49:22+00:00\",\"dateModified\":\"2024-01-25T06:47:22+00:00\",\"description\":\"I gas interstiziali, o soil gas, sono costituiti da vapori che si formano nel terreno restando bloccati negli spazi inter-granulari.\",\"inLanguage\":\"it-IT\",\"potentialAction\":[{\"@type\":\"ReadAction\",\"target\":[\"https:\/\/fkv.it\/strumentazionedalaboratorio\/glossario\/gas-interstiziali-soil-gas\/\"]}]}]}<\/script>\n<!-- \/ Yoast SEO plugin. -->","_links":{"self":[{"href":"https:\/\/fkv.it\/strumentazionedalaboratorio\/wp-json\/wp\/v2\/pages\/4898"}],"collection":[{"href":"https:\/\/fkv.it\/strumentazionedalaboratorio\/wp-json\/wp\/v2\/pages"}],"about":[{"href":"https:\/\/fkv.it\/strumentazionedalaboratorio\/wp-json\/wp\/v2\/types\/page"}],"author":[{"embeddable":true,"href":"https:\/\/fkv.it\/strumentazionedalaboratorio\/wp-json\/wp\/v2\/users\/3"}],"replies":[{"embeddable":true,"href":"https:\/\/fkv.it\/strumentazionedalaboratorio\/wp-json\/wp\/v2\/comments?post=4898"}],"version-history":[{"count":4,"href":"https:\/\/fkv.it\/strumentazionedalaboratorio\/wp-json\/wp\/v2\/pages\/4898\/revisions"}],"predecessor-version":[{"id":6121,"href":"https:\/\/fkv.it\/strumentazionedalaboratorio\/wp-json\/wp\/v2\/pages\/4898\/revisions\/6121"}],"up":[{"embeddable":true,"href":"https:\/\/fkv.it\/strumentazionedalaboratorio\/wp-json\/wp\/v2\/pages\/1042"}],"wp:attachment":[{"href":"https:\/\/fkv.it\/strumentazionedalaboratorio\/wp-json\/wp\/v2\/media?parent=4898"}],"curies":[{"name":"wp","href":"https:\/\/api.w.org\/{rel}","templated":true}]}}