{"id":4327,"date":"2022-10-03T08:05:27","date_gmt":"2022-10-03T08:05:27","guid":{"rendered":"https:\/\/fkv.it\/strumentazionedalaboratorio\/?page_id=4327"},"modified":"2022-10-05T15:44:16","modified_gmt":"2022-10-05T15:44:16","slug":"nanoparticelle","status":"publish","type":"page","link":"https:\/\/fkv.it\/strumentazionedalaboratorio\/glossario\/nanoparticelle\/","title":{"rendered":"Nanoparticelle"},"content":{"rendered":"\n<p>Le <strong>nanoparticelle<\/strong> possono essere definite in modo estremamente semplificato come sostanze le dimensioni e la forma che deve essere tra 1 e 100nm. Le loro dimensioni fisiche vengono misurate dunque in nanometri (milionesimi di millimetro). Pur essendo molto difficili da visualizzare sono sempre pi\u00f9 diffuse sia per quando risultano di origine naturale che artificiali.<\/p>\n\n\n\n<p>\u00c8 ormai noto infatti che molte sostanze ben note a livello macroscopico, ma anche microscopico, mostrano in scala nanometrica caratteristiche molto differenti e piccole differenze sulle nanoparticelle di sostanze simili possono determinarne sostanziali differenze anche nell\u2019impatto sull\u2019organismo.<\/p>\n\n\n\n<p>Per definire meglio il termine di nanoparticella \u00e8 possibile anche rifarsi alla <strong>raccomandazione della commissione europea del 10 Giugno 2022 (2022\/C229\/01)<\/strong> che definisce proprio cosa si intende per nanoparticelle. Questo documento identifica alcune condizioni per <strong>identificare una nanoparticella<\/strong> tra cui le dimensioni e la forma che deve essere <strong>tra 1 e 100nm<\/strong> con conformazione differente come quella a bastoncello o quelle piastriformi in cui una delle dimensioni \u00e8 anche inferiore a 1nm ma le altre possono essere superiori a nm.<\/p>\n\n\n\n<p>Nello stesso documento vengono definiti in modo pi\u00f9 accurato anche i termini particella, aggregato e agglomerato per una pi\u00f9 semplice comprensione delle differenze e un pi\u00f9 consapevole utilizzo dei termini.<\/p>\n\n\n\n<p><strong>FKV <\/strong>con Analytik Jena grazie all\u2019<a href=\"https:\/\/fkv.it\/prodotti\/analisi-chimiche\/analisi-icp-oes-icp-ms\/plasmaquant-ms\">ICP MS a plasma<\/a>, permette di determinare le nanoparticelle in determinate matrici e con specifiche caratteristiche. La tecnica in ICP MS per la determinazione di nanoparticelle non \u00e8 la pi\u00f9 diffusa ma permette di lavorare in modo affidabile e riproducibile.<\/p>\n","protected":false},"excerpt":{"rendered":"<p>Le nanoparticelle possono essere definite in modo estremamente semplificato come sostanze le dimensioni e la forma che deve essere tra 1 e 100nm. Le loro dimensioni fisiche vengono misurate dunque in nanometri (milionesimi di millimetro). Pur essendo molto difficili da visualizzare sono sempre pi\u00f9 diffuse&#8230;<\/p>\n","protected":false},"author":3,"featured_media":0,"parent":1042,"menu_order":18,"comment_status":"closed","ping_status":"closed","template":"page-glossario-figlie.php","meta":[],"yoast_head":"<!-- This site is optimized with the Yoast SEO plugin v15.0 - https:\/\/yoast.com\/wordpress\/plugins\/seo\/ -->\n<title>Nanoparticelle - FKV<\/title>\n<meta name=\"description\" content=\"Le nanoparticelle possono essere definite in modo estremamente semplificato come sostanze le dimensioni e la forma che deve essere tra 1 e 100nm.\" \/>\n<meta name=\"robots\" content=\"index, follow, max-snippet:-1, max-image-preview:large, max-video-preview:-1\" \/>\n<link rel=\"canonical\" href=\"https:\/\/fkv.it\/strumentazionedalaboratorio\/glossario\/nanoparticelle\/\" \/>\n<meta property=\"og:locale\" content=\"it_IT\" \/>\n<meta property=\"og:type\" content=\"article\" \/>\n<meta property=\"og:title\" content=\"Nanoparticelle - FKV\" \/>\n<meta property=\"og:description\" content=\"Le nanoparticelle possono essere definite in modo estremamente semplificato come sostanze le dimensioni e la forma che deve essere tra 1 e 100nm.\" \/>\n<meta property=\"og:url\" content=\"https:\/\/fkv.it\/strumentazionedalaboratorio\/glossario\/nanoparticelle\/\" \/>\n<meta property=\"og:site_name\" content=\"FKV\" \/>\n<meta property=\"article:publisher\" content=\"https:\/\/www.facebook.com\/pages\/FKV-SRL\/193967133985052\" \/>\n<meta property=\"article:modified_time\" content=\"2022-10-05T15:44:16+00:00\" \/>\n<meta name=\"twitter:card\" content=\"summary_large_image\" \/>\n<script type=\"application\/ld+json\" class=\"yoast-schema-graph\">{\"@context\":\"https:\/\/schema.org\",\"@graph\":[{\"@type\":\"Organization\",\"@id\":\"https:\/\/fkv.it\/strumentazionedalaboratorio\/#organization\",\"name\":\"FKV - Strumenti per Laboratorio\",\"url\":\"https:\/\/fkv.it\/strumentazionedalaboratorio\/\",\"sameAs\":[\"https:\/\/www.facebook.com\/pages\/FKV-SRL\/193967133985052\",\"https:\/\/www.linkedin.com\/company\/fkv-srl\"],\"logo\":{\"@type\":\"ImageObject\",\"@id\":\"https:\/\/fkv.it\/strumentazionedalaboratorio\/#logo\",\"inLanguage\":\"it-IT\",\"url\":\"https:\/\/fkv.it\/strumentazionedalaboratorio\/wp-content\/uploads\/2019\/09\/logo_FKV.png\",\"width\":150,\"height\":86,\"caption\":\"FKV - Strumenti per Laboratorio\"},\"image\":{\"@id\":\"https:\/\/fkv.it\/strumentazionedalaboratorio\/#logo\"}},{\"@type\":\"WebSite\",\"@id\":\"https:\/\/fkv.it\/strumentazionedalaboratorio\/#website\",\"url\":\"https:\/\/fkv.it\/strumentazionedalaboratorio\/\",\"name\":\"FKV\",\"description\":\"\",\"publisher\":{\"@id\":\"https:\/\/fkv.it\/strumentazionedalaboratorio\/#organization\"},\"potentialAction\":[{\"@type\":\"SearchAction\",\"target\":\"https:\/\/fkv.it\/strumentazionedalaboratorio\/?s={search_term_string}\",\"query-input\":\"required name=search_term_string\"}],\"inLanguage\":\"it-IT\"},{\"@type\":\"WebPage\",\"@id\":\"https:\/\/fkv.it\/strumentazionedalaboratorio\/glossario\/nanoparticelle\/#webpage\",\"url\":\"https:\/\/fkv.it\/strumentazionedalaboratorio\/glossario\/nanoparticelle\/\",\"name\":\"Nanoparticelle - FKV\",\"isPartOf\":{\"@id\":\"https:\/\/fkv.it\/strumentazionedalaboratorio\/#website\"},\"datePublished\":\"2022-10-03T08:05:27+00:00\",\"dateModified\":\"2022-10-05T15:44:16+00:00\",\"description\":\"Le nanoparticelle possono essere definite in modo estremamente semplificato come sostanze le dimensioni e la forma che deve essere tra 1 e 100nm.\",\"inLanguage\":\"it-IT\",\"potentialAction\":[{\"@type\":\"ReadAction\",\"target\":[\"https:\/\/fkv.it\/strumentazionedalaboratorio\/glossario\/nanoparticelle\/\"]}]}]}<\/script>\n<!-- \/ Yoast SEO plugin. -->","_links":{"self":[{"href":"https:\/\/fkv.it\/strumentazionedalaboratorio\/wp-json\/wp\/v2\/pages\/4327"}],"collection":[{"href":"https:\/\/fkv.it\/strumentazionedalaboratorio\/wp-json\/wp\/v2\/pages"}],"about":[{"href":"https:\/\/fkv.it\/strumentazionedalaboratorio\/wp-json\/wp\/v2\/types\/page"}],"author":[{"embeddable":true,"href":"https:\/\/fkv.it\/strumentazionedalaboratorio\/wp-json\/wp\/v2\/users\/3"}],"replies":[{"embeddable":true,"href":"https:\/\/fkv.it\/strumentazionedalaboratorio\/wp-json\/wp\/v2\/comments?post=4327"}],"version-history":[{"count":3,"href":"https:\/\/fkv.it\/strumentazionedalaboratorio\/wp-json\/wp\/v2\/pages\/4327\/revisions"}],"predecessor-version":[{"id":4354,"href":"https:\/\/fkv.it\/strumentazionedalaboratorio\/wp-json\/wp\/v2\/pages\/4327\/revisions\/4354"}],"up":[{"embeddable":true,"href":"https:\/\/fkv.it\/strumentazionedalaboratorio\/wp-json\/wp\/v2\/pages\/1042"}],"wp:attachment":[{"href":"https:\/\/fkv.it\/strumentazionedalaboratorio\/wp-json\/wp\/v2\/media?parent=4327"}],"curies":[{"name":"wp","href":"https:\/\/api.w.org\/{rel}","templated":true}]}}