{"id":4287,"date":"2022-09-23T12:54:39","date_gmt":"2022-09-23T12:54:39","guid":{"rendered":"https:\/\/fkv.it\/strumentazionedalaboratorio\/?page_id=4287"},"modified":"2022-10-05T15:28:24","modified_gmt":"2022-10-05T15:28:24","slug":"analisi-multiparametrica","status":"publish","type":"page","link":"https:\/\/fkv.it\/strumentazionedalaboratorio\/glossario\/analisi-multiparametrica\/","title":{"rendered":"Analisi Multiparametrica"},"content":{"rendered":"\n<p>L\u2019analisi <strong>multiparametrica <\/strong>\u00e8 un tipo di analisi che permette di gestire la <strong>determinazione di diversi parametri<\/strong> attraverso l\u2019uso di sistemi manuali o automatizzati. Questo tipo di strumentazione, solitamente, prevede l\u2019impiego di elettrodi, sonde o sensori che permettono di identificare i parametri di interesse analitico in ambito ambientale, garantendo risultati di altissima qualit\u00e0.<\/p>\n\n\n\n<p>L\u2019analisi multiparametrica ha la caratteristica di essere gestita da un unico software che esegue l\u2019aggiunta di determinati reagenti, se necessari, eventuali manipolazioni del campione, trasporto a detector specifici e raccolta dei dati.<\/p>\n\n\n\n<p>Tra i parametri inclusi normalmente in questo tipo di strumentazione ci sono ad esempio pH, Cloruri, Torbidit\u00e0, Alcalinit\u00e0, fluoruri, potenziale redox, colore, salinit\u00e0, conducibilit\u00e0, durezza e molti altri.<\/p>\n\n\n\n<p>I metodi utilizzati possono essere variabili e dipendono spesso dal tipo di matrice che viene analizzata.<\/p>\n\n\n\n<p>FKV e <a href=\"https:\/\/fkv.it\/rappresentate\/mantech\">Mantech<\/a> propongono una linea strumentale molto versatile che permette di eseguire analisi multiparametrica sulle acque, sia in modo manuale che totalmente automatizzata.<\/p>\n\n\n\n<p>Gli <a href=\"https:\/\/fkv.it\/prodotti\/analisi-chimiche\/titolazione-multi-parametrica\">analizzatori multiparametrici di Mantech<\/a> permette di avere uno strumento completamente personalizzabile in grado di determinare uno o pi\u00f9 dei seguenti parametri:<\/p>\n\n\n\n<ul><li><strong>pH <\/strong>\u2013 Misura eseguita con elettrodo specifico per pH, conforme alla maggior parte dei metodi come APAT CNR IRSA 2060, ASTM D1293 o EPA 9040C.<\/li><li><strong>Cloruri <\/strong>\u2013Titolazione potenziometrica tramite elettrodo ionoselettivo conforme alla maggior parte dei metodi ufficiali come APAT CNR IRSA 4090, ASTM D512 o ISO 9297. Il metodo permette di determinare la concentrazione di cloruri nel campione di acqua.<\/li><li><strong>Torbidit\u00e0 <\/strong>\u2013 Misura tramite turbidimetro con sorgente luminosa bianca al tungsteno, o con turbidimetro ad infrarossi in caso di soluzioni colorate, come indicato nel metodo APAT CNR IRSA 2110, US EPA 180.1 e ISO 7027\/ EN 27027.<\/li><li><strong>Alcalinit\u00e0 <\/strong>\u2013 Titolazione con 0.02N di Acido Solforico conforme ai metodi APAT CNR IRSA 2010 ASTM D1067, EPA 310.1 e ISO 9963-1 e 9963-2.<\/li><li><strong>Fluoruri <\/strong>\u2013 Determinazione tramite elettrodo ione-selettivo conforme a metodi ufficiali APAT CNR IRSA 4100, ASTM D1179 (B) e ISO 10359-1<\/li><li><strong>Potenziale Redox<\/strong> \u2013 Analisi eseguita con elettrodo redox secondo APHA Standard Methods 2580B<\/li><li><strong>Conducibilit\u00e0 <\/strong>\u2013 Determinazione conduttimetrica secondo metodo APAT CNR IRSA 2030, ASTM D1125, ISO 7888 e EN 27888<\/li><li><strong>Colore <\/strong>\u2013 Analisi Spettrofotometrica a 410 nm con possibilit\u00e0 di aggiungere 455, 410 e 440nm. Gestione completamente automatica del trasferimento del campione in cuvetta e analisi. Conforme a APAT CNR IRSA 2020 ed EPA 110.2<\/li><li><strong>Salinit\u00e0 <\/strong>\u2013 Metodo conduttimetrico conforme alla APAT CNR IRSA 2070 e SM 2520B.<\/li><li><strong>Durezza <\/strong>\u2013 Titolazione potenziometrica conforme ai metodi ufficiali APAT CNR IRSA 2040, ASTM D1126 e SM 2340C.<\/li><li><strong>Ammoniaca <\/strong>\u2013 Possibilit\u00e0 di analisi diretta o per aggiunte standard. Conforme a metodi APAT CNR IRSA 4040, SM 4500-NH3E SM 4500- NH3D e ASTM D1426 (B).<\/li><li><strong>Ossidabilit\u00e0 al permanganato <\/strong>\u2013 Metodo Titrimetrico (secondo Kubel) con metodo ISTISAN 2007\/31 Met. ISS.BEB.027.REV00<\/li><\/ul>\n\n\n\n<p>I sistemi di analisi multiparametrica Mantech permettono di scegliere i parametri di interesse e anche il grado di automazione associato.<\/p>\n","protected":false},"excerpt":{"rendered":"<p>L\u2019analisi multiparametrica \u00e8 un tipo di analisi che permette di gestire la determinazione di diversi parametri attraverso l\u2019uso di sistemi manuali o automatizzati. Questo tipo di strumentazione, solitamente, prevede l\u2019impiego di elettrodi, sonde o sensori che permettono di identificare i parametri di interesse analitico in&#8230;<\/p>\n","protected":false},"author":3,"featured_media":0,"parent":1042,"menu_order":19,"comment_status":"closed","ping_status":"closed","template":"page-glossario-figlie.php","meta":[],"yoast_head":"<!-- This site is optimized with the Yoast SEO plugin v15.0 - https:\/\/yoast.com\/wordpress\/plugins\/seo\/ -->\n<title>Analisi Multiparametrica - FKV<\/title>\n<meta name=\"description\" content=\"L\u2019analisi multiparametrica \u00e8 un tipo di analisi che permette di gestire la determinazione di diversi parametri attraverso l\u2019uso di sistemi manuali o automatizzati.\" \/>\n<meta name=\"robots\" content=\"index, follow, max-snippet:-1, max-image-preview:large, max-video-preview:-1\" \/>\n<link rel=\"canonical\" href=\"https:\/\/fkv.it\/strumentazionedalaboratorio\/glossario\/analisi-multiparametrica\/\" \/>\n<meta property=\"og:locale\" content=\"it_IT\" \/>\n<meta property=\"og:type\" content=\"article\" \/>\n<meta property=\"og:title\" content=\"Analisi Multiparametrica - FKV\" \/>\n<meta property=\"og:description\" content=\"L\u2019analisi multiparametrica \u00e8 un tipo di analisi che permette di gestire la determinazione di diversi parametri attraverso l\u2019uso di sistemi manuali o automatizzati.\" \/>\n<meta property=\"og:url\" content=\"https:\/\/fkv.it\/strumentazionedalaboratorio\/glossario\/analisi-multiparametrica\/\" \/>\n<meta property=\"og:site_name\" content=\"FKV\" \/>\n<meta property=\"article:publisher\" content=\"https:\/\/www.facebook.com\/pages\/FKV-SRL\/193967133985052\" \/>\n<meta property=\"article:modified_time\" content=\"2022-10-05T15:28:24+00:00\" \/>\n<meta name=\"twitter:card\" content=\"summary_large_image\" \/>\n<script type=\"application\/ld+json\" class=\"yoast-schema-graph\">{\"@context\":\"https:\/\/schema.org\",\"@graph\":[{\"@type\":\"Organization\",\"@id\":\"https:\/\/fkv.it\/strumentazionedalaboratorio\/#organization\",\"name\":\"FKV - Strumenti per Laboratorio\",\"url\":\"https:\/\/fkv.it\/strumentazionedalaboratorio\/\",\"sameAs\":[\"https:\/\/www.facebook.com\/pages\/FKV-SRL\/193967133985052\",\"https:\/\/www.linkedin.com\/company\/fkv-srl\"],\"logo\":{\"@type\":\"ImageObject\",\"@id\":\"https:\/\/fkv.it\/strumentazionedalaboratorio\/#logo\",\"inLanguage\":\"it-IT\",\"url\":\"https:\/\/fkv.it\/strumentazionedalaboratorio\/wp-content\/uploads\/2019\/09\/logo_FKV.png\",\"width\":150,\"height\":86,\"caption\":\"FKV - Strumenti per Laboratorio\"},\"image\":{\"@id\":\"https:\/\/fkv.it\/strumentazionedalaboratorio\/#logo\"}},{\"@type\":\"WebSite\",\"@id\":\"https:\/\/fkv.it\/strumentazionedalaboratorio\/#website\",\"url\":\"https:\/\/fkv.it\/strumentazionedalaboratorio\/\",\"name\":\"FKV\",\"description\":\"\",\"publisher\":{\"@id\":\"https:\/\/fkv.it\/strumentazionedalaboratorio\/#organization\"},\"potentialAction\":[{\"@type\":\"SearchAction\",\"target\":\"https:\/\/fkv.it\/strumentazionedalaboratorio\/?s={search_term_string}\",\"query-input\":\"required name=search_term_string\"}],\"inLanguage\":\"it-IT\"},{\"@type\":\"WebPage\",\"@id\":\"https:\/\/fkv.it\/strumentazionedalaboratorio\/glossario\/analisi-multiparametrica\/#webpage\",\"url\":\"https:\/\/fkv.it\/strumentazionedalaboratorio\/glossario\/analisi-multiparametrica\/\",\"name\":\"Analisi Multiparametrica - FKV\",\"isPartOf\":{\"@id\":\"https:\/\/fkv.it\/strumentazionedalaboratorio\/#website\"},\"datePublished\":\"2022-09-23T12:54:39+00:00\",\"dateModified\":\"2022-10-05T15:28:24+00:00\",\"description\":\"L\\u2019analisi multiparametrica \\u00e8 un tipo di analisi che permette di gestire la determinazione di diversi parametri attraverso l\\u2019uso di sistemi manuali o automatizzati.\",\"inLanguage\":\"it-IT\",\"potentialAction\":[{\"@type\":\"ReadAction\",\"target\":[\"https:\/\/fkv.it\/strumentazionedalaboratorio\/glossario\/analisi-multiparametrica\/\"]}]}]}<\/script>\n<!-- \/ Yoast SEO plugin. -->","_links":{"self":[{"href":"https:\/\/fkv.it\/strumentazionedalaboratorio\/wp-json\/wp\/v2\/pages\/4287"}],"collection":[{"href":"https:\/\/fkv.it\/strumentazionedalaboratorio\/wp-json\/wp\/v2\/pages"}],"about":[{"href":"https:\/\/fkv.it\/strumentazionedalaboratorio\/wp-json\/wp\/v2\/types\/page"}],"author":[{"embeddable":true,"href":"https:\/\/fkv.it\/strumentazionedalaboratorio\/wp-json\/wp\/v2\/users\/3"}],"replies":[{"embeddable":true,"href":"https:\/\/fkv.it\/strumentazionedalaboratorio\/wp-json\/wp\/v2\/comments?post=4287"}],"version-history":[{"count":2,"href":"https:\/\/fkv.it\/strumentazionedalaboratorio\/wp-json\/wp\/v2\/pages\/4287\/revisions"}],"predecessor-version":[{"id":4350,"href":"https:\/\/fkv.it\/strumentazionedalaboratorio\/wp-json\/wp\/v2\/pages\/4287\/revisions\/4350"}],"up":[{"embeddable":true,"href":"https:\/\/fkv.it\/strumentazionedalaboratorio\/wp-json\/wp\/v2\/pages\/1042"}],"wp:attachment":[{"href":"https:\/\/fkv.it\/strumentazionedalaboratorio\/wp-json\/wp\/v2\/media?parent=4287"}],"curies":[{"name":"wp","href":"https:\/\/api.w.org\/{rel}","templated":true}]}}