{"id":4180,"date":"2022-08-03T08:14:56","date_gmt":"2022-08-03T08:14:56","guid":{"rendered":"https:\/\/fkv.it\/strumentazionedalaboratorio\/?page_id=4180"},"modified":"2022-09-12T15:55:57","modified_gmt":"2022-09-12T15:55:57","slug":"galvanostegia-bagni-galvanici","status":"publish","type":"page","link":"https:\/\/fkv.it\/strumentazionedalaboratorio\/glossario\/galvanostegia-bagni-galvanici\/","title":{"rendered":"Galvanostegia (Bagni Galvanici)"},"content":{"rendered":"\n<p>Processo <strong>elettrochimico <\/strong>che permette di ricoprire un metallo non nobile con un sottile strato di metallo prezioso. Questa procedura pu\u00f2 avere fini estetici oppure di protezione ad agenti corrosivi e avviene all\u2019interno di una cella elettrochimica dove il catodo \u00e8 l\u2019oggetto da ricoprire.<\/p>\n\n\n\n<p>I <strong>bagni elettrolitici<\/strong> invece sono costituiti da soluzioni contenenti il sale disciolto del metallo da depositare. Ad esempio se si vuole eseguire una placcatura in argento di un oggetto di nichel il bagno deve essere a base di un complesso stabile di un sale di argento.<\/p>\n\n\n\n<p>I<strong> bagni galvanici<\/strong> sono quindi caratterizzati da vasche all\u2019interno del quale avvengono questi processi di placcatura con metalli preziosi. Vista l\u2019elevata concentrazione di metalli all\u2019interno di questi bagni, una delle analisi pi\u00f9 diffuse in questo contesto \u00e8 la determinazione dei metalli.<\/p>\n\n\n\n<p><strong>FKV <\/strong>offre una gamma strumentale molto ampia per questo tipo di determinazioni grazie alla serie <a href=\"https:\/\/fkv.it\/prodotti\/analisi-chimiche\/assorbimento-atomico\/contraa-800g-assorbimento-atomico-ad-alta-risoluzione-in-fornetto-di-grafite\">contrAA <\/a>di <a href=\"https:\/\/fkv.it\/rappresentate\/analytik-jena\">Analytik Jena<\/a>. Il contrAA \u00e8 uno strumento che combina la versatilit\u00e0 e la velocit\u00e0 di un ICP OES alla robustezza e la facilit\u00e0 di utilizzo di un AAS. Grazie a questa tecnica \u00e8 possibile semplificare in modo sostanziale le determinazioni dei metalli sui bagni galvanici.<\/p>\n","protected":false},"excerpt":{"rendered":"<p>Processo elettrochimico che permette di ricoprire un metallo non nobile con un sottile strato di metallo prezioso. Questa procedura pu\u00f2 avere fini estetici oppure di protezione ad agenti corrosivi e avviene all\u2019interno di una cella elettrochimica dove il catodo \u00e8 l\u2019oggetto da ricoprire. I bagni&#8230;<\/p>\n","protected":false},"author":3,"featured_media":0,"parent":1042,"menu_order":21,"comment_status":"closed","ping_status":"closed","template":"page-glossario-figlie.php","meta":[],"yoast_head":"<!-- This site is optimized with the Yoast SEO plugin v15.0 - https:\/\/yoast.com\/wordpress\/plugins\/seo\/ -->\n<title>Galvanostegia (Bagni Galvanici)<\/title>\n<meta name=\"description\" content=\"Processo elettrochimico che permette di ricoprire un metallo non nobile con un sottile strato di metallo prezioso. Questa procedura pu\u00f2 avere fini estetici oppure di protezione ad agenti corrosivi e avviene all\u2019interno di una cella elettrochimica dove il catodo \u00e8 l\u2019oggetto da ricoprire.\" \/>\n<meta name=\"robots\" content=\"index, follow, max-snippet:-1, max-image-preview:large, max-video-preview:-1\" \/>\n<link rel=\"canonical\" href=\"https:\/\/fkv.it\/strumentazionedalaboratorio\/glossario\/galvanostegia-bagni-galvanici\/\" \/>\n<meta property=\"og:locale\" content=\"it_IT\" \/>\n<meta property=\"og:type\" content=\"article\" \/>\n<meta property=\"og:title\" content=\"Galvanostegia (Bagni Galvanici)\" \/>\n<meta property=\"og:description\" content=\"Processo elettrochimico che permette di ricoprire un metallo non nobile con un sottile strato di metallo prezioso. Questa procedura pu\u00f2 avere fini estetici oppure di protezione ad agenti corrosivi e avviene all\u2019interno di una cella elettrochimica dove il catodo \u00e8 l\u2019oggetto da ricoprire.\" \/>\n<meta property=\"og:url\" content=\"https:\/\/fkv.it\/strumentazionedalaboratorio\/glossario\/galvanostegia-bagni-galvanici\/\" \/>\n<meta property=\"og:site_name\" content=\"FKV\" \/>\n<meta property=\"article:publisher\" content=\"https:\/\/www.facebook.com\/pages\/FKV-SRL\/193967133985052\" \/>\n<meta property=\"article:modified_time\" content=\"2022-09-12T15:55:57+00:00\" \/>\n<meta name=\"twitter:card\" content=\"summary_large_image\" \/>\n<script type=\"application\/ld+json\" class=\"yoast-schema-graph\">{\"@context\":\"https:\/\/schema.org\",\"@graph\":[{\"@type\":\"Organization\",\"@id\":\"https:\/\/fkv.it\/strumentazionedalaboratorio\/#organization\",\"name\":\"FKV - Strumenti per Laboratorio\",\"url\":\"https:\/\/fkv.it\/strumentazionedalaboratorio\/\",\"sameAs\":[\"https:\/\/www.facebook.com\/pages\/FKV-SRL\/193967133985052\",\"https:\/\/www.linkedin.com\/company\/fkv-srl\"],\"logo\":{\"@type\":\"ImageObject\",\"@id\":\"https:\/\/fkv.it\/strumentazionedalaboratorio\/#logo\",\"inLanguage\":\"it-IT\",\"url\":\"https:\/\/fkv.it\/strumentazionedalaboratorio\/wp-content\/uploads\/2019\/09\/logo_FKV.png\",\"width\":150,\"height\":86,\"caption\":\"FKV - Strumenti per Laboratorio\"},\"image\":{\"@id\":\"https:\/\/fkv.it\/strumentazionedalaboratorio\/#logo\"}},{\"@type\":\"WebSite\",\"@id\":\"https:\/\/fkv.it\/strumentazionedalaboratorio\/#website\",\"url\":\"https:\/\/fkv.it\/strumentazionedalaboratorio\/\",\"name\":\"FKV\",\"description\":\"\",\"publisher\":{\"@id\":\"https:\/\/fkv.it\/strumentazionedalaboratorio\/#organization\"},\"potentialAction\":[{\"@type\":\"SearchAction\",\"target\":\"https:\/\/fkv.it\/strumentazionedalaboratorio\/?s={search_term_string}\",\"query-input\":\"required name=search_term_string\"}],\"inLanguage\":\"it-IT\"},{\"@type\":\"WebPage\",\"@id\":\"https:\/\/fkv.it\/strumentazionedalaboratorio\/glossario\/galvanostegia-bagni-galvanici\/#webpage\",\"url\":\"https:\/\/fkv.it\/strumentazionedalaboratorio\/glossario\/galvanostegia-bagni-galvanici\/\",\"name\":\"Galvanostegia (Bagni Galvanici)\",\"isPartOf\":{\"@id\":\"https:\/\/fkv.it\/strumentazionedalaboratorio\/#website\"},\"datePublished\":\"2022-08-03T08:14:56+00:00\",\"dateModified\":\"2022-09-12T15:55:57+00:00\",\"description\":\"Processo elettrochimico che permette di ricoprire un metallo non nobile con un sottile strato di metallo prezioso. Questa procedura pu\\u00f2 avere fini estetici oppure di protezione ad agenti corrosivi e avviene all\\u2019interno di una cella elettrochimica dove il catodo \\u00e8 l\\u2019oggetto da ricoprire.\",\"inLanguage\":\"it-IT\",\"potentialAction\":[{\"@type\":\"ReadAction\",\"target\":[\"https:\/\/fkv.it\/strumentazionedalaboratorio\/glossario\/galvanostegia-bagni-galvanici\/\"]}]}]}<\/script>\n<!-- \/ Yoast SEO plugin. -->","_links":{"self":[{"href":"https:\/\/fkv.it\/strumentazionedalaboratorio\/wp-json\/wp\/v2\/pages\/4180"}],"collection":[{"href":"https:\/\/fkv.it\/strumentazionedalaboratorio\/wp-json\/wp\/v2\/pages"}],"about":[{"href":"https:\/\/fkv.it\/strumentazionedalaboratorio\/wp-json\/wp\/v2\/types\/page"}],"author":[{"embeddable":true,"href":"https:\/\/fkv.it\/strumentazionedalaboratorio\/wp-json\/wp\/v2\/users\/3"}],"replies":[{"embeddable":true,"href":"https:\/\/fkv.it\/strumentazionedalaboratorio\/wp-json\/wp\/v2\/comments?post=4180"}],"version-history":[{"count":1,"href":"https:\/\/fkv.it\/strumentazionedalaboratorio\/wp-json\/wp\/v2\/pages\/4180\/revisions"}],"predecessor-version":[{"id":4181,"href":"https:\/\/fkv.it\/strumentazionedalaboratorio\/wp-json\/wp\/v2\/pages\/4180\/revisions\/4181"}],"up":[{"embeddable":true,"href":"https:\/\/fkv.it\/strumentazionedalaboratorio\/wp-json\/wp\/v2\/pages\/1042"}],"wp:attachment":[{"href":"https:\/\/fkv.it\/strumentazionedalaboratorio\/wp-json\/wp\/v2\/media?parent=4180"}],"curies":[{"name":"wp","href":"https:\/\/api.w.org\/{rel}","templated":true}]}}