{"id":4103,"date":"2022-07-07T10:20:33","date_gmt":"2022-07-07T10:20:33","guid":{"rendered":"https:\/\/fkv.it\/strumentazionedalaboratorio\/?page_id=4103"},"modified":"2022-07-14T14:19:41","modified_gmt":"2022-07-14T14:19:41","slug":"estrusione","status":"publish","type":"page","link":"https:\/\/fkv.it\/strumentazionedalaboratorio\/glossario\/estrusione\/","title":{"rendered":"Estrusione"},"content":{"rendered":"\n<p>Il processo di <strong>estrusione<\/strong> prevede che un materiale venga sottoposto ad una forza tale da deformarlo e fargli assumere la forma desiderata. Vengono sottoposti tipicamente ad estrusione <strong>sostanze plastiche<\/strong>, <strong>gomme<\/strong> e a volte <strong>materiali metallici<\/strong>.<\/p>\n\n\n\n<p>\u00c8 importante determinare i parametri corretta a cui sottoporre un materiale durante il processo e definire in modo coerente la forza da imprimere, la pressione la geometria della filiera e il tipo di stampo necessario.<\/p>\n\n\n\n<p>Durante l\u2019estrusione il materiale viene portato allo stato fluido per poterlo forzare a passare attraverso la filiera chiamata anche testa d\u2019estrusione e poi eventualmente in successione in uno stampo. Un processo di estrusione prevede la presenza di un estrusore costituito da un cilindro riscaldato in pi\u00f9 zone con profili diversi di temperatura, una vite con un certo rapporto di compressione e una testa di estrusione.<\/p>\n\n\n\n<p>A valle sono poi equipaggiati stampi o avvolgitori a seconda del tipo di processo di trasformazione: stampaggio ad iniezione, semplice estrusione, filmatura in testa piana, filmatura in bolla etc.<\/p>\n\n\n\n<p>La <strong>reologia<\/strong> permette di studiare lo scorrimento del fludi proprio nelle condizioni dei processi di estrusione e di manipolazione delle <a href=\"https:\/\/fkv.it\/prodotti\/caratterizzazione-dei-materiali\/reologia-polimeri\">plastiche<\/a> e delle <a href=\"https:\/\/fkv.it\/prodotti\/caratterizzazione-dei-materiali\/reologia-elastomeri\">gomme<\/a>, questo \u00e8 molto importante perch\u00e9 si ha a che fare con fluidi complessi che hanno comportamenti tendenzialmente non newtoniani, dove la viscosit\u00e0 tende a variare in maniera non lineare allo sforzo applicato alla materia.<\/p>\n\n\n\n<p><strong>FKV<\/strong> collabora con <a href=\"https:\/\/fkv.it\/rappresentate\/goettfert\">G\u00f6ttfert<\/a> da decenni nella distribuzione di soluzioni per lo studio delle caratteristiche reologiche di materiali plastici e gomme.<\/p>\n","protected":false},"excerpt":{"rendered":"<p>Il processo di estrusione prevede che un materiale venga sottoposto ad una forza tale da deformarlo e fargli assumere la forma desiderata. Vengono sottoposti tipicamente ad estrusione sostanze plastiche, gomme e a volte materiali metallici. \u00c8 importante determinare i parametri corretta a cui sottoporre un&#8230;<\/p>\n","protected":false},"author":3,"featured_media":0,"parent":1042,"menu_order":22,"comment_status":"closed","ping_status":"closed","template":"page-glossario-figlie.php","meta":[],"yoast_head":"<!-- This site is optimized with the Yoast SEO plugin v15.0 - https:\/\/yoast.com\/wordpress\/plugins\/seo\/ -->\n<title>Estrusione: in cosa consiste - FKV<\/title>\n<meta name=\"description\" content=\"Il processo di estrusione prevede che un materiale venga sottoposto ad una forza tale da deformarlo e fargli assumere la forma desiderata.\" \/>\n<meta name=\"robots\" content=\"index, follow, max-snippet:-1, max-image-preview:large, max-video-preview:-1\" \/>\n<link rel=\"canonical\" href=\"https:\/\/fkv.it\/strumentazionedalaboratorio\/glossario\/estrusione\/\" \/>\n<meta property=\"og:locale\" content=\"it_IT\" \/>\n<meta property=\"og:type\" content=\"article\" \/>\n<meta property=\"og:title\" content=\"Estrusione: in cosa consiste - FKV\" \/>\n<meta property=\"og:description\" content=\"Il processo di estrusione prevede che un materiale venga sottoposto ad una forza tale da deformarlo e fargli assumere la forma desiderata.\" \/>\n<meta property=\"og:url\" content=\"https:\/\/fkv.it\/strumentazionedalaboratorio\/glossario\/estrusione\/\" \/>\n<meta property=\"og:site_name\" content=\"FKV\" \/>\n<meta property=\"article:publisher\" content=\"https:\/\/www.facebook.com\/pages\/FKV-SRL\/193967133985052\" \/>\n<meta property=\"article:modified_time\" content=\"2022-07-14T14:19:41+00:00\" \/>\n<meta name=\"twitter:card\" content=\"summary_large_image\" \/>\n<script type=\"application\/ld+json\" class=\"yoast-schema-graph\">{\"@context\":\"https:\/\/schema.org\",\"@graph\":[{\"@type\":\"Organization\",\"@id\":\"https:\/\/fkv.it\/strumentazionedalaboratorio\/#organization\",\"name\":\"FKV - Strumenti per Laboratorio\",\"url\":\"https:\/\/fkv.it\/strumentazionedalaboratorio\/\",\"sameAs\":[\"https:\/\/www.facebook.com\/pages\/FKV-SRL\/193967133985052\",\"https:\/\/www.linkedin.com\/company\/fkv-srl\"],\"logo\":{\"@type\":\"ImageObject\",\"@id\":\"https:\/\/fkv.it\/strumentazionedalaboratorio\/#logo\",\"inLanguage\":\"it-IT\",\"url\":\"https:\/\/fkv.it\/strumentazionedalaboratorio\/wp-content\/uploads\/2019\/09\/logo_FKV.png\",\"width\":150,\"height\":86,\"caption\":\"FKV - Strumenti per Laboratorio\"},\"image\":{\"@id\":\"https:\/\/fkv.it\/strumentazionedalaboratorio\/#logo\"}},{\"@type\":\"WebSite\",\"@id\":\"https:\/\/fkv.it\/strumentazionedalaboratorio\/#website\",\"url\":\"https:\/\/fkv.it\/strumentazionedalaboratorio\/\",\"name\":\"FKV\",\"description\":\"\",\"publisher\":{\"@id\":\"https:\/\/fkv.it\/strumentazionedalaboratorio\/#organization\"},\"potentialAction\":[{\"@type\":\"SearchAction\",\"target\":\"https:\/\/fkv.it\/strumentazionedalaboratorio\/?s={search_term_string}\",\"query-input\":\"required name=search_term_string\"}],\"inLanguage\":\"it-IT\"},{\"@type\":\"WebPage\",\"@id\":\"https:\/\/fkv.it\/strumentazionedalaboratorio\/glossario\/estrusione\/#webpage\",\"url\":\"https:\/\/fkv.it\/strumentazionedalaboratorio\/glossario\/estrusione\/\",\"name\":\"Estrusione: in cosa consiste - FKV\",\"isPartOf\":{\"@id\":\"https:\/\/fkv.it\/strumentazionedalaboratorio\/#website\"},\"datePublished\":\"2022-07-07T10:20:33+00:00\",\"dateModified\":\"2022-07-14T14:19:41+00:00\",\"description\":\"Il processo di estrusione prevede che un materiale venga sottoposto ad una forza tale da deformarlo e fargli assumere la forma desiderata.\",\"inLanguage\":\"it-IT\",\"potentialAction\":[{\"@type\":\"ReadAction\",\"target\":[\"https:\/\/fkv.it\/strumentazionedalaboratorio\/glossario\/estrusione\/\"]}]}]}<\/script>\n<!-- \/ Yoast SEO plugin. -->","_links":{"self":[{"href":"https:\/\/fkv.it\/strumentazionedalaboratorio\/wp-json\/wp\/v2\/pages\/4103"}],"collection":[{"href":"https:\/\/fkv.it\/strumentazionedalaboratorio\/wp-json\/wp\/v2\/pages"}],"about":[{"href":"https:\/\/fkv.it\/strumentazionedalaboratorio\/wp-json\/wp\/v2\/types\/page"}],"author":[{"embeddable":true,"href":"https:\/\/fkv.it\/strumentazionedalaboratorio\/wp-json\/wp\/v2\/users\/3"}],"replies":[{"embeddable":true,"href":"https:\/\/fkv.it\/strumentazionedalaboratorio\/wp-json\/wp\/v2\/comments?post=4103"}],"version-history":[{"count":2,"href":"https:\/\/fkv.it\/strumentazionedalaboratorio\/wp-json\/wp\/v2\/pages\/4103\/revisions"}],"predecessor-version":[{"id":4144,"href":"https:\/\/fkv.it\/strumentazionedalaboratorio\/wp-json\/wp\/v2\/pages\/4103\/revisions\/4144"}],"up":[{"embeddable":true,"href":"https:\/\/fkv.it\/strumentazionedalaboratorio\/wp-json\/wp\/v2\/pages\/1042"}],"wp:attachment":[{"href":"https:\/\/fkv.it\/strumentazionedalaboratorio\/wp-json\/wp\/v2\/media?parent=4103"}],"curies":[{"name":"wp","href":"https:\/\/api.w.org\/{rel}","templated":true}]}}