{"id":3807,"date":"2022-03-29T07:06:32","date_gmt":"2022-03-29T07:06:32","guid":{"rendered":"https:\/\/fkv.it\/strumentazionedalaboratorio\/?page_id=3807"},"modified":"2022-04-05T16:23:07","modified_gmt":"2022-04-05T16:23:07","slug":"pfu-pneumatici-fuori-uso","status":"publish","type":"page","link":"https:\/\/fkv.it\/strumentazionedalaboratorio\/glossario\/pfu-pneumatici-fuori-uso\/","title":{"rendered":"PFU (Pneumatici Fuori Uso)"},"content":{"rendered":"\n<p><strong>PFU <\/strong>\u00e8 un acronimo che identifica i rifiuti prodotti dalla dismissione degli pneumatici non pi\u00f9 utilizzabili in autovetture, moto o mezzi pesanti. Gli pneumatici sono costituiti da una parte funzionale (<strong>mix di gomme naturali e\/o sintetiche<\/strong>) e da una parte strutturale composta da <strong>fibre tessili e metalliche<\/strong>. Al mix funzionale gommato sono aggiunti degli <strong>additivi <\/strong>per rendere il prodotto flessibile, elastico e anche resistente all\u2019invecchiamento ed al rotolamento su asfalto.<\/p>\n\n\n\n<p>Data la sua composizione, il PFU ha una serie di caratteristiche che lo rendono un <strong>rifiuto utilizzabile anche post-consumo<\/strong>, sia per il <strong>recupero della materia<\/strong> con processi da riciclo oppure per <strong>recupero energetico<\/strong> come combustibile secondario in termovalorizzatori o cementifici.<\/p>\n\n\n\n<p>L\u2019utilizzo pi\u00f9 diffuso \u00e8 del PFU \u00e8 attualmente il <strong>recupero della materia gomma come materiale da intaso per parchi giochi<\/strong>, <strong>campi in erba sintetica o asfalti<\/strong>. Per regolamentare l\u2019utilizzo del PFU esistono numerose normative sia europee che italiane, alcune anche molto recenti come il <a href=\"https:\/\/eur-lex.europa.eu\/legal-content\/IT\/TXT\/PDF\/?uri=CELEX:32021R1199&amp;from=EN\">Regolamento (UE) 2021\/1199<\/a> della commissione del 20 Luglio 2021. Il regolamento UE prevede <strong>accurati controlli chimico-fisici<\/strong> e limiti di conformit\u00e0 della materia riciclata al fine di garantire la sicurezza del prodotto secondario finale.<\/p>\n\n\n\n<p><strong>FKV <\/strong>ha molta esperienza sulla strumentazione legata alle <strong>analisi su PFU<\/strong>. Per la determinazione del Carbonio Organico Disciolto (DOC) e degli EOX (composti alogenati organici estraibili) si dispone della serie di <a href=\"https:\/\/fkv.it\/prodotti\/analisi-chimiche\/analisi-toc-tox-eox-pox\">analizzatori<\/a> MultiX 2500 e MultiNC 3100. Per quanto concerne la determinazione dei metalli si dispone della linea analitica di <a href=\"https:\/\/fkv.it\/prodotti\/analisi-chimiche\/analisi-icp-oes-icp-ms\">spettroscopia<\/a> quale l\u2019ICP-OES Plasma Quant 9100 e l\u2019ICP-MS Plasma Quant MS tutti prodotti da Analytik Jena.<\/p>\n\n\n\n<p>Nell\u2019estrazione con solventi dei PFU per la determinazione degli IPA \u00e8 possibile offrire strumentazione di ultima generazione come gli <a href=\"https:\/\/fkv.it\/prodotti\/preparazione-del-campione\/estrazione\">estrattori a microonde<\/a> EthosX di Milestone. Oltre alle prove di natura chimica abbiamo una notevole esperienza anche in analisi fisiche come le <a href=\"https:\/\/fkv.it\/prodotti\/caratterizzazione-dei-materiali\/macchine-di-prova\">prove di flessibilit\u00e0<\/a> eseguite con sistemi Galdabini.<\/p>\n","protected":false},"excerpt":{"rendered":"<p>PFU \u00e8 un acronimo che identifica i rifiuti prodotti dalla dismissione degli pneumatici non pi\u00f9 utilizzabili in autovetture, moto o mezzi pesanti. Gli pneumatici sono costituiti da una parte funzionale (mix di gomme naturali e\/o sintetiche) e da una parte strutturale composta da fibre tessili&#8230;<\/p>\n","protected":false},"author":3,"featured_media":0,"parent":1042,"menu_order":28,"comment_status":"closed","ping_status":"closed","template":"page-glossario-figlie.php","meta":[],"yoast_head":"<!-- This site is optimized with the Yoast SEO plugin v15.0 - https:\/\/yoast.com\/wordpress\/plugins\/seo\/ -->\n<title>PFU (Pneumatici Fuori Uso): che cosa sono? - FKV<\/title>\n<meta name=\"description\" content=\"PFU \u00e8 un acronimo che identifica i rifiuti prodotti dalla dismissione degli pneumatici non pi\u00f9 utilizzabili in autovetture, moto o mezzi pesanti.\" \/>\n<meta name=\"robots\" content=\"index, follow, max-snippet:-1, max-image-preview:large, max-video-preview:-1\" \/>\n<link rel=\"canonical\" href=\"https:\/\/fkv.it\/strumentazionedalaboratorio\/glossario\/pfu-pneumatici-fuori-uso\/\" \/>\n<meta property=\"og:locale\" content=\"it_IT\" \/>\n<meta property=\"og:type\" content=\"article\" \/>\n<meta property=\"og:title\" content=\"PFU (Pneumatici Fuori Uso): che cosa sono? - FKV\" \/>\n<meta property=\"og:description\" content=\"PFU \u00e8 un acronimo che identifica i rifiuti prodotti dalla dismissione degli pneumatici non pi\u00f9 utilizzabili in autovetture, moto o mezzi pesanti.\" \/>\n<meta property=\"og:url\" content=\"https:\/\/fkv.it\/strumentazionedalaboratorio\/glossario\/pfu-pneumatici-fuori-uso\/\" \/>\n<meta property=\"og:site_name\" content=\"FKV\" \/>\n<meta property=\"article:publisher\" content=\"https:\/\/www.facebook.com\/pages\/FKV-SRL\/193967133985052\" \/>\n<meta property=\"article:modified_time\" content=\"2022-04-05T16:23:07+00:00\" \/>\n<meta name=\"twitter:card\" content=\"summary_large_image\" \/>\n<script type=\"application\/ld+json\" class=\"yoast-schema-graph\">{\"@context\":\"https:\/\/schema.org\",\"@graph\":[{\"@type\":\"Organization\",\"@id\":\"https:\/\/fkv.it\/strumentazionedalaboratorio\/#organization\",\"name\":\"FKV - Strumenti per Laboratorio\",\"url\":\"https:\/\/fkv.it\/strumentazionedalaboratorio\/\",\"sameAs\":[\"https:\/\/www.facebook.com\/pages\/FKV-SRL\/193967133985052\",\"https:\/\/www.linkedin.com\/company\/fkv-srl\"],\"logo\":{\"@type\":\"ImageObject\",\"@id\":\"https:\/\/fkv.it\/strumentazionedalaboratorio\/#logo\",\"inLanguage\":\"it-IT\",\"url\":\"https:\/\/fkv.it\/strumentazionedalaboratorio\/wp-content\/uploads\/2019\/09\/logo_FKV.png\",\"width\":150,\"height\":86,\"caption\":\"FKV - Strumenti per Laboratorio\"},\"image\":{\"@id\":\"https:\/\/fkv.it\/strumentazionedalaboratorio\/#logo\"}},{\"@type\":\"WebSite\",\"@id\":\"https:\/\/fkv.it\/strumentazionedalaboratorio\/#website\",\"url\":\"https:\/\/fkv.it\/strumentazionedalaboratorio\/\",\"name\":\"FKV\",\"description\":\"\",\"publisher\":{\"@id\":\"https:\/\/fkv.it\/strumentazionedalaboratorio\/#organization\"},\"potentialAction\":[{\"@type\":\"SearchAction\",\"target\":\"https:\/\/fkv.it\/strumentazionedalaboratorio\/?s={search_term_string}\",\"query-input\":\"required name=search_term_string\"}],\"inLanguage\":\"it-IT\"},{\"@type\":\"WebPage\",\"@id\":\"https:\/\/fkv.it\/strumentazionedalaboratorio\/glossario\/pfu-pneumatici-fuori-uso\/#webpage\",\"url\":\"https:\/\/fkv.it\/strumentazionedalaboratorio\/glossario\/pfu-pneumatici-fuori-uso\/\",\"name\":\"PFU (Pneumatici Fuori Uso): che cosa sono? - FKV\",\"isPartOf\":{\"@id\":\"https:\/\/fkv.it\/strumentazionedalaboratorio\/#website\"},\"datePublished\":\"2022-03-29T07:06:32+00:00\",\"dateModified\":\"2022-04-05T16:23:07+00:00\",\"description\":\"PFU \\u00e8 un acronimo che identifica i rifiuti prodotti dalla dismissione degli pneumatici non pi\\u00f9 utilizzabili in autovetture, moto o mezzi pesanti.\",\"inLanguage\":\"it-IT\",\"potentialAction\":[{\"@type\":\"ReadAction\",\"target\":[\"https:\/\/fkv.it\/strumentazionedalaboratorio\/glossario\/pfu-pneumatici-fuori-uso\/\"]}]}]}<\/script>\n<!-- \/ Yoast SEO plugin. -->","_links":{"self":[{"href":"https:\/\/fkv.it\/strumentazionedalaboratorio\/wp-json\/wp\/v2\/pages\/3807"}],"collection":[{"href":"https:\/\/fkv.it\/strumentazionedalaboratorio\/wp-json\/wp\/v2\/pages"}],"about":[{"href":"https:\/\/fkv.it\/strumentazionedalaboratorio\/wp-json\/wp\/v2\/types\/page"}],"author":[{"embeddable":true,"href":"https:\/\/fkv.it\/strumentazionedalaboratorio\/wp-json\/wp\/v2\/users\/3"}],"replies":[{"embeddable":true,"href":"https:\/\/fkv.it\/strumentazionedalaboratorio\/wp-json\/wp\/v2\/comments?post=3807"}],"version-history":[{"count":2,"href":"https:\/\/fkv.it\/strumentazionedalaboratorio\/wp-json\/wp\/v2\/pages\/3807\/revisions"}],"predecessor-version":[{"id":3840,"href":"https:\/\/fkv.it\/strumentazionedalaboratorio\/wp-json\/wp\/v2\/pages\/3807\/revisions\/3840"}],"up":[{"embeddable":true,"href":"https:\/\/fkv.it\/strumentazionedalaboratorio\/wp-json\/wp\/v2\/pages\/1042"}],"wp:attachment":[{"href":"https:\/\/fkv.it\/strumentazionedalaboratorio\/wp-json\/wp\/v2\/media?parent=3807"}],"curies":[{"name":"wp","href":"https:\/\/api.w.org\/{rel}","templated":true}]}}