{"id":3097,"date":"2021-08-31T10:58:37","date_gmt":"2021-08-31T10:58:37","guid":{"rendered":"https:\/\/fkv.it\/strumentazionedalaboratorio\/?page_id=3097"},"modified":"2021-09-21T06:59:32","modified_gmt":"2021-09-21T06:59:32","slug":"grado-di-polimerizzazione","status":"publish","type":"page","link":"https:\/\/fkv.it\/strumentazionedalaboratorio\/glossario\/grado-di-polimerizzazione\/","title":{"rendered":"Grado di polimerizzazione"},"content":{"rendered":"\n<p>Il <strong>grado di polimerizzazione<\/strong> \u00e8 un parametro di grande importanza quando parliamo delle propriet\u00e0 di un materiale plastico. Questo parametro indica <strong>il numero di unit\u00e0 ripetute<\/strong> presenti nella struttura di un polimero ed \u00e8 quindi direttamente collegato al peso molecolare del materiale. Il grado di polimerizzazione, in Inglese Degree of Polymerization, permette di valutare alcune propriet\u00e0 meccaniche e prestazionali di un polimero. Tipicamente, l\u2019influenza del grado di polimerizzazione \u00e8 pi\u00f9 accentuata quando i materiali studiati hanno un basso peso molecolare, mentre su pesi molecolari pi\u00f9 elevati le prestazioni non subiscono grosse differenze in funzione del grado di polimerizzazione.\u00a0<\/p>\n\n\n\n<p>Con l\u2019<a href=\"https:\/\/fkv.it\/prodotti\/analisi-chimiche\/analisi-nmr\/spinsolve-spettrometro-nmr?gclid=Cj0KCQjwpreJBhDvARIsAF1_BU2FjlCn_OOg_P7acxw6Pd2oUHCHD1I_DEOw8EMYnCjLMU7S0fnJ0b4aAlyUEALw_wcB\">NMR Spinsolve di Magritek<\/a> distribuito da <strong>FKV<\/strong> \u00e8 possibile determinare il <strong>grado di polimerizzazione confrontando negli spettri 1D1H<\/strong> l\u2019integrale del gruppo terminale e l\u2019integrale dell\u2019unit\u00e0 di catena ripetuta di interesse.<\/p>\n","protected":false},"excerpt":{"rendered":"<p>Il grado di polimerizzazione \u00e8 un parametro di grande importanza quando parliamo delle propriet\u00e0 di un materiale plastico. Questo parametro indica il numero di unit\u00e0 ripetute presenti nella struttura di un polimero ed \u00e8 quindi direttamente collegato al peso molecolare del materiale. Il grado di&#8230;<\/p>\n","protected":false},"author":1,"featured_media":0,"parent":1042,"menu_order":30,"comment_status":"closed","ping_status":"closed","template":"page-glossario-figlie.php","meta":[],"yoast_head":"<!-- This site is optimized with the Yoast SEO plugin v15.0 - https:\/\/yoast.com\/wordpress\/plugins\/seo\/ -->\n<title>Grado di polimerizzazione - FKV<\/title>\n<meta name=\"robots\" content=\"index, follow, max-snippet:-1, max-image-preview:large, max-video-preview:-1\" \/>\n<link rel=\"canonical\" href=\"https:\/\/fkv.it\/strumentazionedalaboratorio\/glossario\/grado-di-polimerizzazione\/\" \/>\n<meta property=\"og:locale\" content=\"it_IT\" \/>\n<meta property=\"og:type\" content=\"article\" \/>\n<meta property=\"og:title\" content=\"Grado di polimerizzazione - FKV\" \/>\n<meta property=\"og:description\" content=\"Il grado di polimerizzazione \u00e8 un parametro di grande importanza quando parliamo delle propriet\u00e0 di un materiale plastico. Questo parametro indica il numero di unit\u00e0 ripetute presenti nella struttura di un polimero ed \u00e8 quindi direttamente collegato al peso molecolare del materiale. Il grado di...\" \/>\n<meta property=\"og:url\" content=\"https:\/\/fkv.it\/strumentazionedalaboratorio\/glossario\/grado-di-polimerizzazione\/\" \/>\n<meta property=\"og:site_name\" content=\"FKV\" \/>\n<meta property=\"article:publisher\" content=\"https:\/\/www.facebook.com\/pages\/FKV-SRL\/193967133985052\" \/>\n<meta property=\"article:modified_time\" content=\"2021-09-21T06:59:32+00:00\" \/>\n<meta name=\"twitter:card\" content=\"summary_large_image\" \/>\n<script type=\"application\/ld+json\" class=\"yoast-schema-graph\">{\"@context\":\"https:\/\/schema.org\",\"@graph\":[{\"@type\":\"Organization\",\"@id\":\"https:\/\/fkv.it\/strumentazionedalaboratorio\/#organization\",\"name\":\"FKV - Strumenti per Laboratorio\",\"url\":\"https:\/\/fkv.it\/strumentazionedalaboratorio\/\",\"sameAs\":[\"https:\/\/www.facebook.com\/pages\/FKV-SRL\/193967133985052\",\"https:\/\/www.linkedin.com\/company\/fkv-srl\"],\"logo\":{\"@type\":\"ImageObject\",\"@id\":\"https:\/\/fkv.it\/strumentazionedalaboratorio\/#logo\",\"inLanguage\":\"it-IT\",\"url\":\"https:\/\/fkv.it\/strumentazionedalaboratorio\/wp-content\/uploads\/2019\/09\/logo_FKV.png\",\"width\":150,\"height\":86,\"caption\":\"FKV - Strumenti per Laboratorio\"},\"image\":{\"@id\":\"https:\/\/fkv.it\/strumentazionedalaboratorio\/#logo\"}},{\"@type\":\"WebSite\",\"@id\":\"https:\/\/fkv.it\/strumentazionedalaboratorio\/#website\",\"url\":\"https:\/\/fkv.it\/strumentazionedalaboratorio\/\",\"name\":\"FKV\",\"description\":\"\",\"publisher\":{\"@id\":\"https:\/\/fkv.it\/strumentazionedalaboratorio\/#organization\"},\"potentialAction\":[{\"@type\":\"SearchAction\",\"target\":\"https:\/\/fkv.it\/strumentazionedalaboratorio\/?s={search_term_string}\",\"query-input\":\"required name=search_term_string\"}],\"inLanguage\":\"it-IT\"},{\"@type\":\"WebPage\",\"@id\":\"https:\/\/fkv.it\/strumentazionedalaboratorio\/glossario\/grado-di-polimerizzazione\/#webpage\",\"url\":\"https:\/\/fkv.it\/strumentazionedalaboratorio\/glossario\/grado-di-polimerizzazione\/\",\"name\":\"Grado di polimerizzazione - FKV\",\"isPartOf\":{\"@id\":\"https:\/\/fkv.it\/strumentazionedalaboratorio\/#website\"},\"datePublished\":\"2021-08-31T10:58:37+00:00\",\"dateModified\":\"2021-09-21T06:59:32+00:00\",\"inLanguage\":\"it-IT\",\"potentialAction\":[{\"@type\":\"ReadAction\",\"target\":[\"https:\/\/fkv.it\/strumentazionedalaboratorio\/glossario\/grado-di-polimerizzazione\/\"]}]}]}<\/script>\n<!-- \/ Yoast SEO plugin. -->","_links":{"self":[{"href":"https:\/\/fkv.it\/strumentazionedalaboratorio\/wp-json\/wp\/v2\/pages\/3097"}],"collection":[{"href":"https:\/\/fkv.it\/strumentazionedalaboratorio\/wp-json\/wp\/v2\/pages"}],"about":[{"href":"https:\/\/fkv.it\/strumentazionedalaboratorio\/wp-json\/wp\/v2\/types\/page"}],"author":[{"embeddable":true,"href":"https:\/\/fkv.it\/strumentazionedalaboratorio\/wp-json\/wp\/v2\/users\/1"}],"replies":[{"embeddable":true,"href":"https:\/\/fkv.it\/strumentazionedalaboratorio\/wp-json\/wp\/v2\/comments?post=3097"}],"version-history":[{"count":2,"href":"https:\/\/fkv.it\/strumentazionedalaboratorio\/wp-json\/wp\/v2\/pages\/3097\/revisions"}],"predecessor-version":[{"id":3177,"href":"https:\/\/fkv.it\/strumentazionedalaboratorio\/wp-json\/wp\/v2\/pages\/3097\/revisions\/3177"}],"up":[{"embeddable":true,"href":"https:\/\/fkv.it\/strumentazionedalaboratorio\/wp-json\/wp\/v2\/pages\/1042"}],"wp:attachment":[{"href":"https:\/\/fkv.it\/strumentazionedalaboratorio\/wp-json\/wp\/v2\/media?parent=3097"}],"curies":[{"name":"wp","href":"https:\/\/api.w.org\/{rel}","templated":true}]}}