{"id":2498,"date":"2021-03-19T15:04:00","date_gmt":"2021-03-19T15:04:00","guid":{"rendered":"https:\/\/fkv.it\/strumentazionedalaboratorio\/?page_id=2498"},"modified":"2021-03-22T15:00:31","modified_gmt":"2021-03-22T15:00:31","slug":"reattori-in-acciaio","status":"publish","type":"page","link":"https:\/\/fkv.it\/strumentazionedalaboratorio\/glossario\/reattori-in-acciaio\/","title":{"rendered":"Reattori in Acciaio"},"content":{"rendered":"\n<p>Abbiamo definito un reattore come un <a href=\"https:\/\/fkv.it\/strumentazionedalaboratorio\/glossario\/reattore-chimico\/\">sistema all\u2019interno del quale avviene una reazione chimica<\/a> tra due sostanze che ne originano una terza o pi\u00f9 di una. Un reattore pu\u00f2 essere realizzato in <strong>diversi materiali<\/strong>, la scelta \u00e8 strettamente collegata al tipo di reazione da condurre e alle condizioni chimico-fisiche richieste. Gli <strong>unici materiali<\/strong> che permettono di effettuare reazioni sopra i 10 Bar, raggiungendo dunque <strong>condizioni estreme<\/strong>,&nbsp;sono le <strong>leghe metalliche<\/strong>, come l&#8217;<strong>acciaio<\/strong>.<\/p>\n\n\n\n<p>Inoltre \u00e8 importante specificare che non esiste un solo tipo di acciaio ma che sono disponibili diverse tipologie di leghe tutte classificabili come acciai e che a loro volta hanno caratteristiche specifiche che permettono di lavorare con sostanze pi\u00f9 o meno aggressive.<\/p>\n\n\n\n<p>FKV distribuisce da oltre 20 anni la linea strumentale Parr che dispone di <a href=\"https:\/\/fkv.it\/prodotti\/sintesi\/reattori-agitati-in-acciaio-lega\">reattori in acciaio<\/a> e leghe di diverse tipologie garantendo la massima flessibilit\u00e0 in termini di progettazione e realizzazione di <strong>reattori ad elevate performance<\/strong>.<\/p>\n","protected":false},"excerpt":{"rendered":"<p>Abbiamo definito un reattore come un sistema all\u2019interno del quale avviene una reazione chimica tra due sostanze che ne originano una terza o pi\u00f9 di una. Un reattore pu\u00f2 essere realizzato in diversi materiali, la scelta \u00e8 strettamente collegata al tipo di reazione da condurre&#8230;<\/p>\n","protected":false},"author":1,"featured_media":0,"parent":1042,"menu_order":37,"comment_status":"closed","ping_status":"closed","template":"page-glossario-figlie.php","meta":[],"yoast_head":"<!-- This site is optimized with the Yoast SEO plugin v15.0 - https:\/\/yoast.com\/wordpress\/plugins\/seo\/ -->\n<title>Reattori in Acciaio - FKV<\/title>\n<meta name=\"description\" content=\"Gli unici materiali che permettono di effettuare reazioni sopra i 10 Bar, raggiungendo condizioni estreme, sono le leghe metalliche, come l&#039;acciaio.\" \/>\n<meta name=\"robots\" content=\"index, follow, max-snippet:-1, max-image-preview:large, max-video-preview:-1\" \/>\n<link rel=\"canonical\" href=\"https:\/\/fkv.it\/strumentazionedalaboratorio\/glossario\/reattori-in-acciaio\/\" \/>\n<meta property=\"og:locale\" content=\"it_IT\" \/>\n<meta property=\"og:type\" content=\"article\" \/>\n<meta property=\"og:title\" content=\"Reattori in Acciaio - FKV\" \/>\n<meta property=\"og:description\" content=\"Gli unici materiali che permettono di effettuare reazioni sopra i 10 Bar, raggiungendo condizioni estreme, sono le leghe metalliche, come l&#039;acciaio.\" \/>\n<meta property=\"og:url\" content=\"https:\/\/fkv.it\/strumentazionedalaboratorio\/glossario\/reattori-in-acciaio\/\" \/>\n<meta property=\"og:site_name\" content=\"FKV\" \/>\n<meta property=\"article:publisher\" content=\"https:\/\/www.facebook.com\/pages\/FKV-SRL\/193967133985052\" \/>\n<meta property=\"article:modified_time\" content=\"2021-03-22T15:00:31+00:00\" \/>\n<meta name=\"twitter:card\" content=\"summary_large_image\" \/>\n<script type=\"application\/ld+json\" class=\"yoast-schema-graph\">{\"@context\":\"https:\/\/schema.org\",\"@graph\":[{\"@type\":\"Organization\",\"@id\":\"https:\/\/fkv.it\/strumentazionedalaboratorio\/#organization\",\"name\":\"FKV - Strumenti per Laboratorio\",\"url\":\"https:\/\/fkv.it\/strumentazionedalaboratorio\/\",\"sameAs\":[\"https:\/\/www.facebook.com\/pages\/FKV-SRL\/193967133985052\",\"https:\/\/www.linkedin.com\/company\/fkv-srl\"],\"logo\":{\"@type\":\"ImageObject\",\"@id\":\"https:\/\/fkv.it\/strumentazionedalaboratorio\/#logo\",\"inLanguage\":\"it-IT\",\"url\":\"https:\/\/fkv.it\/strumentazionedalaboratorio\/wp-content\/uploads\/2019\/09\/logo_FKV.png\",\"width\":150,\"height\":86,\"caption\":\"FKV - Strumenti per Laboratorio\"},\"image\":{\"@id\":\"https:\/\/fkv.it\/strumentazionedalaboratorio\/#logo\"}},{\"@type\":\"WebSite\",\"@id\":\"https:\/\/fkv.it\/strumentazionedalaboratorio\/#website\",\"url\":\"https:\/\/fkv.it\/strumentazionedalaboratorio\/\",\"name\":\"FKV\",\"description\":\"\",\"publisher\":{\"@id\":\"https:\/\/fkv.it\/strumentazionedalaboratorio\/#organization\"},\"potentialAction\":[{\"@type\":\"SearchAction\",\"target\":\"https:\/\/fkv.it\/strumentazionedalaboratorio\/?s={search_term_string}\",\"query-input\":\"required name=search_term_string\"}],\"inLanguage\":\"it-IT\"},{\"@type\":\"WebPage\",\"@id\":\"https:\/\/fkv.it\/strumentazionedalaboratorio\/glossario\/reattori-in-acciaio\/#webpage\",\"url\":\"https:\/\/fkv.it\/strumentazionedalaboratorio\/glossario\/reattori-in-acciaio\/\",\"name\":\"Reattori in Acciaio - FKV\",\"isPartOf\":{\"@id\":\"https:\/\/fkv.it\/strumentazionedalaboratorio\/#website\"},\"datePublished\":\"2021-03-19T15:04:00+00:00\",\"dateModified\":\"2021-03-22T15:00:31+00:00\",\"description\":\"Gli unici materiali che permettono di effettuare reazioni sopra i 10 Bar, raggiungendo condizioni estreme, sono le leghe metalliche, come l'acciaio.\",\"inLanguage\":\"it-IT\",\"potentialAction\":[{\"@type\":\"ReadAction\",\"target\":[\"https:\/\/fkv.it\/strumentazionedalaboratorio\/glossario\/reattori-in-acciaio\/\"]}]}]}<\/script>\n<!-- \/ Yoast SEO plugin. -->","_links":{"self":[{"href":"https:\/\/fkv.it\/strumentazionedalaboratorio\/wp-json\/wp\/v2\/pages\/2498"}],"collection":[{"href":"https:\/\/fkv.it\/strumentazionedalaboratorio\/wp-json\/wp\/v2\/pages"}],"about":[{"href":"https:\/\/fkv.it\/strumentazionedalaboratorio\/wp-json\/wp\/v2\/types\/page"}],"author":[{"embeddable":true,"href":"https:\/\/fkv.it\/strumentazionedalaboratorio\/wp-json\/wp\/v2\/users\/1"}],"replies":[{"embeddable":true,"href":"https:\/\/fkv.it\/strumentazionedalaboratorio\/wp-json\/wp\/v2\/comments?post=2498"}],"version-history":[{"count":3,"href":"https:\/\/fkv.it\/strumentazionedalaboratorio\/wp-json\/wp\/v2\/pages\/2498\/revisions"}],"predecessor-version":[{"id":2509,"href":"https:\/\/fkv.it\/strumentazionedalaboratorio\/wp-json\/wp\/v2\/pages\/2498\/revisions\/2509"}],"up":[{"embeddable":true,"href":"https:\/\/fkv.it\/strumentazionedalaboratorio\/wp-json\/wp\/v2\/pages\/1042"}],"wp:attachment":[{"href":"https:\/\/fkv.it\/strumentazionedalaboratorio\/wp-json\/wp\/v2\/media?parent=2498"}],"curies":[{"name":"wp","href":"https:\/\/api.w.org\/{rel}","templated":true}]}}