{"id":2469,"date":"2021-03-12T08:54:17","date_gmt":"2021-03-12T08:54:17","guid":{"rendered":"https:\/\/fkv.it\/strumentazionedalaboratorio\/?page_id=2469"},"modified":"2021-07-15T08:49:22","modified_gmt":"2021-07-15T08:49:22","slug":"nmr","status":"publish","type":"page","link":"https:\/\/fkv.it\/strumentazionedalaboratorio\/glossario\/nmr\/","title":{"rendered":"NMR &#8211; Spettroscopia di Risonanza Magnetica Nucleare"},"content":{"rendered":"\n<p>La <strong>Spettroscopia NMR<\/strong> \u00e8 una <strong>tecnica analitica<\/strong> di indagine basata sull\u2019<strong>osservazione del comportamento di protoni o di altri nuclei sottoposti ad un campo magnetico<\/strong>. Si tratta di una tecnica molto affidabile ed estremamente performante, che pu\u00f2 essere applicata a moltissime sostanze e permette di determinarle in modo molto preciso. NMR sta per <strong>Risonanza Magnetica Nucleare<\/strong>.<\/p>\n\n\n\n<p>La maggior parte delle reazioni chimiche prevede l\u2019interazione tra sostanze che seguendo determinati meccanismi di reazione formano uno o pi\u00f9 prodotti nuovi. Il monitoraggio di una reazione \u00e8 sicuramente un aspetto fondamentale se parliamo di <strong>sintesi<\/strong>. In questo ambito la <strong>tecnica 1H-NMR<\/strong> offre una notevole versatilit\u00e0 combinando specificit\u00e0 del segnale di una determinata molecola e sensibilit\u00e0 analitica.<\/p>\n\n\n\n<p>FKV propone uno <a href=\"https:\/\/fkv.it\/prodotti\/analisi-chimiche\/analisi-nmr\/spinsolve-spettrometro-nmr\">spettrometro NMR<\/a> nuovo e molto interessante in quanto utilizzabile su un <strong>banco da laboratorio<\/strong>. Possiede inoltre un ingombro minimo e costi di gestione molto bassi. La <a href=\"https:\/\/fkv.it\/rappresentate\/magritek\">linea Spinsolve di Magritek<\/a> \u00e8 stata progettata proprio per implementare l\u2019utilizzo della tecnica NMR e poterla sfruttare al meglio in tutti i contesti industriali, di ricerca e universitari.<\/p>\n","protected":false},"excerpt":{"rendered":"<p>La Spettroscopia NMR \u00e8 una tecnica analitica di indagine basata sull\u2019osservazione del comportamento di protoni o di altri nuclei sottoposti ad un campo magnetico. Si tratta di una tecnica molto affidabile ed estremamente performante, che pu\u00f2 essere applicata a moltissime sostanze e permette di determinarle&#8230;<\/p>\n","protected":false},"author":1,"featured_media":0,"parent":1042,"menu_order":38,"comment_status":"closed","ping_status":"closed","template":"","meta":[],"yoast_head":"<!-- This site is optimized with the Yoast SEO plugin v15.0 - https:\/\/yoast.com\/wordpress\/plugins\/seo\/ -->\n<title>Spettroscopia NMR: in cosa consiste - FKV<\/title>\n<meta name=\"description\" content=\"La spettroscopia NMR \u00e8 una tecnica che si basa sull\u2019osservazione del comportamento di protoni o di altri nuclei sottoposti ad un campo magnetico.\" \/>\n<meta name=\"robots\" content=\"index, follow, max-snippet:-1, max-image-preview:large, max-video-preview:-1\" \/>\n<link rel=\"canonical\" href=\"https:\/\/fkv.it\/strumentazionedalaboratorio\/glossario\/nmr\/\" \/>\n<meta property=\"og:locale\" content=\"it_IT\" \/>\n<meta property=\"og:type\" content=\"article\" \/>\n<meta property=\"og:title\" content=\"Spettroscopia NMR: in cosa consiste - FKV\" \/>\n<meta property=\"og:description\" content=\"La spettroscopia NMR \u00e8 una tecnica che si basa sull\u2019osservazione del comportamento di protoni o di altri nuclei sottoposti ad un campo magnetico.\" \/>\n<meta property=\"og:url\" content=\"https:\/\/fkv.it\/strumentazionedalaboratorio\/glossario\/nmr\/\" \/>\n<meta property=\"og:site_name\" content=\"FKV\" \/>\n<meta property=\"article:publisher\" content=\"https:\/\/www.facebook.com\/pages\/FKV-SRL\/193967133985052\" \/>\n<meta property=\"article:modified_time\" content=\"2021-07-15T08:49:22+00:00\" \/>\n<meta name=\"twitter:card\" content=\"summary_large_image\" \/>\n<script type=\"application\/ld+json\" class=\"yoast-schema-graph\">{\"@context\":\"https:\/\/schema.org\",\"@graph\":[{\"@type\":\"Organization\",\"@id\":\"https:\/\/fkv.it\/strumentazionedalaboratorio\/#organization\",\"name\":\"FKV - Strumenti per Laboratorio\",\"url\":\"https:\/\/fkv.it\/strumentazionedalaboratorio\/\",\"sameAs\":[\"https:\/\/www.facebook.com\/pages\/FKV-SRL\/193967133985052\",\"https:\/\/www.linkedin.com\/company\/fkv-srl\"],\"logo\":{\"@type\":\"ImageObject\",\"@id\":\"https:\/\/fkv.it\/strumentazionedalaboratorio\/#logo\",\"inLanguage\":\"it-IT\",\"url\":\"https:\/\/fkv.it\/strumentazionedalaboratorio\/wp-content\/uploads\/2019\/09\/logo_FKV.png\",\"width\":150,\"height\":86,\"caption\":\"FKV - Strumenti per Laboratorio\"},\"image\":{\"@id\":\"https:\/\/fkv.it\/strumentazionedalaboratorio\/#logo\"}},{\"@type\":\"WebSite\",\"@id\":\"https:\/\/fkv.it\/strumentazionedalaboratorio\/#website\",\"url\":\"https:\/\/fkv.it\/strumentazionedalaboratorio\/\",\"name\":\"FKV\",\"description\":\"\",\"publisher\":{\"@id\":\"https:\/\/fkv.it\/strumentazionedalaboratorio\/#organization\"},\"potentialAction\":[{\"@type\":\"SearchAction\",\"target\":\"https:\/\/fkv.it\/strumentazionedalaboratorio\/?s={search_term_string}\",\"query-input\":\"required name=search_term_string\"}],\"inLanguage\":\"it-IT\"},{\"@type\":\"WebPage\",\"@id\":\"https:\/\/fkv.it\/strumentazionedalaboratorio\/glossario\/nmr\/#webpage\",\"url\":\"https:\/\/fkv.it\/strumentazionedalaboratorio\/glossario\/nmr\/\",\"name\":\"Spettroscopia NMR: in cosa consiste - FKV\",\"isPartOf\":{\"@id\":\"https:\/\/fkv.it\/strumentazionedalaboratorio\/#website\"},\"datePublished\":\"2021-03-12T08:54:17+00:00\",\"dateModified\":\"2021-07-15T08:49:22+00:00\",\"description\":\"La spettroscopia NMR \\u00e8 una tecnica che si basa sull\\u2019osservazione del comportamento di protoni o di altri nuclei sottoposti ad un campo magnetico.\",\"inLanguage\":\"it-IT\",\"potentialAction\":[{\"@type\":\"ReadAction\",\"target\":[\"https:\/\/fkv.it\/strumentazionedalaboratorio\/glossario\/nmr\/\"]}]}]}<\/script>\n<!-- \/ Yoast SEO plugin. -->","_links":{"self":[{"href":"https:\/\/fkv.it\/strumentazionedalaboratorio\/wp-json\/wp\/v2\/pages\/2469"}],"collection":[{"href":"https:\/\/fkv.it\/strumentazionedalaboratorio\/wp-json\/wp\/v2\/pages"}],"about":[{"href":"https:\/\/fkv.it\/strumentazionedalaboratorio\/wp-json\/wp\/v2\/types\/page"}],"author":[{"embeddable":true,"href":"https:\/\/fkv.it\/strumentazionedalaboratorio\/wp-json\/wp\/v2\/users\/1"}],"replies":[{"embeddable":true,"href":"https:\/\/fkv.it\/strumentazionedalaboratorio\/wp-json\/wp\/v2\/comments?post=2469"}],"version-history":[{"count":6,"href":"https:\/\/fkv.it\/strumentazionedalaboratorio\/wp-json\/wp\/v2\/pages\/2469\/revisions"}],"predecessor-version":[{"id":2984,"href":"https:\/\/fkv.it\/strumentazionedalaboratorio\/wp-json\/wp\/v2\/pages\/2469\/revisions\/2984"}],"up":[{"embeddable":true,"href":"https:\/\/fkv.it\/strumentazionedalaboratorio\/wp-json\/wp\/v2\/pages\/1042"}],"wp:attachment":[{"href":"https:\/\/fkv.it\/strumentazionedalaboratorio\/wp-json\/wp\/v2\/media?parent=2469"}],"curies":[{"name":"wp","href":"https:\/\/api.w.org\/{rel}","templated":true}]}}