{"id":2132,"date":"2021-01-11T11:55:01","date_gmt":"2021-01-11T11:55:01","guid":{"rendered":"https:\/\/fkv.it\/strumentazionedalaboratorio\/?page_id=2132"},"modified":"2021-02-24T11:43:44","modified_gmt":"2021-02-24T11:43:44","slug":"doc-carbonio-organico-disciolto","status":"publish","type":"page","link":"https:\/\/fkv.it\/strumentazionedalaboratorio\/glossario\/doc-carbonio-organico-disciolto\/","title":{"rendered":"Carbonio Organico Disciolto (DOC)"},"content":{"rendered":"\n<p>L\u2019acronimo <strong>DOC <\/strong>significa <strong>Carbonio Organico Disciolto<\/strong> ed \u00e8 una frazione di carbonio organico presente nel liquido di lisciviazione di un rifiuto che passa attraverso una membrana di 0,45\u00b5m. Il termine viene utilizzato prevalentemente in relazione ai rifiuti per l\u2019<strong>ammissibilit\u00e0 in discarica<\/strong>. Infatti nel <a href=\"https:\/\/www.gazzettaufficiale.it\/atto\/serie_generale\/caricaDettaglioAtto\/originario?atto.dataPubblicazioneGazzetta=2005-09-20&amp;atto.codiceRedazionale=05A08980\">Decreto Ministeriale Ambiente dei 3 Agosto del 2005<\/a> e la successiva modifica del <a href=\"https:\/\/www.gazzettaufficiale.it\/eli\/id\/2010\/12\/01\/10A14538\/sg\">27 Settembre del 2010<\/a>, viene richiesto il controllo sia sul rifiuto tal quale (<a href=\"https:\/\/fkv.it\/strumentazionedalaboratorio\/glossario\/determinazione-carbonio-organico\/\">determinazione del TOC<\/a>) sia sull\u2019eluato (determinazione del <strong>DOC<\/strong>).\u00a0<\/p>\n\n\n\n<p>Per la <strong>determinazione del DOC<\/strong> viene richiesto di introdurre una certa quantit\u00e0 di rifiuto all\u2019interno di un contenitore a contatto con un lisciviante (acqua) in agitazione per 24 ore. Alla fine del processo il liquido viene filtrato e viene eseguita l\u2019analisi.&nbsp;<\/p>\n\n\n\n<p>FKV propone <a href=\"https:\/\/fkv.it\/prodotti\/analisi-chimiche\/analisi-toc-tox-eox-pox\">sistemi per la determinazione del DOC e del TOC<\/a>. La strumentazione proposta pu\u00f2 essere pi\u00f9 o meno automatizzate ed \u00e8 possibile proporre sia sistemi combinati per la determinazione su solidi e liquidi sia sistemi dedicati alla matrice specifica in relazione al volume di campioni che devono essere processati.<\/p>\n","protected":false},"excerpt":{"rendered":"<p>L\u2019acronimo DOC significa Carbonio Organico Disciolto ed \u00e8 una frazione di carbonio organico presente nel liquido di lisciviazione di un rifiuto che passa attraverso una membrana di 0,45\u00b5m. Il termine viene utilizzato prevalentemente in relazione ai rifiuti per l\u2019ammissibilit\u00e0 in discarica. Infatti nel Decreto Ministeriale&#8230;<\/p>\n","protected":false},"author":1,"featured_media":0,"parent":1042,"menu_order":42,"comment_status":"closed","ping_status":"closed","template":"page-glossario-figlie.php","meta":[],"yoast_head":"<!-- This site is optimized with the Yoast SEO plugin v15.0 - https:\/\/yoast.com\/wordpress\/plugins\/seo\/ -->\n<title>Carbonio Organico Disciolto (DOC) - FKV<\/title>\n<meta name=\"description\" content=\"Il Carbonio Organico Disciolto (DOC) viene utilizzato prevalentemente in relazione ai rifiuti per l\u2019ammissibilit\u00e0 in discarica.\" \/>\n<meta name=\"robots\" content=\"index, follow, max-snippet:-1, max-image-preview:large, max-video-preview:-1\" \/>\n<link rel=\"canonical\" href=\"https:\/\/fkv.it\/strumentazionedalaboratorio\/glossario\/doc-carbonio-organico-disciolto\/\" \/>\n<meta property=\"og:locale\" content=\"it_IT\" \/>\n<meta property=\"og:type\" content=\"article\" \/>\n<meta property=\"og:title\" content=\"Carbonio Organico Disciolto (DOC) - FKV\" \/>\n<meta property=\"og:description\" content=\"Il Carbonio Organico Disciolto (DOC) viene utilizzato prevalentemente in relazione ai rifiuti per l\u2019ammissibilit\u00e0 in discarica.\" \/>\n<meta property=\"og:url\" content=\"https:\/\/fkv.it\/strumentazionedalaboratorio\/glossario\/doc-carbonio-organico-disciolto\/\" \/>\n<meta property=\"og:site_name\" content=\"FKV\" \/>\n<meta property=\"article:publisher\" content=\"https:\/\/www.facebook.com\/pages\/FKV-SRL\/193967133985052\" \/>\n<meta property=\"article:modified_time\" content=\"2021-02-24T11:43:44+00:00\" \/>\n<meta name=\"twitter:card\" content=\"summary_large_image\" \/>\n<script type=\"application\/ld+json\" class=\"yoast-schema-graph\">{\"@context\":\"https:\/\/schema.org\",\"@graph\":[{\"@type\":\"Organization\",\"@id\":\"https:\/\/fkv.it\/strumentazionedalaboratorio\/#organization\",\"name\":\"FKV - Strumenti per Laboratorio\",\"url\":\"https:\/\/fkv.it\/strumentazionedalaboratorio\/\",\"sameAs\":[\"https:\/\/www.facebook.com\/pages\/FKV-SRL\/193967133985052\",\"https:\/\/www.linkedin.com\/company\/fkv-srl\"],\"logo\":{\"@type\":\"ImageObject\",\"@id\":\"https:\/\/fkv.it\/strumentazionedalaboratorio\/#logo\",\"inLanguage\":\"it-IT\",\"url\":\"https:\/\/fkv.it\/strumentazionedalaboratorio\/wp-content\/uploads\/2019\/09\/logo_FKV.png\",\"width\":150,\"height\":86,\"caption\":\"FKV - Strumenti per Laboratorio\"},\"image\":{\"@id\":\"https:\/\/fkv.it\/strumentazionedalaboratorio\/#logo\"}},{\"@type\":\"WebSite\",\"@id\":\"https:\/\/fkv.it\/strumentazionedalaboratorio\/#website\",\"url\":\"https:\/\/fkv.it\/strumentazionedalaboratorio\/\",\"name\":\"FKV\",\"description\":\"\",\"publisher\":{\"@id\":\"https:\/\/fkv.it\/strumentazionedalaboratorio\/#organization\"},\"potentialAction\":[{\"@type\":\"SearchAction\",\"target\":\"https:\/\/fkv.it\/strumentazionedalaboratorio\/?s={search_term_string}\",\"query-input\":\"required name=search_term_string\"}],\"inLanguage\":\"it-IT\"},{\"@type\":\"WebPage\",\"@id\":\"https:\/\/fkv.it\/strumentazionedalaboratorio\/glossario\/doc-carbonio-organico-disciolto\/#webpage\",\"url\":\"https:\/\/fkv.it\/strumentazionedalaboratorio\/glossario\/doc-carbonio-organico-disciolto\/\",\"name\":\"Carbonio Organico Disciolto (DOC) - FKV\",\"isPartOf\":{\"@id\":\"https:\/\/fkv.it\/strumentazionedalaboratorio\/#website\"},\"datePublished\":\"2021-01-11T11:55:01+00:00\",\"dateModified\":\"2021-02-24T11:43:44+00:00\",\"description\":\"Il Carbonio Organico Disciolto (DOC) viene utilizzato prevalentemente in relazione ai rifiuti per l\\u2019ammissibilit\\u00e0 in discarica.\",\"inLanguage\":\"it-IT\",\"potentialAction\":[{\"@type\":\"ReadAction\",\"target\":[\"https:\/\/fkv.it\/strumentazionedalaboratorio\/glossario\/doc-carbonio-organico-disciolto\/\"]}]}]}<\/script>\n<!-- \/ Yoast SEO plugin. -->","_links":{"self":[{"href":"https:\/\/fkv.it\/strumentazionedalaboratorio\/wp-json\/wp\/v2\/pages\/2132"}],"collection":[{"href":"https:\/\/fkv.it\/strumentazionedalaboratorio\/wp-json\/wp\/v2\/pages"}],"about":[{"href":"https:\/\/fkv.it\/strumentazionedalaboratorio\/wp-json\/wp\/v2\/types\/page"}],"author":[{"embeddable":true,"href":"https:\/\/fkv.it\/strumentazionedalaboratorio\/wp-json\/wp\/v2\/users\/1"}],"replies":[{"embeddable":true,"href":"https:\/\/fkv.it\/strumentazionedalaboratorio\/wp-json\/wp\/v2\/comments?post=2132"}],"version-history":[{"count":7,"href":"https:\/\/fkv.it\/strumentazionedalaboratorio\/wp-json\/wp\/v2\/pages\/2132\/revisions"}],"predecessor-version":[{"id":2366,"href":"https:\/\/fkv.it\/strumentazionedalaboratorio\/wp-json\/wp\/v2\/pages\/2132\/revisions\/2366"}],"up":[{"embeddable":true,"href":"https:\/\/fkv.it\/strumentazionedalaboratorio\/wp-json\/wp\/v2\/pages\/1042"}],"wp:attachment":[{"href":"https:\/\/fkv.it\/strumentazionedalaboratorio\/wp-json\/wp\/v2\/media?parent=2132"}],"curies":[{"name":"wp","href":"https:\/\/api.w.org\/{rel}","templated":true}]}}