{"id":1949,"date":"2020-11-11T08:37:38","date_gmt":"2020-11-11T08:37:38","guid":{"rendered":"http:\/\/fkv.it\/strumentazionedalaboratorio\/?page_id=1949"},"modified":"2021-03-22T11:31:32","modified_gmt":"2021-03-22T11:31:32","slug":"reattore-chimico","status":"publish","type":"page","link":"https:\/\/fkv.it\/strumentazionedalaboratorio\/glossario\/reattore-chimico\/","title":{"rendered":"Reattore Chimico"},"content":{"rendered":"\n<p>Un <strong>reattore chimico<\/strong> \u00e8 un sistema che viene progettato per realizzare una <strong>reazione chimica<\/strong>. In moltissimi settori industriali quali il chimico, il petrolchimico, il farmaceutico o il settore dei polimeri hanno <strong>necessit\u00e0 di trasformare dei materiali<\/strong>. La trasformazione di solito prevede che pi\u00f9 materiali interagiscano per produrne un diverso prodotto con caratteristiche che rispondo all\u2019esigenza industriale. Le condizioni per far avvenire la reazione possono essere svariate, in termini di tipologia di atmosfera, di pressione, di temperatura e di natura delle fasi.<\/p>\n\n\n\n<p>Un reattore \u00e8 il <strong>contenitore dove si svolge la reazione<\/strong> e che permette di creare le condizioni affinch\u00e9 quella determinata reazione abbia luogo. \u00c8 quindi un sistema che pu\u00f2 essere <strong>molto complesso<\/strong> in quanto prevede il controllo di moltissimi parametri termodinamici durante il processo e permette di realizzare condizioni in molti casi anche piuttosto estreme.<\/p>\n\n\n\n<p>I reattori possono avere <strong>dimensioni molto variabili<\/strong> in funzione del tipo di reazione e della funzione di quel tipo di reattore. I <strong>reattori da laboratorio<\/strong> sono di solito sistemi che vengono utilizzati per ricreare le condizioni di un reattore industriale ma <strong>in misure pi\u00f9 contenute<\/strong>. Questo pu\u00f2 avere l\u2019obiettivo di studiare la reazione e le condizioni pi\u00f9 adatte per realizzarla.<\/p>\n\n\n\n<p>FKV dispone di una elevata gamma di <a href=\"https:\/\/fkv.it\/prodotti\/sintesi\">reattori da laboratorio, in acciaio, in vetro e a microonde<\/a>. Il gran numero di soluzioni disponibili ci permette di realizzare e progettare il sistema pi\u00f9 adatto alle esigenze analitiche in modo completo ed esaustivo.<\/p>\n","protected":false},"excerpt":{"rendered":"<p>Un reattore chimico \u00e8 un sistema che viene progettato per realizzare una reazione chimica. In moltissimi settori industriali quali il chimico, il petrolchimico, il farmaceutico o il settore dei polimeri hanno necessit\u00e0 di trasformare dei materiali. La trasformazione di solito prevede che pi\u00f9 materiali interagiscano&#8230;<\/p>\n","protected":false},"author":1,"featured_media":0,"parent":1042,"menu_order":44,"comment_status":"closed","ping_status":"closed","template":"page-glossario-figlie.php","meta":[],"yoast_head":"<!-- This site is optimized with the Yoast SEO plugin v15.0 - https:\/\/yoast.com\/wordpress\/plugins\/seo\/ -->\n<title>Reattori chimici industriali e da laboratorio: cosa sono - FKV<\/title>\n<meta name=\"description\" content=\"Un reattore \u00e8 il contenitore dove si svolge la reazione chimica e che permette di creare le condizioni affinch\u00e9 essa reazione abbia luogo.\" \/>\n<meta name=\"robots\" content=\"index, follow, max-snippet:-1, max-image-preview:large, max-video-preview:-1\" \/>\n<link rel=\"canonical\" href=\"https:\/\/fkv.it\/strumentazionedalaboratorio\/glossario\/reattore-chimico\/\" \/>\n<meta property=\"og:locale\" content=\"it_IT\" \/>\n<meta property=\"og:type\" content=\"article\" \/>\n<meta property=\"og:title\" content=\"Reattori chimici industriali e da laboratorio: cosa sono - FKV\" \/>\n<meta property=\"og:description\" content=\"Un reattore \u00e8 il contenitore dove si svolge la reazione chimica e che permette di creare le condizioni affinch\u00e9 essa reazione abbia luogo.\" \/>\n<meta property=\"og:url\" content=\"https:\/\/fkv.it\/strumentazionedalaboratorio\/glossario\/reattore-chimico\/\" \/>\n<meta property=\"og:site_name\" content=\"FKV\" \/>\n<meta property=\"article:publisher\" content=\"https:\/\/www.facebook.com\/pages\/FKV-SRL\/193967133985052\" \/>\n<meta property=\"article:modified_time\" content=\"2021-03-22T11:31:32+00:00\" \/>\n<meta name=\"twitter:card\" content=\"summary_large_image\" \/>\n<script type=\"application\/ld+json\" class=\"yoast-schema-graph\">{\"@context\":\"https:\/\/schema.org\",\"@graph\":[{\"@type\":\"Organization\",\"@id\":\"https:\/\/fkv.it\/strumentazionedalaboratorio\/#organization\",\"name\":\"FKV - Strumenti per Laboratorio\",\"url\":\"https:\/\/fkv.it\/strumentazionedalaboratorio\/\",\"sameAs\":[\"https:\/\/www.facebook.com\/pages\/FKV-SRL\/193967133985052\",\"https:\/\/www.linkedin.com\/company\/fkv-srl\"],\"logo\":{\"@type\":\"ImageObject\",\"@id\":\"https:\/\/fkv.it\/strumentazionedalaboratorio\/#logo\",\"inLanguage\":\"it-IT\",\"url\":\"https:\/\/fkv.it\/strumentazionedalaboratorio\/wp-content\/uploads\/2019\/09\/logo_FKV.png\",\"width\":150,\"height\":86,\"caption\":\"FKV - Strumenti per Laboratorio\"},\"image\":{\"@id\":\"https:\/\/fkv.it\/strumentazionedalaboratorio\/#logo\"}},{\"@type\":\"WebSite\",\"@id\":\"https:\/\/fkv.it\/strumentazionedalaboratorio\/#website\",\"url\":\"https:\/\/fkv.it\/strumentazionedalaboratorio\/\",\"name\":\"FKV\",\"description\":\"\",\"publisher\":{\"@id\":\"https:\/\/fkv.it\/strumentazionedalaboratorio\/#organization\"},\"potentialAction\":[{\"@type\":\"SearchAction\",\"target\":\"https:\/\/fkv.it\/strumentazionedalaboratorio\/?s={search_term_string}\",\"query-input\":\"required name=search_term_string\"}],\"inLanguage\":\"it-IT\"},{\"@type\":\"WebPage\",\"@id\":\"https:\/\/fkv.it\/strumentazionedalaboratorio\/glossario\/reattore-chimico\/#webpage\",\"url\":\"https:\/\/fkv.it\/strumentazionedalaboratorio\/glossario\/reattore-chimico\/\",\"name\":\"Reattori chimici industriali e da laboratorio: cosa sono - FKV\",\"isPartOf\":{\"@id\":\"https:\/\/fkv.it\/strumentazionedalaboratorio\/#website\"},\"datePublished\":\"2020-11-11T08:37:38+00:00\",\"dateModified\":\"2021-03-22T11:31:32+00:00\",\"description\":\"Un reattore \\u00e8 il contenitore dove si svolge la reazione chimica e che permette di creare le condizioni affinch\\u00e9 essa reazione abbia luogo.\",\"inLanguage\":\"it-IT\",\"potentialAction\":[{\"@type\":\"ReadAction\",\"target\":[\"https:\/\/fkv.it\/strumentazionedalaboratorio\/glossario\/reattore-chimico\/\"]}]}]}<\/script>\n<!-- \/ Yoast SEO plugin. -->","_links":{"self":[{"href":"https:\/\/fkv.it\/strumentazionedalaboratorio\/wp-json\/wp\/v2\/pages\/1949"}],"collection":[{"href":"https:\/\/fkv.it\/strumentazionedalaboratorio\/wp-json\/wp\/v2\/pages"}],"about":[{"href":"https:\/\/fkv.it\/strumentazionedalaboratorio\/wp-json\/wp\/v2\/types\/page"}],"author":[{"embeddable":true,"href":"https:\/\/fkv.it\/strumentazionedalaboratorio\/wp-json\/wp\/v2\/users\/1"}],"replies":[{"embeddable":true,"href":"https:\/\/fkv.it\/strumentazionedalaboratorio\/wp-json\/wp\/v2\/comments?post=1949"}],"version-history":[{"count":2,"href":"https:\/\/fkv.it\/strumentazionedalaboratorio\/wp-json\/wp\/v2\/pages\/1949\/revisions"}],"predecessor-version":[{"id":2504,"href":"https:\/\/fkv.it\/strumentazionedalaboratorio\/wp-json\/wp\/v2\/pages\/1949\/revisions\/2504"}],"up":[{"embeddable":true,"href":"https:\/\/fkv.it\/strumentazionedalaboratorio\/wp-json\/wp\/v2\/pages\/1042"}],"wp:attachment":[{"href":"https:\/\/fkv.it\/strumentazionedalaboratorio\/wp-json\/wp\/v2\/media?parent=1949"}],"curies":[{"name":"wp","href":"https:\/\/api.w.org\/{rel}","templated":true}]}}