{"id":1456,"date":"2020-09-30T10:00:55","date_gmt":"2020-09-30T10:00:55","guid":{"rendered":"http:\/\/fkv.it\/strumentazionedalaboratorio\/?page_id=1456"},"modified":"2020-09-30T10:00:57","modified_gmt":"2020-09-30T10:00:57","slug":"sintesi-chimica","status":"publish","type":"page","link":"https:\/\/fkv.it\/strumentazionedalaboratorio\/glossario\/sintesi-chimica\/","title":{"rendered":"Sintesi Chimica"},"content":{"rendered":"\n<p>La <strong>sintesi chimica<\/strong> \u00e8 un insieme di processi che permettono, partendo da uno o pi\u00f9 composti, di ottenere uno o pi\u00f9 prodotti diversi da quelli iniziali. Il processo di sintesi chimica \u00e8 normalmente studiato prima teoricamente, andando a valutare il comportamento dei composti iniziali in determinate condizioni chimico fisiche che possono essere variate in modo da innescare un processo basandosi sugli equilibri termodinamici teorici in cui si svolge l\u2019ipotetica reazione. La sintesi chimica pu\u00f2 essere svolta il laboratorio per valutare le condizioni, la fattibilit\u00e0 e la resa di una reazione per poi essere eseguita anche in larga scala per fini industriali.<\/p>\n\n\n\n<p>FKV ha una decennale esperienza sulla sintesi chimica grazie alla partnership con diverse aziende esperte nel campo come Parr, AG (Asahi GlassPlant) e Milestone. Con i sistemi Parr \u00e8 possibile eseguire sintesi chimica in reattori di acciaio ad elevata pressione e temperatura, con i sistemi AG invece si esegue sintesi in reattori in vetro e con Milestone \u00e8 possibile eseguire reazioni di sintesi sfruttando le microonde.<\/p>\n","protected":false},"excerpt":{"rendered":"<p>La sintesi chimica \u00e8 un insieme di processi che permettono, partendo da uno o pi\u00f9 composti, di ottenere uno o pi\u00f9 prodotti diversi da quelli iniziali. Il processo di sintesi chimica \u00e8 normalmente studiato prima teoricamente, andando a valutare il comportamento dei composti iniziali in&#8230;<\/p>\n","protected":false},"author":1,"featured_media":0,"parent":1042,"menu_order":46,"comment_status":"closed","ping_status":"closed","template":"page-glossario-figlie.php","meta":[],"yoast_head":"<!-- This site is optimized with the Yoast SEO plugin v15.0 - https:\/\/yoast.com\/wordpress\/plugins\/seo\/ -->\n<title>Sintesi Chimica - FKV<\/title>\n<meta name=\"robots\" content=\"index, follow, max-snippet:-1, max-image-preview:large, max-video-preview:-1\" \/>\n<link rel=\"canonical\" href=\"http:\/\/fkv.it\/strumentazionedalaboratorio\/glossario\/sintesi-chimica\/\" \/>\n<meta property=\"og:locale\" content=\"it_IT\" \/>\n<meta property=\"og:type\" content=\"article\" \/>\n<meta property=\"og:title\" content=\"Sintesi Chimica - FKV\" \/>\n<meta property=\"og:description\" content=\"La sintesi chimica \u00e8 un insieme di processi che permettono, partendo da uno o pi\u00f9 composti, di ottenere uno o pi\u00f9 prodotti diversi da quelli iniziali. Il processo di sintesi chimica \u00e8 normalmente studiato prima teoricamente, andando a valutare il comportamento dei composti iniziali in...\" \/>\n<meta property=\"og:url\" content=\"http:\/\/fkv.it\/strumentazionedalaboratorio\/glossario\/sintesi-chimica\/\" \/>\n<meta property=\"og:site_name\" content=\"FKV\" \/>\n<meta property=\"article:publisher\" content=\"https:\/\/www.facebook.com\/pages\/FKV-SRL\/193967133985052\" \/>\n<meta property=\"article:modified_time\" content=\"2020-09-30T10:00:57+00:00\" \/>\n<meta name=\"twitter:card\" content=\"summary_large_image\" \/>\n<script type=\"application\/ld+json\" class=\"yoast-schema-graph\">{\"@context\":\"https:\/\/schema.org\",\"@graph\":[{\"@type\":\"Organization\",\"@id\":\"https:\/\/fkv.it\/strumentazionedalaboratorio\/#organization\",\"name\":\"FKV - Strumenti per Laboratorio\",\"url\":\"https:\/\/fkv.it\/strumentazionedalaboratorio\/\",\"sameAs\":[\"https:\/\/www.facebook.com\/pages\/FKV-SRL\/193967133985052\",\"https:\/\/www.linkedin.com\/company\/fkv-srl\"],\"logo\":{\"@type\":\"ImageObject\",\"@id\":\"https:\/\/fkv.it\/strumentazionedalaboratorio\/#logo\",\"inLanguage\":\"it-IT\",\"url\":\"https:\/\/fkv.it\/strumentazionedalaboratorio\/wp-content\/uploads\/2019\/09\/logo_FKV.png\",\"width\":150,\"height\":86,\"caption\":\"FKV - Strumenti per Laboratorio\"},\"image\":{\"@id\":\"https:\/\/fkv.it\/strumentazionedalaboratorio\/#logo\"}},{\"@type\":\"WebSite\",\"@id\":\"https:\/\/fkv.it\/strumentazionedalaboratorio\/#website\",\"url\":\"https:\/\/fkv.it\/strumentazionedalaboratorio\/\",\"name\":\"FKV\",\"description\":\"\",\"publisher\":{\"@id\":\"https:\/\/fkv.it\/strumentazionedalaboratorio\/#organization\"},\"potentialAction\":[{\"@type\":\"SearchAction\",\"target\":\"https:\/\/fkv.it\/strumentazionedalaboratorio\/?s={search_term_string}\",\"query-input\":\"required name=search_term_string\"}],\"inLanguage\":\"it-IT\"},{\"@type\":\"WebPage\",\"@id\":\"http:\/\/fkv.it\/strumentazionedalaboratorio\/glossario\/sintesi-chimica\/#webpage\",\"url\":\"http:\/\/fkv.it\/strumentazionedalaboratorio\/glossario\/sintesi-chimica\/\",\"name\":\"Sintesi Chimica - FKV\",\"isPartOf\":{\"@id\":\"https:\/\/fkv.it\/strumentazionedalaboratorio\/#website\"},\"datePublished\":\"2020-09-30T10:00:55+00:00\",\"dateModified\":\"2020-09-30T10:00:57+00:00\",\"inLanguage\":\"it-IT\",\"potentialAction\":[{\"@type\":\"ReadAction\",\"target\":[\"http:\/\/fkv.it\/strumentazionedalaboratorio\/glossario\/sintesi-chimica\/\"]}]}]}<\/script>\n<!-- \/ Yoast SEO plugin. -->","_links":{"self":[{"href":"https:\/\/fkv.it\/strumentazionedalaboratorio\/wp-json\/wp\/v2\/pages\/1456"}],"collection":[{"href":"https:\/\/fkv.it\/strumentazionedalaboratorio\/wp-json\/wp\/v2\/pages"}],"about":[{"href":"https:\/\/fkv.it\/strumentazionedalaboratorio\/wp-json\/wp\/v2\/types\/page"}],"author":[{"embeddable":true,"href":"https:\/\/fkv.it\/strumentazionedalaboratorio\/wp-json\/wp\/v2\/users\/1"}],"replies":[{"embeddable":true,"href":"https:\/\/fkv.it\/strumentazionedalaboratorio\/wp-json\/wp\/v2\/comments?post=1456"}],"version-history":[{"count":1,"href":"https:\/\/fkv.it\/strumentazionedalaboratorio\/wp-json\/wp\/v2\/pages\/1456\/revisions"}],"predecessor-version":[{"id":1457,"href":"https:\/\/fkv.it\/strumentazionedalaboratorio\/wp-json\/wp\/v2\/pages\/1456\/revisions\/1457"}],"up":[{"embeddable":true,"href":"https:\/\/fkv.it\/strumentazionedalaboratorio\/wp-json\/wp\/v2\/pages\/1042"}],"wp:attachment":[{"href":"https:\/\/fkv.it\/strumentazionedalaboratorio\/wp-json\/wp\/v2\/media?parent=1456"}],"curies":[{"name":"wp","href":"https:\/\/api.w.org\/{rel}","templated":true}]}}