{"id":1447,"date":"2020-09-30T09:53:34","date_gmt":"2020-09-30T09:53:34","guid":{"rendered":"http:\/\/fkv.it\/strumentazionedalaboratorio\/?page_id=1447"},"modified":"2022-10-04T13:11:03","modified_gmt":"2022-10-04T13:11:03","slug":"incubatori","status":"publish","type":"page","link":"https:\/\/fkv.it\/strumentazionedalaboratorio\/glossario\/incubatori\/","title":{"rendered":"Incubatori"},"content":{"rendered":"\n<p>Un <a href=\"https:\/\/fkv.it\/prodotti\/accessori-da-laboratorio\/incubatori\">incubatore<\/a> \u00e8 uno strumento utilizzato in laboratorio per ricreare delle <strong>condizioni climatiche<\/strong> ben precise, come temperatuara e umidit\u00e0, con applicazioni soprattutto in microbiologia e biologia molecolare.<\/p>\n\n\n\n<h2>Microbiologia e colture cellulari<\/h2>\n\n\n\n<p>Gli incubatori da laboratorio vengono normalmente impiegati negli studi di <strong>stabilit\u00e0<\/strong>, <strong>colture cellulari<\/strong> e in ambito <strong>microbiologico<\/strong>. Possibili applicazioni si hanno in studi su microrganismi, biologia molecolare, biomedicina, ingegneria genetica, ematologia e ricerca su cellule staminali.<\/p>\n\n\n\n<h2>Tipologie e funzionamento degli incubatori da laboratorio<\/h2>\n\n\n\n<p>Gli <strong>incubatori a convezione naturale o forzata<\/strong> devono soddisfare alla perfezione i <strong>requisiti di crescita e incubazione<\/strong> e devono distinguersi anche per l&#8217;elevata efficienza e l&#8217;assoluta accuratezza della temperatura.\u00a0Il lavoro con i <strong>microrganismi<\/strong> sta assumendo un ruolo importante nella ricerca, nel settore medico e delle tecnologie alimentari. Una fase di incubazione stabile \u00e8 determinante per conservarli e moltiplicarli in modo efficiente. A tale scopo si impiegano gli <strong>incubatori refrigerati.<\/strong><\/p>\n\n\n\n<p>Esiste un\u2019altra tipologia, gli <strong>incubatori a CO<sub>2<\/sub><\/strong>, definiti anche incubatori a gas, grazie a un\u2019atmosfera il pi\u00f9 possibile fedele a quella naturale, viene assicurato lo sviluppo di <strong>colture cellulari e di tessuti<\/strong>. Questo genere di coltura di organismi viventi viene detta in vitro, costituendo il principale campo di impiego degli incubatori a CO<sub>2<\/sub>. Tale processo pu\u00f2 richiedere parecchie settimane. La crescita e la sicurezza dei campioni hanno sempre la massima priorit\u00e0. Per garantirle, temperatura, umidit\u00e0 e contenuto di CO2 devono corrispondere nel modo pi\u00f9 preciso possibile ai requisiti previsti per le colture cellulari<\/p>\n<h2>Incubatori Binder<\/h2>\n\n\n\n<p>FKV, da anni partener di <a href=\"https:\/\/fkv.it\/rappresentate\/binder\">Binder<\/a>, dispone di un\u2019ampia gamma di sistemi, con incubatori standard, incubatori CO<sub>2<\/sub> o incubatori refrigerati.<\/p>\n","protected":false},"excerpt":{"rendered":"<p>Un incubatore \u00e8 uno strumento utilizzato in laboratorio per ricreare delle condizioni climatiche ben precise, come temperatuara e umidit\u00e0, con applicazioni soprattutto in microbiologia e biologia molecolare. Microbiologia e colture cellulari Gli incubatori da laboratorio vengono normalmente impiegati negli studi di stabilit\u00e0, colture cellulari e&#8230;<\/p>\n","protected":false},"author":1,"featured_media":0,"parent":1042,"menu_order":49,"comment_status":"closed","ping_status":"closed","template":"page-glossario-figlie.php","meta":[],"yoast_head":"<!-- This site is optimized with the Yoast SEO plugin v15.0 - https:\/\/yoast.com\/wordpress\/plugins\/seo\/ -->\n<title>Incubatori da laboratorio: caratteristiche e tipologie - FKV<\/title>\n<meta name=\"description\" content=\"Gli incubatori vengono normalmente impiegati negli studi di stabilit\u00e0, colture cellulari e in ambito microbiologico.\" \/>\n<meta name=\"robots\" content=\"index, follow, max-snippet:-1, max-image-preview:large, max-video-preview:-1\" \/>\n<link rel=\"canonical\" href=\"https:\/\/fkv.it\/strumentazionedalaboratorio\/glossario\/incubatori\/\" \/>\n<meta property=\"og:locale\" content=\"it_IT\" \/>\n<meta property=\"og:type\" content=\"article\" \/>\n<meta property=\"og:title\" content=\"Incubatori da laboratorio: caratteristiche e tipologie - FKV\" \/>\n<meta property=\"og:description\" content=\"Gli incubatori vengono normalmente impiegati negli studi di stabilit\u00e0, colture cellulari e in ambito microbiologico.\" \/>\n<meta property=\"og:url\" content=\"https:\/\/fkv.it\/strumentazionedalaboratorio\/glossario\/incubatori\/\" \/>\n<meta property=\"og:site_name\" content=\"FKV\" \/>\n<meta property=\"article:publisher\" content=\"https:\/\/www.facebook.com\/pages\/FKV-SRL\/193967133985052\" \/>\n<meta property=\"article:modified_time\" content=\"2022-10-04T13:11:03+00:00\" \/>\n<meta name=\"twitter:card\" content=\"summary_large_image\" \/>\n<script type=\"application\/ld+json\" class=\"yoast-schema-graph\">{\"@context\":\"https:\/\/schema.org\",\"@graph\":[{\"@type\":\"Organization\",\"@id\":\"https:\/\/fkv.it\/strumentazionedalaboratorio\/#organization\",\"name\":\"FKV - Strumenti per Laboratorio\",\"url\":\"https:\/\/fkv.it\/strumentazionedalaboratorio\/\",\"sameAs\":[\"https:\/\/www.facebook.com\/pages\/FKV-SRL\/193967133985052\",\"https:\/\/www.linkedin.com\/company\/fkv-srl\"],\"logo\":{\"@type\":\"ImageObject\",\"@id\":\"https:\/\/fkv.it\/strumentazionedalaboratorio\/#logo\",\"inLanguage\":\"it-IT\",\"url\":\"https:\/\/fkv.it\/strumentazionedalaboratorio\/wp-content\/uploads\/2019\/09\/logo_FKV.png\",\"width\":150,\"height\":86,\"caption\":\"FKV - Strumenti per Laboratorio\"},\"image\":{\"@id\":\"https:\/\/fkv.it\/strumentazionedalaboratorio\/#logo\"}},{\"@type\":\"WebSite\",\"@id\":\"https:\/\/fkv.it\/strumentazionedalaboratorio\/#website\",\"url\":\"https:\/\/fkv.it\/strumentazionedalaboratorio\/\",\"name\":\"FKV\",\"description\":\"\",\"publisher\":{\"@id\":\"https:\/\/fkv.it\/strumentazionedalaboratorio\/#organization\"},\"potentialAction\":[{\"@type\":\"SearchAction\",\"target\":\"https:\/\/fkv.it\/strumentazionedalaboratorio\/?s={search_term_string}\",\"query-input\":\"required name=search_term_string\"}],\"inLanguage\":\"it-IT\"},{\"@type\":\"WebPage\",\"@id\":\"https:\/\/fkv.it\/strumentazionedalaboratorio\/glossario\/incubatori\/#webpage\",\"url\":\"https:\/\/fkv.it\/strumentazionedalaboratorio\/glossario\/incubatori\/\",\"name\":\"Incubatori da laboratorio: caratteristiche e tipologie - FKV\",\"isPartOf\":{\"@id\":\"https:\/\/fkv.it\/strumentazionedalaboratorio\/#website\"},\"datePublished\":\"2020-09-30T09:53:34+00:00\",\"dateModified\":\"2022-10-04T13:11:03+00:00\",\"description\":\"Gli incubatori vengono normalmente impiegati negli studi di stabilit\\u00e0, colture cellulari e in ambito microbiologico.\",\"inLanguage\":\"it-IT\",\"potentialAction\":[{\"@type\":\"ReadAction\",\"target\":[\"https:\/\/fkv.it\/strumentazionedalaboratorio\/glossario\/incubatori\/\"]}]}]}<\/script>\n<!-- \/ Yoast SEO plugin. -->","_links":{"self":[{"href":"https:\/\/fkv.it\/strumentazionedalaboratorio\/wp-json\/wp\/v2\/pages\/1447"}],"collection":[{"href":"https:\/\/fkv.it\/strumentazionedalaboratorio\/wp-json\/wp\/v2\/pages"}],"about":[{"href":"https:\/\/fkv.it\/strumentazionedalaboratorio\/wp-json\/wp\/v2\/types\/page"}],"author":[{"embeddable":true,"href":"https:\/\/fkv.it\/strumentazionedalaboratorio\/wp-json\/wp\/v2\/users\/1"}],"replies":[{"embeddable":true,"href":"https:\/\/fkv.it\/strumentazionedalaboratorio\/wp-json\/wp\/v2\/comments?post=1447"}],"version-history":[{"count":2,"href":"https:\/\/fkv.it\/strumentazionedalaboratorio\/wp-json\/wp\/v2\/pages\/1447\/revisions"}],"predecessor-version":[{"id":4335,"href":"https:\/\/fkv.it\/strumentazionedalaboratorio\/wp-json\/wp\/v2\/pages\/1447\/revisions\/4335"}],"up":[{"embeddable":true,"href":"https:\/\/fkv.it\/strumentazionedalaboratorio\/wp-json\/wp\/v2\/pages\/1042"}],"wp:attachment":[{"href":"https:\/\/fkv.it\/strumentazionedalaboratorio\/wp-json\/wp\/v2\/media?parent=1447"}],"curies":[{"name":"wp","href":"https:\/\/api.w.org\/{rel}","templated":true}]}}