{"id":1443,"date":"2020-09-30T09:49:32","date_gmt":"2020-09-30T09:49:32","guid":{"rendered":"http:\/\/fkv.it\/strumentazionedalaboratorio\/?page_id=1443"},"modified":"2020-09-30T09:49:33","modified_gmt":"2020-09-30T09:49:33","slug":"indice-di-viscosita","status":"publish","type":"page","link":"https:\/\/fkv.it\/strumentazionedalaboratorio\/glossario\/indice-di-viscosita\/","title":{"rendered":"Indice di viscosit\u00e0"},"content":{"rendered":"\n<p>L\u2019<strong>indice di viscosit\u00e0<\/strong> permette di correlare il cambiamento di viscosit\u00e0 di un fluido al variare della temperatura. Questo parametro \u00e8 fondamentale quando si parla di lubrificanti in quanto offre un parametro qualitativo importante nel valutare le prestazioni degli oli al variare della temperatura.<\/p>\n\n\n\n<p>Questo parametro \u00e8 quindi molto utilizzato per oli e lubrificanti ed \u00e8 previsto nella caratterizzazione dei prodotti in molti contesti industriali.<\/p>\n\n\n\n<p>FKV fornisce strumenti per la determinazione dell\u2019indice di viscosit\u00e0 automatici della serie LAUDA SCIENTIFIC e grazie alla notevole esperienza \u00e8 in grado di fornire soluzioni plasmate sull\u2019esigenza specifica. i sistemi di <a href=\"https:\/\/www.fkv.it\/rappresentate\/lauda-scientific\/viscosimetri\">Lauda Scientific iVisc e PVS<\/a> permettono di utilizzare <strong>viscosimetri<\/strong> di tipo Ubbelohde e Cannon-Fenske, in grado di calcolare in modo completamente automatico l\u2019indice di viscosit\u00e0, i valori di viscosit\u00e0 cinematica, relativa ed intrinseca correggendo anche l\u2019energia cinetica.<\/p>\n","protected":false},"excerpt":{"rendered":"<p>L\u2019indice di viscosit\u00e0 permette di correlare il cambiamento di viscosit\u00e0 di un fluido al variare della temperatura. Questo parametro \u00e8 fondamentale quando si parla di lubrificanti in quanto offre un parametro qualitativo importante nel valutare le prestazioni degli oli al variare della temperatura. Questo parametro&#8230;<\/p>\n","protected":false},"author":1,"featured_media":0,"parent":1042,"menu_order":51,"comment_status":"closed","ping_status":"closed","template":"page-glossario-figlie.php","meta":[],"yoast_head":"<!-- This site is optimized with the Yoast SEO plugin v15.0 - https:\/\/yoast.com\/wordpress\/plugins\/seo\/ -->\n<title>Indice di viscosit\u00e0 - FKV<\/title>\n<meta name=\"robots\" content=\"index, follow, max-snippet:-1, max-image-preview:large, max-video-preview:-1\" \/>\n<link rel=\"canonical\" href=\"http:\/\/fkv.it\/strumentazionedalaboratorio\/glossario\/indice-di-viscosita\/\" \/>\n<meta property=\"og:locale\" content=\"it_IT\" \/>\n<meta property=\"og:type\" content=\"article\" \/>\n<meta property=\"og:title\" content=\"Indice di viscosit\u00e0 - FKV\" \/>\n<meta property=\"og:description\" content=\"L\u2019indice di viscosit\u00e0 permette di correlare il cambiamento di viscosit\u00e0 di un fluido al variare della temperatura. Questo parametro \u00e8 fondamentale quando si parla di lubrificanti in quanto offre un parametro qualitativo importante nel valutare le prestazioni degli oli al variare della temperatura. Questo parametro...\" \/>\n<meta property=\"og:url\" content=\"http:\/\/fkv.it\/strumentazionedalaboratorio\/glossario\/indice-di-viscosita\/\" \/>\n<meta property=\"og:site_name\" content=\"FKV\" \/>\n<meta property=\"article:publisher\" content=\"https:\/\/www.facebook.com\/pages\/FKV-SRL\/193967133985052\" \/>\n<meta property=\"article:modified_time\" content=\"2020-09-30T09:49:33+00:00\" \/>\n<meta name=\"twitter:card\" content=\"summary_large_image\" \/>\n<script type=\"application\/ld+json\" class=\"yoast-schema-graph\">{\"@context\":\"https:\/\/schema.org\",\"@graph\":[{\"@type\":\"Organization\",\"@id\":\"https:\/\/fkv.it\/strumentazionedalaboratorio\/#organization\",\"name\":\"FKV - Strumenti per Laboratorio\",\"url\":\"https:\/\/fkv.it\/strumentazionedalaboratorio\/\",\"sameAs\":[\"https:\/\/www.facebook.com\/pages\/FKV-SRL\/193967133985052\",\"https:\/\/www.linkedin.com\/company\/fkv-srl\"],\"logo\":{\"@type\":\"ImageObject\",\"@id\":\"https:\/\/fkv.it\/strumentazionedalaboratorio\/#logo\",\"inLanguage\":\"it-IT\",\"url\":\"https:\/\/fkv.it\/strumentazionedalaboratorio\/wp-content\/uploads\/2019\/09\/logo_FKV.png\",\"width\":150,\"height\":86,\"caption\":\"FKV - Strumenti per Laboratorio\"},\"image\":{\"@id\":\"https:\/\/fkv.it\/strumentazionedalaboratorio\/#logo\"}},{\"@type\":\"WebSite\",\"@id\":\"https:\/\/fkv.it\/strumentazionedalaboratorio\/#website\",\"url\":\"https:\/\/fkv.it\/strumentazionedalaboratorio\/\",\"name\":\"FKV\",\"description\":\"\",\"publisher\":{\"@id\":\"https:\/\/fkv.it\/strumentazionedalaboratorio\/#organization\"},\"potentialAction\":[{\"@type\":\"SearchAction\",\"target\":\"https:\/\/fkv.it\/strumentazionedalaboratorio\/?s={search_term_string}\",\"query-input\":\"required name=search_term_string\"}],\"inLanguage\":\"it-IT\"},{\"@type\":\"WebPage\",\"@id\":\"http:\/\/fkv.it\/strumentazionedalaboratorio\/glossario\/indice-di-viscosita\/#webpage\",\"url\":\"http:\/\/fkv.it\/strumentazionedalaboratorio\/glossario\/indice-di-viscosita\/\",\"name\":\"Indice di viscosit\\u00e0 - FKV\",\"isPartOf\":{\"@id\":\"https:\/\/fkv.it\/strumentazionedalaboratorio\/#website\"},\"datePublished\":\"2020-09-30T09:49:32+00:00\",\"dateModified\":\"2020-09-30T09:49:33+00:00\",\"inLanguage\":\"it-IT\",\"potentialAction\":[{\"@type\":\"ReadAction\",\"target\":[\"http:\/\/fkv.it\/strumentazionedalaboratorio\/glossario\/indice-di-viscosita\/\"]}]}]}<\/script>\n<!-- \/ Yoast SEO plugin. -->","_links":{"self":[{"href":"https:\/\/fkv.it\/strumentazionedalaboratorio\/wp-json\/wp\/v2\/pages\/1443"}],"collection":[{"href":"https:\/\/fkv.it\/strumentazionedalaboratorio\/wp-json\/wp\/v2\/pages"}],"about":[{"href":"https:\/\/fkv.it\/strumentazionedalaboratorio\/wp-json\/wp\/v2\/types\/page"}],"author":[{"embeddable":true,"href":"https:\/\/fkv.it\/strumentazionedalaboratorio\/wp-json\/wp\/v2\/users\/1"}],"replies":[{"embeddable":true,"href":"https:\/\/fkv.it\/strumentazionedalaboratorio\/wp-json\/wp\/v2\/comments?post=1443"}],"version-history":[{"count":1,"href":"https:\/\/fkv.it\/strumentazionedalaboratorio\/wp-json\/wp\/v2\/pages\/1443\/revisions"}],"predecessor-version":[{"id":1444,"href":"https:\/\/fkv.it\/strumentazionedalaboratorio\/wp-json\/wp\/v2\/pages\/1443\/revisions\/1444"}],"up":[{"embeddable":true,"href":"https:\/\/fkv.it\/strumentazionedalaboratorio\/wp-json\/wp\/v2\/pages\/1042"}],"wp:attachment":[{"href":"https:\/\/fkv.it\/strumentazionedalaboratorio\/wp-json\/wp\/v2\/media?parent=1443"}],"curies":[{"name":"wp","href":"https:\/\/api.w.org\/{rel}","templated":true}]}}