{"id":1333,"date":"2020-09-08T13:07:43","date_gmt":"2020-09-08T13:07:43","guid":{"rendered":"http:\/\/fkv.it\/strumentazionedalaboratorio\/?page_id=1333"},"modified":"2020-09-08T13:10:05","modified_gmt":"2020-09-08T13:10:05","slug":"estrazione-dei-terpeni","status":"publish","type":"page","link":"https:\/\/fkv.it\/strumentazionedalaboratorio\/glossario\/estrazione-dei-terpeni\/","title":{"rendered":"Estrazione dei Terpeni"},"content":{"rendered":"\n<p><em>L\u2019estrazione dei terpeni<\/em> \u00e8 un processo analitico di separazione di questi composti di grande interesse dal materiale vegetale che costituisce la pianta della canapa. I terpeni rappresentano la frazione pi\u00f9 volatile, quindi con un peso molecolare basso. Questa classe di composti \u00e8 interessante nello studio della canapa in quanto non solo la frazione terpenica \u00e8 responsabile del bouquet caratteristico ma si pensa possa avere anche influenza nelle propriet\u00e0 di composti meno volatili contenuti sempre nella canapa. Per la separazione dei composti terpenici dalla pianta della canapa <em>l\u2019estrazione<\/em> risulta essere il metodo pi\u00f9 adatto. <em>L\u2019estrazione dei terpeni<\/em> infatti, viene eseguita in molti modi diversi, per esempio a freddo o in corrente di vapore o pi\u00f9 semplicemente con solventi. Ma negli ultimi anni ha assunto un\u2019importanza sempre maggiore l\u2019applicazione delle microonde a questo processo.<\/p>\n\n\n\n<p><em>L\u2019estrazione a microonde<\/em> infatti permette di ottimizzare il processo estrattivo mantenendo il pieno potenziale di questi composti senza danneggiarne le caratteristiche specifiche. FKV propone i sistemi a microonde Milestone Ethos X che sono stati sviluppati appositamente per l\u2019estrazione dei terpeni dalla canapa andando a eseguire il processo in modo affidabile e riuscendo a salvaguardare tutte le caratteristiche fondamentali di questi prodotti.<\/p>\n","protected":false},"excerpt":{"rendered":"<p>L\u2019estrazione dei terpeni \u00e8 un processo analitico di separazione di questi composti di grande interesse dal materiale vegetale che costituisce la pianta della canapa. I terpeni rappresentano la frazione pi\u00f9 volatile, quindi con un peso molecolare basso. Questa classe di composti \u00e8 interessante nello studio&#8230;<\/p>\n","protected":false},"author":1,"featured_media":0,"parent":1042,"menu_order":55,"comment_status":"closed","ping_status":"closed","template":"page-glossario-figlie.php","meta":[],"yoast_head":"<!-- This site is optimized with the Yoast SEO plugin v15.0 - https:\/\/yoast.com\/wordpress\/plugins\/seo\/ -->\n<title>Estrazione dei Terpeni - FKV<\/title>\n<meta name=\"robots\" content=\"index, follow, max-snippet:-1, max-image-preview:large, max-video-preview:-1\" \/>\n<link rel=\"canonical\" href=\"http:\/\/fkv.it\/strumentazionedalaboratorio\/glossario\/estrazione-dei-terpeni\/\" \/>\n<meta property=\"og:locale\" content=\"it_IT\" \/>\n<meta property=\"og:type\" content=\"article\" \/>\n<meta property=\"og:title\" content=\"Estrazione dei Terpeni - FKV\" \/>\n<meta property=\"og:description\" content=\"L\u2019estrazione dei terpeni \u00e8 un processo analitico di separazione di questi composti di grande interesse dal materiale vegetale che costituisce la pianta della canapa. I terpeni rappresentano la frazione pi\u00f9 volatile, quindi con un peso molecolare basso. Questa classe di composti \u00e8 interessante nello studio...\" \/>\n<meta property=\"og:url\" content=\"http:\/\/fkv.it\/strumentazionedalaboratorio\/glossario\/estrazione-dei-terpeni\/\" \/>\n<meta property=\"og:site_name\" content=\"FKV\" \/>\n<meta property=\"article:publisher\" content=\"https:\/\/www.facebook.com\/pages\/FKV-SRL\/193967133985052\" \/>\n<meta property=\"article:modified_time\" content=\"2020-09-08T13:10:05+00:00\" \/>\n<meta name=\"twitter:card\" content=\"summary_large_image\" \/>\n<script type=\"application\/ld+json\" class=\"yoast-schema-graph\">{\"@context\":\"https:\/\/schema.org\",\"@graph\":[{\"@type\":\"Organization\",\"@id\":\"https:\/\/fkv.it\/strumentazionedalaboratorio\/#organization\",\"name\":\"FKV - Strumenti per Laboratorio\",\"url\":\"https:\/\/fkv.it\/strumentazionedalaboratorio\/\",\"sameAs\":[\"https:\/\/www.facebook.com\/pages\/FKV-SRL\/193967133985052\",\"https:\/\/www.linkedin.com\/company\/fkv-srl\"],\"logo\":{\"@type\":\"ImageObject\",\"@id\":\"https:\/\/fkv.it\/strumentazionedalaboratorio\/#logo\",\"inLanguage\":\"it-IT\",\"url\":\"https:\/\/fkv.it\/strumentazionedalaboratorio\/wp-content\/uploads\/2019\/09\/logo_FKV.png\",\"width\":150,\"height\":86,\"caption\":\"FKV - Strumenti per Laboratorio\"},\"image\":{\"@id\":\"https:\/\/fkv.it\/strumentazionedalaboratorio\/#logo\"}},{\"@type\":\"WebSite\",\"@id\":\"https:\/\/fkv.it\/strumentazionedalaboratorio\/#website\",\"url\":\"https:\/\/fkv.it\/strumentazionedalaboratorio\/\",\"name\":\"FKV\",\"description\":\"\",\"publisher\":{\"@id\":\"https:\/\/fkv.it\/strumentazionedalaboratorio\/#organization\"},\"potentialAction\":[{\"@type\":\"SearchAction\",\"target\":\"https:\/\/fkv.it\/strumentazionedalaboratorio\/?s={search_term_string}\",\"query-input\":\"required name=search_term_string\"}],\"inLanguage\":\"it-IT\"},{\"@type\":\"WebPage\",\"@id\":\"http:\/\/fkv.it\/strumentazionedalaboratorio\/glossario\/estrazione-dei-terpeni\/#webpage\",\"url\":\"http:\/\/fkv.it\/strumentazionedalaboratorio\/glossario\/estrazione-dei-terpeni\/\",\"name\":\"Estrazione dei Terpeni - FKV\",\"isPartOf\":{\"@id\":\"https:\/\/fkv.it\/strumentazionedalaboratorio\/#website\"},\"datePublished\":\"2020-09-08T13:07:43+00:00\",\"dateModified\":\"2020-09-08T13:10:05+00:00\",\"inLanguage\":\"it-IT\",\"potentialAction\":[{\"@type\":\"ReadAction\",\"target\":[\"http:\/\/fkv.it\/strumentazionedalaboratorio\/glossario\/estrazione-dei-terpeni\/\"]}]}]}<\/script>\n<!-- \/ Yoast SEO plugin. -->","_links":{"self":[{"href":"https:\/\/fkv.it\/strumentazionedalaboratorio\/wp-json\/wp\/v2\/pages\/1333"}],"collection":[{"href":"https:\/\/fkv.it\/strumentazionedalaboratorio\/wp-json\/wp\/v2\/pages"}],"about":[{"href":"https:\/\/fkv.it\/strumentazionedalaboratorio\/wp-json\/wp\/v2\/types\/page"}],"author":[{"embeddable":true,"href":"https:\/\/fkv.it\/strumentazionedalaboratorio\/wp-json\/wp\/v2\/users\/1"}],"replies":[{"embeddable":true,"href":"https:\/\/fkv.it\/strumentazionedalaboratorio\/wp-json\/wp\/v2\/comments?post=1333"}],"version-history":[{"count":2,"href":"https:\/\/fkv.it\/strumentazionedalaboratorio\/wp-json\/wp\/v2\/pages\/1333\/revisions"}],"predecessor-version":[{"id":1336,"href":"https:\/\/fkv.it\/strumentazionedalaboratorio\/wp-json\/wp\/v2\/pages\/1333\/revisions\/1336"}],"up":[{"embeddable":true,"href":"https:\/\/fkv.it\/strumentazionedalaboratorio\/wp-json\/wp\/v2\/pages\/1042"}],"wp:attachment":[{"href":"https:\/\/fkv.it\/strumentazionedalaboratorio\/wp-json\/wp\/v2\/media?parent=1333"}],"curies":[{"name":"wp","href":"https:\/\/api.w.org\/{rel}","templated":true}]}}