{"id":1212,"date":"2020-08-04T14:04:24","date_gmt":"2020-08-04T14:04:24","guid":{"rendered":"http:\/\/fkv.it\/strumentazionedalaboratorio\/?page_id=1212"},"modified":"2021-08-23T12:06:05","modified_gmt":"2021-08-23T12:06:05","slug":"aox","status":"publish","type":"page","link":"https:\/\/fkv.it\/strumentazionedalaboratorio\/glossario\/aox\/","title":{"rendered":"AOX"},"content":{"rendered":"\n<p><a href=\"https:\/\/www.fkv.it\/prodotti\/analisi-chimiche\/analisi-toc-tox-eox-pox?gclid=CjwKCAjwmMX4BRAAEiwA-zM4JkpRiRn2mgGBn7iHfdCyMBZXryLXjrtNdn0tXbZa_qwHk8sYkuCwFBoCKCgQAvD_BwE\" target=\"_blank\" rel=\"noreferrer noopener\">AOX<\/a> \u00e8 l\u2019acronimo di Composti Organici Alogenati Adsorbibili. Questa determinazione viene eseguita prevalentemente su matrici ambientali ed \u00e8 un parametro molto importante nelle indagini di inquinamento ambientale. L\u2019AOX \u00e8 normalmente e pi\u00f9 semplicemente definito come la quantit\u00e0 di composti organici alogenati che possono essere adsorbiti su carbone attivo ed in generali sono espressi come quantit\u00e0 di cloruri.<\/p>\n\n\n\n<p>Il parametro AOX \u00e8 stato introdotto nell\u2019analisi della qualit\u00e0 delle acque ed \u00e8 usato come test soprattutto in acque destinate al consumo umano. Rappresenta infatti la quantit\u00e0 di sostanze organiche che sono legate a cloro, bromo e iodio, che vengono adsorbite, ed \u00e8 un parametro utile come screening per avere evidenza di un eventuale inquinamento, anche se non fornisce informazioni dettagliate sul tipo di inquinante.<\/p>\n\n\n\n<p>FKV distribuisce sistemi AOX prodotti da Analytik Jena che permettono di automatizzare al massimo la determinazione in modo da poter processare in modo automatico pi\u00f9 campioni.<\/p>\n","protected":false},"excerpt":{"rendered":"<p>AOX \u00e8 l\u2019acronimo di Composti Organici Alogenati Adsorbibili. Questa determinazione viene eseguita prevalentemente su matrici ambientali ed \u00e8 un parametro molto importante nelle indagini di inquinamento ambientale. L\u2019AOX \u00e8 normalmente e pi\u00f9 semplicemente definito come la quantit\u00e0 di composti organici alogenati che possono essere adsorbiti&#8230;<\/p>\n","protected":false},"author":1,"featured_media":0,"parent":1042,"menu_order":58,"comment_status":"closed","ping_status":"closed","template":"page-glossario-figlie.php","meta":[],"yoast_head":"<!-- This site is optimized with the Yoast SEO plugin v15.0 - https:\/\/yoast.com\/wordpress\/plugins\/seo\/ -->\n<title>AOX - FKV<\/title>\n<meta name=\"robots\" content=\"index, follow, max-snippet:-1, max-image-preview:large, max-video-preview:-1\" \/>\n<link rel=\"canonical\" href=\"https:\/\/fkv.it\/strumentazionedalaboratorio\/glossario\/aox\/\" \/>\n<meta property=\"og:locale\" content=\"it_IT\" \/>\n<meta property=\"og:type\" content=\"article\" \/>\n<meta property=\"og:title\" content=\"AOX - FKV\" \/>\n<meta property=\"og:description\" content=\"AOX \u00e8 l\u2019acronimo di Composti Organici Alogenati Adsorbibili. Questa determinazione viene eseguita prevalentemente su matrici ambientali ed \u00e8 un parametro molto importante nelle indagini di inquinamento ambientale. L\u2019AOX \u00e8 normalmente e pi\u00f9 semplicemente definito come la quantit\u00e0 di composti organici alogenati che possono essere adsorbiti...\" \/>\n<meta property=\"og:url\" content=\"https:\/\/fkv.it\/strumentazionedalaboratorio\/glossario\/aox\/\" \/>\n<meta property=\"og:site_name\" content=\"FKV\" \/>\n<meta property=\"article:publisher\" content=\"https:\/\/www.facebook.com\/pages\/FKV-SRL\/193967133985052\" \/>\n<meta property=\"article:modified_time\" content=\"2021-08-23T12:06:05+00:00\" \/>\n<meta name=\"twitter:card\" content=\"summary_large_image\" \/>\n<script type=\"application\/ld+json\" class=\"yoast-schema-graph\">{\"@context\":\"https:\/\/schema.org\",\"@graph\":[{\"@type\":\"Organization\",\"@id\":\"https:\/\/fkv.it\/strumentazionedalaboratorio\/#organization\",\"name\":\"FKV - Strumenti per Laboratorio\",\"url\":\"https:\/\/fkv.it\/strumentazionedalaboratorio\/\",\"sameAs\":[\"https:\/\/www.facebook.com\/pages\/FKV-SRL\/193967133985052\",\"https:\/\/www.linkedin.com\/company\/fkv-srl\"],\"logo\":{\"@type\":\"ImageObject\",\"@id\":\"https:\/\/fkv.it\/strumentazionedalaboratorio\/#logo\",\"inLanguage\":\"it-IT\",\"url\":\"https:\/\/fkv.it\/strumentazionedalaboratorio\/wp-content\/uploads\/2019\/09\/logo_FKV.png\",\"width\":150,\"height\":86,\"caption\":\"FKV - Strumenti per Laboratorio\"},\"image\":{\"@id\":\"https:\/\/fkv.it\/strumentazionedalaboratorio\/#logo\"}},{\"@type\":\"WebSite\",\"@id\":\"https:\/\/fkv.it\/strumentazionedalaboratorio\/#website\",\"url\":\"https:\/\/fkv.it\/strumentazionedalaboratorio\/\",\"name\":\"FKV\",\"description\":\"\",\"publisher\":{\"@id\":\"https:\/\/fkv.it\/strumentazionedalaboratorio\/#organization\"},\"potentialAction\":[{\"@type\":\"SearchAction\",\"target\":\"https:\/\/fkv.it\/strumentazionedalaboratorio\/?s={search_term_string}\",\"query-input\":\"required name=search_term_string\"}],\"inLanguage\":\"it-IT\"},{\"@type\":\"WebPage\",\"@id\":\"https:\/\/fkv.it\/strumentazionedalaboratorio\/glossario\/aox\/#webpage\",\"url\":\"https:\/\/fkv.it\/strumentazionedalaboratorio\/glossario\/aox\/\",\"name\":\"AOX - FKV\",\"isPartOf\":{\"@id\":\"https:\/\/fkv.it\/strumentazionedalaboratorio\/#website\"},\"datePublished\":\"2020-08-04T14:04:24+00:00\",\"dateModified\":\"2021-08-23T12:06:05+00:00\",\"inLanguage\":\"it-IT\",\"potentialAction\":[{\"@type\":\"ReadAction\",\"target\":[\"https:\/\/fkv.it\/strumentazionedalaboratorio\/glossario\/aox\/\"]}]}]}<\/script>\n<!-- \/ Yoast SEO plugin. -->","_links":{"self":[{"href":"https:\/\/fkv.it\/strumentazionedalaboratorio\/wp-json\/wp\/v2\/pages\/1212"}],"collection":[{"href":"https:\/\/fkv.it\/strumentazionedalaboratorio\/wp-json\/wp\/v2\/pages"}],"about":[{"href":"https:\/\/fkv.it\/strumentazionedalaboratorio\/wp-json\/wp\/v2\/types\/page"}],"author":[{"embeddable":true,"href":"https:\/\/fkv.it\/strumentazionedalaboratorio\/wp-json\/wp\/v2\/users\/1"}],"replies":[{"embeddable":true,"href":"https:\/\/fkv.it\/strumentazionedalaboratorio\/wp-json\/wp\/v2\/comments?post=1212"}],"version-history":[{"count":4,"href":"https:\/\/fkv.it\/strumentazionedalaboratorio\/wp-json\/wp\/v2\/pages\/1212\/revisions"}],"predecessor-version":[{"id":3093,"href":"https:\/\/fkv.it\/strumentazionedalaboratorio\/wp-json\/wp\/v2\/pages\/1212\/revisions\/3093"}],"up":[{"embeddable":true,"href":"https:\/\/fkv.it\/strumentazionedalaboratorio\/wp-json\/wp\/v2\/pages\/1042"}],"wp:attachment":[{"href":"https:\/\/fkv.it\/strumentazionedalaboratorio\/wp-json\/wp\/v2\/media?parent=1212"}],"curies":[{"name":"wp","href":"https:\/\/api.w.org\/{rel}","templated":true}]}}