{"id":1208,"date":"2020-08-04T14:03:27","date_gmt":"2020-08-04T14:03:27","guid":{"rendered":"http:\/\/fkv.it\/strumentazionedalaboratorio\/?page_id=1208"},"modified":"2021-10-07T09:30:36","modified_gmt":"2021-10-07T09:30:36","slug":"melt-flow-index-mfi","status":"publish","type":"page","link":"https:\/\/fkv.it\/strumentazionedalaboratorio\/glossario\/melt-flow-index-mfi\/","title":{"rendered":"Melt Flow Index (MFI)"},"content":{"rendered":"\n<p>Il <strong>Melt Flow Index (MFI)<\/strong> \u00e8 una misura eseguita normalmente su matrici polimeriche che fornisce informazioni fondamentali su come un polimero fuso defluisce all\u2019interno di un capillare. Questo valore \u00e8 collegato alla viscosit\u00e0 del polimero in modo inversamente proporzionale. Quanto maggiore sar\u00e0 il Melt Flow Index tanto minore sar\u00e0 il valore di viscosit\u00e0.<\/p>\n\n\n\n<p>Il Melt Flow Index viene eseguito normalmente sui <strong>granuli polimerici<\/strong> sia in ingresso che in uscita perch\u00e9 \u00e8 un parametro fondamentale nella valutazione delle caratteristiche del prodotto polimerico; pu\u00f2 essere eseguito sia con metodo gravimetrico che con metodo volumetrico. Il primo prevede che il polimero fuso venga fatto fluire in un cilindro riscaldato e viene esercitata una forza costante che fa fluire il materiale che attraversa poi un ugello calibrato. La temperatura di esercizio e la forza che viene esercitata dipendono dal tipo di materiale. Il metodo volumetrico per la determinazione del Melt Flow Index, invece, permette di determinare i cm<sup>3<\/sup> di materiale che fluiscono all\u2019interno dell\u2019ugello in un determinato tempo. Quindi in questo caso la misura viene effettuata sul volume di polimero sottoposto ad una forza definita che fluisce nel capillare.<\/p>\n\n\n\n<p>FKV propone <a href=\"https:\/\/fkv.it\/prodotti\/analisi-fisiche\/melt-flow-index\">strumenti per la determinazione del Melt Flow Index<\/a>, progettati e realizzati da <strong>G\u00f6ttfert<\/strong>, in grado di lavorare sia con metodo gravimetrico, che volumetrico con sistema tecnologicamente avanzati. Sono disponibili da sistemi manuali fino a sistemi completamente automatici<\/p>\n","protected":false},"excerpt":{"rendered":"<p>Il Melt Flow Index (MFI) \u00e8 una misura eseguita normalmente su matrici polimeriche che fornisce informazioni fondamentali su come un polimero fuso defluisce all\u2019interno di un capillare. Questo valore \u00e8 collegato alla viscosit\u00e0 del polimero in modo inversamente proporzionale. Quanto maggiore sar\u00e0 il Melt Flow&#8230;<\/p>\n","protected":false},"author":1,"featured_media":0,"parent":1042,"menu_order":62,"comment_status":"closed","ping_status":"closed","template":"page-glossario-figlie.php","meta":[],"yoast_head":"<!-- This site is optimized with the Yoast SEO plugin v15.0 - https:\/\/yoast.com\/wordpress\/plugins\/seo\/ -->\n<title>Melt Flow Index (MFI) - FKV<\/title>\n<meta name=\"description\" content=\"Il Melt Flow Index (MFI) \u00e8 una misura che fornisce informazioni fondamentali su come un polimero fuso defluisce all\u2019interno di un capillare.\" \/>\n<meta name=\"robots\" content=\"index, follow, max-snippet:-1, max-image-preview:large, max-video-preview:-1\" \/>\n<link rel=\"canonical\" href=\"https:\/\/fkv.it\/strumentazionedalaboratorio\/glossario\/melt-flow-index-mfi\/\" \/>\n<meta property=\"og:locale\" content=\"it_IT\" \/>\n<meta property=\"og:type\" content=\"article\" \/>\n<meta property=\"og:title\" content=\"Melt Flow Index (MFI) - FKV\" \/>\n<meta property=\"og:description\" content=\"Il Melt Flow Index (MFI) \u00e8 una misura che fornisce informazioni fondamentali su come un polimero fuso defluisce all\u2019interno di un capillare.\" \/>\n<meta property=\"og:url\" content=\"https:\/\/fkv.it\/strumentazionedalaboratorio\/glossario\/melt-flow-index-mfi\/\" \/>\n<meta property=\"og:site_name\" content=\"FKV\" \/>\n<meta property=\"article:publisher\" content=\"https:\/\/www.facebook.com\/pages\/FKV-SRL\/193967133985052\" \/>\n<meta property=\"article:modified_time\" content=\"2021-10-07T09:30:36+00:00\" \/>\n<meta name=\"twitter:card\" content=\"summary_large_image\" \/>\n<script type=\"application\/ld+json\" class=\"yoast-schema-graph\">{\"@context\":\"https:\/\/schema.org\",\"@graph\":[{\"@type\":\"Organization\",\"@id\":\"https:\/\/fkv.it\/strumentazionedalaboratorio\/#organization\",\"name\":\"FKV - Strumenti per Laboratorio\",\"url\":\"https:\/\/fkv.it\/strumentazionedalaboratorio\/\",\"sameAs\":[\"https:\/\/www.facebook.com\/pages\/FKV-SRL\/193967133985052\",\"https:\/\/www.linkedin.com\/company\/fkv-srl\"],\"logo\":{\"@type\":\"ImageObject\",\"@id\":\"https:\/\/fkv.it\/strumentazionedalaboratorio\/#logo\",\"inLanguage\":\"it-IT\",\"url\":\"https:\/\/fkv.it\/strumentazionedalaboratorio\/wp-content\/uploads\/2019\/09\/logo_FKV.png\",\"width\":150,\"height\":86,\"caption\":\"FKV - Strumenti per Laboratorio\"},\"image\":{\"@id\":\"https:\/\/fkv.it\/strumentazionedalaboratorio\/#logo\"}},{\"@type\":\"WebSite\",\"@id\":\"https:\/\/fkv.it\/strumentazionedalaboratorio\/#website\",\"url\":\"https:\/\/fkv.it\/strumentazionedalaboratorio\/\",\"name\":\"FKV\",\"description\":\"\",\"publisher\":{\"@id\":\"https:\/\/fkv.it\/strumentazionedalaboratorio\/#organization\"},\"potentialAction\":[{\"@type\":\"SearchAction\",\"target\":\"https:\/\/fkv.it\/strumentazionedalaboratorio\/?s={search_term_string}\",\"query-input\":\"required name=search_term_string\"}],\"inLanguage\":\"it-IT\"},{\"@type\":\"WebPage\",\"@id\":\"https:\/\/fkv.it\/strumentazionedalaboratorio\/glossario\/melt-flow-index-mfi\/#webpage\",\"url\":\"https:\/\/fkv.it\/strumentazionedalaboratorio\/glossario\/melt-flow-index-mfi\/\",\"name\":\"Melt Flow Index (MFI) - FKV\",\"isPartOf\":{\"@id\":\"https:\/\/fkv.it\/strumentazionedalaboratorio\/#website\"},\"datePublished\":\"2020-08-04T14:03:27+00:00\",\"dateModified\":\"2021-10-07T09:30:36+00:00\",\"description\":\"Il Melt Flow Index (MFI) \\u00e8 una misura che fornisce informazioni fondamentali su come un polimero fuso defluisce all\\u2019interno di un capillare.\",\"inLanguage\":\"it-IT\",\"potentialAction\":[{\"@type\":\"ReadAction\",\"target\":[\"https:\/\/fkv.it\/strumentazionedalaboratorio\/glossario\/melt-flow-index-mfi\/\"]}]}]}<\/script>\n<!-- \/ Yoast SEO plugin. -->","_links":{"self":[{"href":"https:\/\/fkv.it\/strumentazionedalaboratorio\/wp-json\/wp\/v2\/pages\/1208"}],"collection":[{"href":"https:\/\/fkv.it\/strumentazionedalaboratorio\/wp-json\/wp\/v2\/pages"}],"about":[{"href":"https:\/\/fkv.it\/strumentazionedalaboratorio\/wp-json\/wp\/v2\/types\/page"}],"author":[{"embeddable":true,"href":"https:\/\/fkv.it\/strumentazionedalaboratorio\/wp-json\/wp\/v2\/users\/1"}],"replies":[{"embeddable":true,"href":"https:\/\/fkv.it\/strumentazionedalaboratorio\/wp-json\/wp\/v2\/comments?post=1208"}],"version-history":[{"count":7,"href":"https:\/\/fkv.it\/strumentazionedalaboratorio\/wp-json\/wp\/v2\/pages\/1208\/revisions"}],"predecessor-version":[{"id":3251,"href":"https:\/\/fkv.it\/strumentazionedalaboratorio\/wp-json\/wp\/v2\/pages\/1208\/revisions\/3251"}],"up":[{"embeddable":true,"href":"https:\/\/fkv.it\/strumentazionedalaboratorio\/wp-json\/wp\/v2\/pages\/1042"}],"wp:attachment":[{"href":"https:\/\/fkv.it\/strumentazionedalaboratorio\/wp-json\/wp\/v2\/media?parent=1208"}],"curies":[{"name":"wp","href":"https:\/\/api.w.org\/{rel}","templated":true}]}}