{"id":1178,"date":"2020-08-03T15:20:26","date_gmt":"2020-08-03T15:20:26","guid":{"rendered":"http:\/\/fkv.it\/strumentazionedalaboratorio\/?page_id=1178"},"modified":"2020-08-04T13:59:37","modified_gmt":"2020-08-04T13:59:37","slug":"gascromatografo-portatile","status":"publish","type":"page","link":"https:\/\/fkv.it\/strumentazionedalaboratorio\/glossario\/gascromatografo-portatile\/","title":{"rendered":"Gascromatografo portatile"},"content":{"rendered":"\n<p>Il <a href=\"https:\/\/www.fkv.it\/prodotti\/analisi-chimiche\/analisi-gas-cromatografica\" target=\"_blank\" rel=\"noreferrer noopener\">gascromatografo portatile<\/a> \u00e8 un sistema impiegato maggiormente in contesti ambientali che permette di delocalizzare l\u2019analisi dei composti organici volatili direttamente sul sito di interesse.<\/p>\n\n\n\n<p>A differenza di un gascromatografo tradizionale il gascromatografo portatile \u00e8 molto leggero, non necessita di tutte le utenze caratteristiche dei gascromatografi e lavora in condizioni operative meno stringenti.<\/p>\n\n\n\n<p>Il gascromatografo portatile FROG 5000, distribuito da FKV e prodotto da Defiant Technologies, \u00e8 un sistema unico nel suo genere in quanto permette la determinazione di composti organici volatili (VOC) su acqua, aria e campioni di suolo. Questo gascromatografo portatile \u00e8 in grado di lavorare utilizzando la sola aria ambientale senza necessit\u00e0 di bombole e lavorando in modalit\u00e0 spazio di testa sia su campioni solidi che acquosi. Questo gascromatografo portatile ha alcune caratteristiche costruttive che lo rendono unico sul mercato in quanto utilizza una reale colonna cromatografica e riesce a separare molti composti organici volatili con BTEX, TCE, PCE e molti altri.<\/p>\n","protected":false},"excerpt":{"rendered":"<p>Il gascromatografo portatile \u00e8 un sistema impiegato maggiormente in contesti ambientali che permette di delocalizzare l\u2019analisi dei composti organici volatili direttamente sul sito di interesse. A differenza di un gascromatografo tradizionale il gascromatografo portatile \u00e8 molto leggero, non necessita di tutte le utenze caratteristiche dei&#8230;<\/p>\n","protected":false},"author":1,"featured_media":0,"parent":1042,"menu_order":68,"comment_status":"closed","ping_status":"closed","template":"page-glossario-figlie.php","meta":[],"yoast_head":"<!-- This site is optimized with the Yoast SEO plugin v15.0 - https:\/\/yoast.com\/wordpress\/plugins\/seo\/ -->\n<title>Gascromatografo portatile - FKV<\/title>\n<meta name=\"robots\" content=\"index, follow, max-snippet:-1, max-image-preview:large, max-video-preview:-1\" \/>\n<link rel=\"canonical\" href=\"http:\/\/fkv.it\/strumentazionedalaboratorio\/glossario\/gascromatografo-portatile\/\" \/>\n<meta property=\"og:locale\" content=\"it_IT\" \/>\n<meta property=\"og:type\" content=\"article\" \/>\n<meta property=\"og:title\" content=\"Gascromatografo portatile - FKV\" \/>\n<meta property=\"og:description\" content=\"Il gascromatografo portatile \u00e8 un sistema impiegato maggiormente in contesti ambientali che permette di delocalizzare l\u2019analisi dei composti organici volatili direttamente sul sito di interesse. A differenza di un gascromatografo tradizionale il gascromatografo portatile \u00e8 molto leggero, non necessita di tutte le utenze caratteristiche dei...\" \/>\n<meta property=\"og:url\" content=\"http:\/\/fkv.it\/strumentazionedalaboratorio\/glossario\/gascromatografo-portatile\/\" \/>\n<meta property=\"og:site_name\" content=\"FKV\" \/>\n<meta property=\"article:publisher\" content=\"https:\/\/www.facebook.com\/pages\/FKV-SRL\/193967133985052\" \/>\n<meta property=\"article:modified_time\" content=\"2020-08-04T13:59:37+00:00\" \/>\n<meta name=\"twitter:card\" content=\"summary_large_image\" \/>\n<script type=\"application\/ld+json\" class=\"yoast-schema-graph\">{\"@context\":\"https:\/\/schema.org\",\"@graph\":[{\"@type\":\"Organization\",\"@id\":\"https:\/\/fkv.it\/strumentazionedalaboratorio\/#organization\",\"name\":\"FKV - Strumenti per Laboratorio\",\"url\":\"https:\/\/fkv.it\/strumentazionedalaboratorio\/\",\"sameAs\":[\"https:\/\/www.facebook.com\/pages\/FKV-SRL\/193967133985052\",\"https:\/\/www.linkedin.com\/company\/fkv-srl\"],\"logo\":{\"@type\":\"ImageObject\",\"@id\":\"https:\/\/fkv.it\/strumentazionedalaboratorio\/#logo\",\"inLanguage\":\"it-IT\",\"url\":\"https:\/\/fkv.it\/strumentazionedalaboratorio\/wp-content\/uploads\/2019\/09\/logo_FKV.png\",\"width\":150,\"height\":86,\"caption\":\"FKV - Strumenti per Laboratorio\"},\"image\":{\"@id\":\"https:\/\/fkv.it\/strumentazionedalaboratorio\/#logo\"}},{\"@type\":\"WebSite\",\"@id\":\"https:\/\/fkv.it\/strumentazionedalaboratorio\/#website\",\"url\":\"https:\/\/fkv.it\/strumentazionedalaboratorio\/\",\"name\":\"FKV\",\"description\":\"\",\"publisher\":{\"@id\":\"https:\/\/fkv.it\/strumentazionedalaboratorio\/#organization\"},\"potentialAction\":[{\"@type\":\"SearchAction\",\"target\":\"https:\/\/fkv.it\/strumentazionedalaboratorio\/?s={search_term_string}\",\"query-input\":\"required name=search_term_string\"}],\"inLanguage\":\"it-IT\"},{\"@type\":\"WebPage\",\"@id\":\"http:\/\/fkv.it\/strumentazionedalaboratorio\/glossario\/gascromatografo-portatile\/#webpage\",\"url\":\"http:\/\/fkv.it\/strumentazionedalaboratorio\/glossario\/gascromatografo-portatile\/\",\"name\":\"Gascromatografo portatile - FKV\",\"isPartOf\":{\"@id\":\"https:\/\/fkv.it\/strumentazionedalaboratorio\/#website\"},\"datePublished\":\"2020-08-03T15:20:26+00:00\",\"dateModified\":\"2020-08-04T13:59:37+00:00\",\"inLanguage\":\"it-IT\",\"potentialAction\":[{\"@type\":\"ReadAction\",\"target\":[\"http:\/\/fkv.it\/strumentazionedalaboratorio\/glossario\/gascromatografo-portatile\/\"]}]}]}<\/script>\n<!-- \/ Yoast SEO plugin. -->","_links":{"self":[{"href":"https:\/\/fkv.it\/strumentazionedalaboratorio\/wp-json\/wp\/v2\/pages\/1178"}],"collection":[{"href":"https:\/\/fkv.it\/strumentazionedalaboratorio\/wp-json\/wp\/v2\/pages"}],"about":[{"href":"https:\/\/fkv.it\/strumentazionedalaboratorio\/wp-json\/wp\/v2\/types\/page"}],"author":[{"embeddable":true,"href":"https:\/\/fkv.it\/strumentazionedalaboratorio\/wp-json\/wp\/v2\/users\/1"}],"replies":[{"embeddable":true,"href":"https:\/\/fkv.it\/strumentazionedalaboratorio\/wp-json\/wp\/v2\/comments?post=1178"}],"version-history":[{"count":2,"href":"https:\/\/fkv.it\/strumentazionedalaboratorio\/wp-json\/wp\/v2\/pages\/1178\/revisions"}],"predecessor-version":[{"id":1190,"href":"https:\/\/fkv.it\/strumentazionedalaboratorio\/wp-json\/wp\/v2\/pages\/1178\/revisions\/1190"}],"up":[{"embeddable":true,"href":"https:\/\/fkv.it\/strumentazionedalaboratorio\/wp-json\/wp\/v2\/pages\/1042"}],"wp:attachment":[{"href":"https:\/\/fkv.it\/strumentazionedalaboratorio\/wp-json\/wp\/v2\/media?parent=1178"}],"curies":[{"name":"wp","href":"https:\/\/api.w.org\/{rel}","templated":true}]}}