{"id":1166,"date":"2020-08-03T15:16:53","date_gmt":"2020-08-03T15:16:53","guid":{"rendered":"http:\/\/fkv.it\/strumentazionedalaboratorio\/?page_id=1166"},"modified":"2021-12-06T17:16:12","modified_gmt":"2021-12-06T17:16:12","slug":"potere-calorifico","status":"publish","type":"page","link":"https:\/\/fkv.it\/strumentazionedalaboratorio\/glossario\/potere-calorifico\/","title":{"rendered":"Potere Calorifico"},"content":{"rendered":"\n<p>Il <strong>potere calorifico<\/strong> \u00e8 la capacit\u00e0 di una massa di sviluppare calore. In particolare, in un contesto chimico fisico, il potere calorifico \u00e8 <strong>la quantit\u00e0 di calore che si sviluppa dalla combustione di combustibile fratto l\u2019unit\u00e0 di massa scelta<\/strong>. Questo valore rappresenta proprio il potere energetico di che si sviluppa nella combustione di una matrice solida o liquida.<\/p>\n\n\n\n<p>Il potere calorifico \u00e8 l\u2019energia prodotta dalla combustione dell\u2019unit\u00e0 di massa. Dividiamo il<strong> Potere Calorifico in Inferiore e Superiore<\/strong>.<\/p>\n\n\n\n<h2><strong>Potere calorifico superiore (PCS)<\/strong><\/h2>\n\n\n\n<p>Il potere calorifico superiore anche definito come<strong> Gross Calorific Value <\/strong>\u00e8 la quantit\u00e0 di energia disponibile che si genera durante la combustione quando essa \u00e8 completa e a pressione costante. Per avere una misura del potere calorifico superiore \u00e8 necessario utilizzare un strumento specifico come la <strong><a href=\"https:\/\/fkv.it\/strumentazionedalaboratorio\/glossario\/bomba-calorimetrica\/\">bomba calorimetrica<\/a><\/strong>.<\/p>\n\n\n\n<h2><strong>Potere calorifico inferiore (PCI)<\/strong><\/h2>\n\n\n\n<p>Si parla di potere calorifico inferiore o <strong>NET Calorific Value<\/strong> quando al valore del <strong>Potere Calorifico Superiore <\/strong>si <strong>sottrae la quantit\u00e0 di energia utilizzata per far evaporare l\u2019acqua<\/strong> che si \u00e8 formata durante la reazione di combustione.<\/p>\n\n\n\n<p>Questo valore quindi rappresenta la <strong>reale quantit\u00e0 di energia disponibile <\/strong>che si viene a creare durante una combustione di una massa considerando gi\u00e0 quella che verr\u00e0 dissipata durante il processo.<\/p>\n\n\n\n<p>Per calcolare il <strong>Potere Calorifico Inferiore<\/strong> possiamo usare la formula semplificata:<\/p>\n\n\n\n<p class=\"has-text-align-center\"><strong>PCI = PCS &#8211; n\u2206h<\/strong><\/p>\n\n\n\n<p>dove n sono i Kg di H<sub>2<\/sub>O e \u2206h rappresenta l\u2019entalpia.<\/p>\n\n\n\n<p>Il potere calorifico \u00e8 di grande rilievo per comprendere l<strong>\u2019efficienza energetica dei rifiuti che vengono utilizzati nei termovalorizzatori e che sono essenziali per la produzione energetica attuale<\/strong>. Infatti tutti i combustibili secondari provenienti dal riciclo di rifiuti vengono classificati proprio in virt\u00f9 del loro potere calorifico, riferendosi chiaramente a quello inferiore in quanto <strong>unico parametro in grado di esprimere in modo corretto il potere energetico di una matrice.<\/strong> Una volta stabilito il potere energetico reale di un materiale quale <a href=\"https:\/\/fkv.it\/strumentazionedalaboratorio\/glossario\/combustibile-solido-secondario-css\/\">CSS (Combustibile Solido Secondario)<\/a> o in ambito domestico anche il Pellet, questo pu\u00f2 essere utilizzato per la produzione di calore. Il PCI quindi \u00e8 un parametro che <strong>permette di calcolare la reale capacit\u00e0 \u201criscaldante\u201d di un materiale utilizzato in un impianto <\/strong>che pu\u00f2 essere di tipo abitativo, commerciale o industriale ed \u00e8 strettamente correlato all\u2019efficienza energetica.<\/p>\n\n\n\n<p>I <a href=\"https:\/\/fkv.it\/prodotti\/analisi-chimiche\/potere-calorifico\">calorimetri<\/a> sono strumenti per l&#8217;analisi del potere calorifico che ci permettono di misurare questi valori su prodotti specifici. La strumentazione disponibile sul mercato permette di determinare il solo <strong>PCS <\/strong>in <strong>maniera diretta<\/strong> mentre viene calcolato il <strong>PCI <\/strong>in <strong>modo indiretto<\/strong>.<\/p>\n","protected":false},"excerpt":{"rendered":"<p>Il potere calorifico \u00e8 la capacit\u00e0 di una massa di sviluppare calore. In particolare, in un contesto chimico fisico, il potere calorifico \u00e8 la quantit\u00e0 di calore che si sviluppa dalla combustione di combustibile fratto l\u2019unit\u00e0 di massa scelta. Questo valore rappresenta proprio il potere&#8230;<\/p>\n","protected":false},"author":1,"featured_media":0,"parent":1042,"menu_order":74,"comment_status":"closed","ping_status":"closed","template":"page-glossario-figlie.php","meta":[],"yoast_head":"<!-- This site is optimized with the Yoast SEO plugin v15.0 - https:\/\/yoast.com\/wordpress\/plugins\/seo\/ -->\n<title>Potere Calorifico - FKV<\/title>\n<meta name=\"description\" content=\"Il potere calorifico \u00e8 la capacit\u00e0 di una massa di sviluppare calore. Rappresenta la reale quantit\u00e0 di energia disponibile durante una combustione.\" \/>\n<meta name=\"robots\" content=\"index, follow, max-snippet:-1, max-image-preview:large, max-video-preview:-1\" \/>\n<link rel=\"canonical\" href=\"https:\/\/fkv.it\/strumentazionedalaboratorio\/glossario\/potere-calorifico\/\" \/>\n<meta property=\"og:locale\" content=\"it_IT\" \/>\n<meta property=\"og:type\" content=\"article\" \/>\n<meta property=\"og:title\" content=\"Potere Calorifico - FKV\" \/>\n<meta property=\"og:description\" content=\"Il potere calorifico \u00e8 la capacit\u00e0 di una massa di sviluppare calore. Rappresenta la reale quantit\u00e0 di energia disponibile durante una combustione.\" \/>\n<meta property=\"og:url\" content=\"https:\/\/fkv.it\/strumentazionedalaboratorio\/glossario\/potere-calorifico\/\" \/>\n<meta property=\"og:site_name\" content=\"FKV\" \/>\n<meta property=\"article:publisher\" content=\"https:\/\/www.facebook.com\/pages\/FKV-SRL\/193967133985052\" \/>\n<meta property=\"article:modified_time\" content=\"2021-12-06T17:16:12+00:00\" \/>\n<meta name=\"twitter:card\" content=\"summary_large_image\" \/>\n<script type=\"application\/ld+json\" class=\"yoast-schema-graph\">{\"@context\":\"https:\/\/schema.org\",\"@graph\":[{\"@type\":\"Organization\",\"@id\":\"https:\/\/fkv.it\/strumentazionedalaboratorio\/#organization\",\"name\":\"FKV - Strumenti per Laboratorio\",\"url\":\"https:\/\/fkv.it\/strumentazionedalaboratorio\/\",\"sameAs\":[\"https:\/\/www.facebook.com\/pages\/FKV-SRL\/193967133985052\",\"https:\/\/www.linkedin.com\/company\/fkv-srl\"],\"logo\":{\"@type\":\"ImageObject\",\"@id\":\"https:\/\/fkv.it\/strumentazionedalaboratorio\/#logo\",\"inLanguage\":\"it-IT\",\"url\":\"https:\/\/fkv.it\/strumentazionedalaboratorio\/wp-content\/uploads\/2019\/09\/logo_FKV.png\",\"width\":150,\"height\":86,\"caption\":\"FKV - Strumenti per Laboratorio\"},\"image\":{\"@id\":\"https:\/\/fkv.it\/strumentazionedalaboratorio\/#logo\"}},{\"@type\":\"WebSite\",\"@id\":\"https:\/\/fkv.it\/strumentazionedalaboratorio\/#website\",\"url\":\"https:\/\/fkv.it\/strumentazionedalaboratorio\/\",\"name\":\"FKV\",\"description\":\"\",\"publisher\":{\"@id\":\"https:\/\/fkv.it\/strumentazionedalaboratorio\/#organization\"},\"potentialAction\":[{\"@type\":\"SearchAction\",\"target\":\"https:\/\/fkv.it\/strumentazionedalaboratorio\/?s={search_term_string}\",\"query-input\":\"required name=search_term_string\"}],\"inLanguage\":\"it-IT\"},{\"@type\":\"WebPage\",\"@id\":\"https:\/\/fkv.it\/strumentazionedalaboratorio\/glossario\/potere-calorifico\/#webpage\",\"url\":\"https:\/\/fkv.it\/strumentazionedalaboratorio\/glossario\/potere-calorifico\/\",\"name\":\"Potere Calorifico - FKV\",\"isPartOf\":{\"@id\":\"https:\/\/fkv.it\/strumentazionedalaboratorio\/#website\"},\"datePublished\":\"2020-08-03T15:16:53+00:00\",\"dateModified\":\"2021-12-06T17:16:12+00:00\",\"description\":\"Il potere calorifico \\u00e8 la capacit\\u00e0 di una massa di sviluppare calore. Rappresenta la reale quantit\\u00e0 di energia disponibile durante una combustione.\",\"inLanguage\":\"it-IT\",\"potentialAction\":[{\"@type\":\"ReadAction\",\"target\":[\"https:\/\/fkv.it\/strumentazionedalaboratorio\/glossario\/potere-calorifico\/\"]}]}]}<\/script>\n<!-- \/ Yoast SEO plugin. -->","_links":{"self":[{"href":"https:\/\/fkv.it\/strumentazionedalaboratorio\/wp-json\/wp\/v2\/pages\/1166"}],"collection":[{"href":"https:\/\/fkv.it\/strumentazionedalaboratorio\/wp-json\/wp\/v2\/pages"}],"about":[{"href":"https:\/\/fkv.it\/strumentazionedalaboratorio\/wp-json\/wp\/v2\/types\/page"}],"author":[{"embeddable":true,"href":"https:\/\/fkv.it\/strumentazionedalaboratorio\/wp-json\/wp\/v2\/users\/1"}],"replies":[{"embeddable":true,"href":"https:\/\/fkv.it\/strumentazionedalaboratorio\/wp-json\/wp\/v2\/comments?post=1166"}],"version-history":[{"count":9,"href":"https:\/\/fkv.it\/strumentazionedalaboratorio\/wp-json\/wp\/v2\/pages\/1166\/revisions"}],"predecessor-version":[{"id":3409,"href":"https:\/\/fkv.it\/strumentazionedalaboratorio\/wp-json\/wp\/v2\/pages\/1166\/revisions\/3409"}],"up":[{"embeddable":true,"href":"https:\/\/fkv.it\/strumentazionedalaboratorio\/wp-json\/wp\/v2\/pages\/1042"}],"wp:attachment":[{"href":"https:\/\/fkv.it\/strumentazionedalaboratorio\/wp-json\/wp\/v2\/media?parent=1166"}],"curies":[{"name":"wp","href":"https:\/\/api.w.org\/{rel}","templated":true}]}}